{"id":240938,"date":"2026-05-04T14:21:43","date_gmt":"2026-05-04T14:21:43","guid":{"rendered":"http:\/\/106.14.7.38\/?page_id=240938"},"modified":"2026-05-04T14:21:43","modified_gmt":"2026-05-04T14:21:43","slug":"efecte-secundare-grave-ale-clomid-generic","status":"publish","type":"page","link":"http:\/\/106.14.7.38\/index.php\/efecte-secundare-grave-ale-clomid-generic\/","title":{"rendered":"Efecte secundare grave ale Clomid Generic"},"content":{"rendered":"<h1>Efecte secundare \u0219i c\u00e2nd s\u0103 opri\u021bi Clomid Generic<\/h1>\n<p>\u00cen\u021belegerea efectelor secundare \u0219i \u00eentreruperea corespunz\u0103toare a Clomid Generic este crucial\u0103 pentru o utilizare sigur\u0103 \u0219i eficient\u0103.<\/p>\n<h2>\u00cen\u021belegerea Clomid Generic \u0219i utiliz\u0103rile sale<\/h2>\n<p>Clomid Generic, cunoscut \u0219tiin\u021bific sub numele de citrat de clomifen, este un medicament utilizat \u00een principal pentru a trata infertilitatea la femei. Prin stimularea ovula\u021biei, ajut\u0103 femeile care au dificult\u0103\u021bi de a concepe din cauza modelelor neregulate de ovula\u021bie. Medicamentul ac\u021bioneaz\u0103 prin blocarea receptorilor de estrogeni din creier, ceea ce duce la o cre\u0219tere a eliber\u0103rii hormonului foliculostimulant (FSH) \u0219i a hormonului luteinizant (LH). Ace\u0219ti hormoni sunt esen\u021biali \u00een declan\u0219area ovarelor s\u0103 elibereze ovule.<\/p>\n<p>\u00cen timp ce utilizarea sa principal\u0103 este la femei, Clomid Generic poate fi uneori prescris b\u0103rba\u021bilor cu probleme de fertilitate. La b\u0103rba\u021bi, poate ajuta la cre\u0219terea nivelului de testosteron \u0219i la \u00eembun\u0103t\u0103\u021birea produc\u021biei de sperm\u0103, de\u0219i eficacitatea sa \u00een acest sens este mai pu\u021bin bine documentat\u0103 dec\u00e2t la pacientele de sex feminin. \u00cen ciuda beneficiilor sale, utilizarea Clomid Generic este adesea \u00eenso\u021bit\u0103 de o serie de efecte secundare, care necesit\u0103 o monitorizare atent\u0103.<\/p>\n<h2>Efecte secundare frecvente ale Clomid Generic<\/h2>\n<p>Efectele secundare frecvente ale Clomid Generic includ bufeurile, balonarea \u0219i sensibilitatea s\u00e2nilor. Aceste simptome sunt \u00een general u\u0219oare \u0219i adesea gestionabile pentru majoritatea pacien\u021bilor. Bufeurile apar deoarece medicamentul afecteaz\u0103 nivelul hormonilor, ceea ce poate influen\u021ba reglarea temperaturii corpului. Balonarea \u0219i sensibilitatea s\u00e2nilor sunt legate \u00een mod similar de modific\u0103rile hormonale \u0219i sunt adesea raportate de utilizatori \u00een timpul tratamentului.<\/p>\n<p>Alte reac\u021bii adverse frecvente includ dureri de cap \u0219i grea\u021b\u0103, care uneori pot interfera cu activit\u0103\u021bile zilnice. Aceste efecte sunt de obicei temporare \u0219i dispar dup\u0103 finalizarea ciclului de tratament. Cu toate acestea, este important ca pacien\u021bii s\u0103 comunice orice simptom persistent sau deranjant furnizorului lor de asisten\u021b\u0103 medical\u0103 pentru a se asigura c\u0103 primesc cea mai bun\u0103 \u00eengrijire posibil\u0103.<\/p>\n<h2>Efecte secundare grave ale Clomid Generic<\/h2>\n<p>\u00cen timp ce majoritatea efectelor secundare ale Clomid Generic sunt u\u0219oare, exist\u0103 unele care pot fi mai grave \u0219i necesit\u0103 asisten\u021b\u0103 medical\u0103 imediat\u0103. Acestea includ dureri abdominale severe, tulbur\u0103ri de vedere \u0219i semne ale sindromului de hiperstimulare ovarian\u0103 (SHSO). Durerea abdominal\u0103 sever\u0103 poate indica o afec\u021biune mai grav\u0103, cum ar fi torsiunea ovarian\u0103, care este o complica\u021bie rar\u0103, dar poten\u021bial grav\u0103.<\/p>\n<p>\u00cen cazuri rare, Clomid Generic poate provoca disfunc\u021bie hepatic\u0103, eviden\u021biat\u0103 prin \u00eeng\u0103lbenirea pielii sau a ochilor \u0219i reac\u021bii alergice severe. Pacien\u021bii care se confrunt\u0103 cu aceste simptome trebuie s\u0103 solicite imediat asisten\u021b\u0103 medical\u0103. \u00cen\u021belegerea diferen\u021bei dintre efectele secundare comune \u0219i cele care necesit\u0103 \u00eengrijire urgent\u0103 este crucial\u0103 pentru oricine ia acest medicament.<\/p>\n<h2>Reac\u021bii alergice la Clomid generic<\/h2>\n<p>Reac\u021biile alergice la Clomid Generic, de\u0219i mai pu\u021bin frecvente, pot ap\u0103rea \u0219i se pot manifesta sub diferite forme. Simptomele pot include erup\u021bie cutanat\u0103, m\u00e2nc\u0103rime, umfl\u0103turi, ame\u021beli severe \u0219i dificult\u0103\u021bi de respira\u021bie. Aceste reac\u021bii indic\u0103 \u00een mod obi\u0219nuit hipersensibilitate la medicament \u0219i pot varia de la u\u0219oare la care pun via\u021ba \u00een pericol ca severitate.<\/p>\n<p>Este vital ca pacien\u021bii s\u0103 fie con\u0219tien\u021bi de aceste poten\u021biale r\u0103spunsuri alergice \u0219i s\u0103 \u00eentrerup\u0103 imediat utilizarea dac\u0103 suspecteaz\u0103 o reac\u021bie alergic\u0103. Consultarea cu un furnizor de asisten\u021b\u0103 medical\u0103 este esen\u021bial\u0103 pentru a determina un curs adecvat de ac\u021biune \u0219i tratamente alternative, dac\u0103 este necesar.<\/p>\n<h2>Clomid generic \u0219i sindromul de hiperstimulare ovarian\u0103<\/h2>\n<p>Sindromul de hiperstimulare ovarian\u0103 (OHSS) este un risc poten\u021bial atunci c\u00e2nd se utilizeaz\u0103 Clomid Generic, \u00een special la femeile care sunt deosebit de sensibile la efectele medicamentului. SHSO apare atunci c\u00e2nd ovarele devin umflate \u0219i dureroase din cauza suprastimul\u0103rii. Simptomele pot include dureri pelvine severe, balonare, grea\u021b\u0103 \u0219i v\u0103rs\u0103turi.<\/p>\n<p>\u00cen cazurile severe, SHSO poate duce la <a href=\"https:\/\/farmaciedirecta.com\/clomid-generic-pret-online-fara-reteta\">https:\/\/farmaciedirecta.com\/clomid-generic-pret-online-fara-reteta<\/a> complica\u021bii cum ar fi acumularea de lichid \u00een abdomen \u0219i piept, cheaguri de s\u00e2nge \u0219i insuficien\u021b\u0103 renal\u0103. Monitorizarea nivelurilor hormonale \u0219i a r\u0103spunsului ovarian \u00een timpul ciclurilor de tratament poate ajuta la atenuarea acestui risc. Pacien\u021bii sunt sf\u0103tui\u021bi s\u0103 raporteze cu promptitudine medicului orice simptome neobi\u0219nuite.<\/p>\n<h2>Efectele secundare psihologice ale Clomid Generic<\/h2>\n<p>Clomid Generic poate influen\u021ba, de asemenea, bun\u0103starea psihologic\u0103, unii pacien\u021bi care se confrunt\u0103 cu schimb\u0103ri de dispozi\u021bie, anxietate \u0219i depresie. Aceste efecte se datoreaz\u0103 probabil modific\u0103rilor hormonale cauzate de medicament, care pot afecta nivelul neurotransmi\u021b\u0103torilor \u0219i reglarea emo\u021bional\u0103.<\/p>\n<p>De\u0219i aceste efecte secundare psihologice sunt \u00een general temporare, ele pot fi sup\u0103r\u0103toare pentru pacien\u021bi. Comunicarea deschis\u0103 cu furnizorii de servicii medicale despre aceste schimb\u0103ri este crucial\u0103 pentru gestionarea eficient\u0103 a s\u0103n\u0103t\u0103\u021bii mintale \u00een timpul tratamentului. \u00cen unele cazuri, consilierea sau grupurile de sprijin pot fi benefice pentru a face fa\u021b\u0103 acestor efecte secundare.<\/p>\n<h2>Clomid generice \u0219i tulbur\u0103ri vizuale<\/h2>\n<p>Tulbur\u0103rile vizuale sunt un efect secundar rar, dar notabil, al Clomid Generic. Unii pacien\u021bi raporteaz\u0103 c\u0103 au v\u0103zut fulgere, vedere \u00eence\u021bo\u0219at\u0103 sau au avut vedere dubl\u0103. Se crede c\u0103 aceste simptome rezult\u0103 din impactul medicamentului asupra sistemului nervos central \u0219i a \u021besuturilor oculare.<\/p>\n<p>Efectele secundare vizuale sunt de obicei tranzitorii; cu toate acestea, dac\u0103 persist\u0103 sau se agraveaz\u0103, pot prezenta riscuri semnificative, \u00een special pentru activit\u0103\u021bi precum conducerea. Pacien\u021bii care se confrunt\u0103 cu aceste simptome trebuie s\u0103 \u00eentrerup\u0103 utilizarea \u0219i s\u0103 solicite o evaluare medical\u0103 pentru a exclude orice afec\u021biune sau complica\u021bie de baz\u0103.<\/p>\n<h2>Impactul Clomid Generic asupra ciclului menstrual<\/h2>\n<p>Clomid Generic poate avea diverse efecte asupra ciclului menstrual, duc\u00e2nd adesea la modific\u0103ri ale lungimii \u0219i fluxului ciclului. Unele femei au cicluri mai scurte, \u00een timp ce altele pot observa s\u00e2nger\u0103ri mai abundente sau mai u\u0219oare. Aceste modific\u0103ri se datoreaz\u0103 \u00een general influen\u021bei medicamentului asupra nivelurilor hormonale \u0219i activit\u0103\u021bii ovariene.<\/p>\n<p>De\u0219i aceste modific\u0103ri sunt de obicei inofensive, ele pot fi \u00eengrijor\u0103toare pentru pacien\u021bii care nu sunt preg\u0103ti\u021bi pentru ele. \u00cen\u021belegerea faptului c\u0103 aceste modific\u0103ri sunt o parte normal\u0103 a tratamentului poate ajuta la atenuarea anxiet\u0103\u021bii. P\u0103strarea unei eviden\u021be detaliate a modific\u0103rilor menstruale poate ajuta, de asemenea, furnizorii de asisten\u021b\u0103 medical\u0103 s\u0103 monitorizeze eficacitatea \u0219i siguran\u021ba tratamentului.<\/p>\n<h2>Utilizarea pe termen lung a Clomid generic: riscuri \u0219i preocup\u0103ri<\/h2>\n<p>Utilizarea pe termen lung a Clomid Generic nu este, \u00een general, recomandat\u0103 din cauza riscurilor poten\u021biale \u0219i a randamentelor \u00een sc\u0103dere. Utilizarea prelungit\u0103 a medicamentului poate cre\u0219te probabilitatea reac\u021biilor adverse \u0219i a complica\u021biilor, cum ar fi formarea chistului ovarian \u0219i sub\u021bierea endometrului, care pot afecta fertilitatea.<\/p>\n<p>Majoritatea furnizorilor de servicii medicale recomand\u0103 limitarea num\u0103rului de cicluri de tratament pentru a reduce riscul de efecte adverse. Dac\u0103 Clomid Generic nu este eficient \u00een c\u00e2teva cicluri, pot fi necesare tratamente alternative sau o evaluare suplimentar\u0103 pentru a determina o strategie adecvat\u0103 de fertilitate.<\/p>\n<h2>C\u00e2nd s\u0103 consulta\u021bi un medic despre efectele secundare generice ale Clomid<\/h2>\n<p>Consultarea unui medic este crucial\u0103 dac\u0103 efectele secundare ale Clomid Generic devin severe sau persistente. Simptome precum durere abdominal\u0103 intens\u0103, modific\u0103ri vizuale semnificative sau suferin\u021b\u0103 psihologic\u0103 necesit\u0103 asisten\u021b\u0103 medical\u0103 imediat\u0103. Acestea pot indica complica\u021bii care necesit\u0103 interven\u021bie prompt\u0103.<\/p>\n<p>Pacien\u021bii trebuie, de asemenea, s\u0103 cear\u0103 sfaturi dac\u0103 \u00eent\u00e2mpin\u0103 modific\u0103ri ale ciclului menstrual care sunt \u00eengrijor\u0103toare sau dac\u0103 suspecteaz\u0103 o reac\u021bie alergic\u0103. Controalele regulate \u00een timpul tratamentului pot ajuta la identificarea \u0219i abordarea precoce a efectelor secundare, asigur\u00e2nd utilizarea sigur\u0103 \u0219i eficient\u0103 a medicamentului.<\/p>\n<h2>Ghid pentru oprirea Clomid Generic \u00een siguran\u021b\u0103<\/h2>\n<p>C\u00e2nd devine necesar s\u0103 \u00eentrerupe\u021bi Clomid Generic, este esen\u021bial s\u0103 urma\u021bi instruc\u021biunile adecvate pentru a asigura o tranzi\u021bie lin\u0103. Pacien\u021bii nu trebuie s\u0103 \u00eenceteze brusc s\u0103 ia medicamentul f\u0103r\u0103 a consulta furnizorul lor de asisten\u021b\u0103 medical\u0103, deoarece acest lucru ar putea exacerba efectele secundare sau dezechilibrele hormonale.<\/p>\n<p>Reducerea treptat\u0103 sub supraveghere medical\u0103 este adesea recomandat\u0103, permi\u021b\u00e2nd organismului s\u0103 ajusteze \u0219i s\u0103 minimizeze simptomele de sevraj. \u00cen plus, discutarea op\u021biunilor alternative de tratament cu un furnizor de asisten\u021b\u0103 medical\u0103 poate ajuta la men\u021binerea obiectivelor de fertilitate, abord\u00e2nd \u00een acela\u0219i timp orice efecte adverse experimentate \u00een timpul tratamentului cu Clomid Generic.<\/p>\n<h2>Monitorizarea \u0219i gestionarea efectelor secundare ale Clomid Generic<\/h2>\n<p>Monitorizarea \u0219i gestionarea eficient\u0103 a efectelor secundare sunt componente vitale ale tratamentului cu Clomid Generic. Urm\u0103ririle regulate cu un furnizor de asisten\u021b\u0103 medical\u0103 pot ajuta la urm\u0103rirea r\u0103spunsului pacientului la medicamente \u0219i la solu\u021bionarea prompt\u0103 a oric\u0103ror probleme. Testele de s\u00e2nge \u0219i ultrasunetele pot fi utilizate pentru a monitoriza nivelurile hormonale \u0219i r\u0103spunsul ovarian.<\/p>\n<p>Pacien\u021bii sunt \u00eencuraja\u021bi s\u0103 \u021bin\u0103 un jurnal detaliat al oric\u0103ror efecte secundare experimentate, not\u00e2nd frecven\u021ba \u0219i severitatea acestora. Aceste informa\u021bii pot fi de nepre\u021buit \u00een adaptarea planului de tratament pentru a minimiza efectele secundare \u0219i a optimiza rezultatele. Managementul proactiv poate \u00eembun\u0103t\u0103\u021bi semnificativ experien\u021ba de tratament \u0219i poate \u00eembun\u0103t\u0103\u021bi satisfac\u021bia general\u0103 a pacientului.<\/p>\n<h2>Alternative la Clomid Generic pentru Tratamentul Fertilit\u0103\u021bii<\/h2>\n<p>Exist\u0103 mai multe alternative la Clomid Generic pentru cei care nu r\u0103spund la medicamente sau care sufer\u0103 de efecte secundare semnificative. Op\u021biuni precum letrozolul, un medicament similar cu Clomid, pot fi luate \u00een considerare pentru inducerea ovula\u021biei cu poten\u021bial mai pu\u021bine efecte secundare. \u00cen plus, gonadotropinele injectabile pot fi folosite pentru a stimula mai direct ovarele.<\/p>\n<p>Pentru unii pacien\u021bi, pot fi recomandate tehnologii de reproducere asistat\u0103, cum ar fi fertilizarea in vitro (FIV). Aceste alternative pot oferi c\u0103i viabile pentru ob\u021binerea sarcinii, mai ales \u00een cazurile \u00een care Clomid Generic se dovede\u0219te ineficient. Alegerea tratamentului trebuie f\u0103cut\u0103 \u00een colaborare \u00eentre pacient \u0219i furnizorul de asisten\u021b\u0103 medical\u0103, lu\u00e2nd \u00een considerare circumstan\u021bele individuale \u0219i obiectivele de fertilitate.<\/p>\n<h2>Experien\u021bele pacien\u021bilor: pove\u0219ti reale despre utilizarea generic\u0103 a Clomid<\/h2>\n<p>Experien\u021bele pacien\u021bilor cu Clomid Generic variaz\u0103 foarte mult, reflect\u00e2nd diversele moduri \u00een care indivizii r\u0103spund la tratament. Unele femei raporteaz\u0103 sarcini reu\u0219ite cu efecte secundare minime, \u00een timp ce altele se confrunt\u0103 cu provoc\u0103ri, cum ar fi schimb\u0103ri de dispozi\u021bie \u0219i disconfort fizic. Aceste pove\u0219ti eviden\u021biaz\u0103 importan\u021ba \u00eengrijirii personalizate \u0219i nevoia de medii de asisten\u021b\u0103 medical\u0103 de sus\u021binere.<\/p>\n<p>\u00cemp\u0103rt\u0103\u0219irea experien\u021belor \u00een grupuri de asisten\u021b\u0103 sau forumuri online poate oferi informa\u021bii valoroase \u0219i sprijin emo\u021bional celor care urmeaz\u0103 un tratament. \u00cen\u021belegerea faptului c\u0103 al\u021bii s-au confruntat cu provoc\u0103ri similare poate oferi lini\u0219tire \u0219i sfaturi practice pentru gestionarea efectelor secundare \u0219i men\u021binerea unei perspective pozitive.<\/p>\n<h2>Direc\u021bii viitoare de cercetare pentru utilizarea generic\u0103 a Clomid<\/h2>\n<p>Cercet\u0103rile viitoare despre Clomid Generic se vor concentra probabil pe \u00eembun\u0103t\u0103\u021birea eficacit\u0103\u021bii sale \u0219i reducerea efectelor secundare. Studiile pot explora factori genetici care influen\u021beaz\u0103 r\u0103spunsurile individuale la medicamente, ceea ce poate duce la abord\u0103ri de tratament mai personalizate. \u00cen plus, cercet\u0103rile privind regimurile alternative de dozare ar putea oferi informa\u021bii despre optimizarea rezultatelor tratamentului.<\/p>\n<p>Dezvoltarea de noi tratamente de fertilitate sau terapii adjuvante care func\u021bioneaz\u0103 sinergic cu Clomid Generic ar putea spori \u0219i mai mult ratele de succes. Pe m\u0103sur\u0103 ce domeniul medicinei reproductive continu\u0103 s\u0103 evolueze, cercet\u0103rile \u00een curs vor fi esen\u021biale pentru perfec\u021bionarea utiliz\u0103rii Clomid Generic \u0219i pentru extinderea op\u021biunilor de tratament pentru fertilitate pentru pacien\u021bii din \u00eentreaga lume.<\/p>\n","protected":false},"excerpt":{"rendered":"<p>Efecte secundare \u0219i c\u00e2nd s\u0103 opri\u021bi Clomid Generic \u00cen\u021belegerea efectelor secundare \u0219i \u00eentreruperea corespunz\u0103toare a Clomid Generic este crucial\u0103 pentru o utilizare sigur\u0103 \u0219i eficient\u0103. \u00cen\u021belegerea Clomid Generic \u0219i utiliz\u0103rile sale Clomid Generic, cunoscut \u0219tiin\u021bific sub numele de citrat de clomifen, este un medicament utilizat \u00een principal pentru a trata infertilitatea la femei. Prin stimularea [&hellip;]<\/p>\n","protected":false},"author":1,"featured_media":0,"parent":0,"menu_order":0,"comment_status":"closed","ping_status":"closed","template":"","meta":{"footnotes":""},"class_list":["post-240938","page","type-page","status-publish","hentry"],"_links":{"self":[{"href":"http:\/\/106.14.7.38\/index.php\/wp-json\/wp\/v2\/pages\/240938","targetHints":{"allow":["GET"]}}],"collection":[{"href":"http:\/\/106.14.7.38\/index.php\/wp-json\/wp\/v2\/pages"}],"about":[{"href":"http:\/\/106.14.7.38\/index.php\/wp-json\/wp\/v2\/types\/page"}],"author":[{"embeddable":true,"href":"http:\/\/106.14.7.38\/index.php\/wp-json\/wp\/v2\/users\/1"}],"replies":[{"embeddable":true,"href":"http:\/\/106.14.7.38\/index.php\/wp-json\/wp\/v2\/comments?post=240938"}],"version-history":[{"count":1,"href":"http:\/\/106.14.7.38\/index.php\/wp-json\/wp\/v2\/pages\/240938\/revisions"}],"predecessor-version":[{"id":240940,"href":"http:\/\/106.14.7.38\/index.php\/wp-json\/wp\/v2\/pages\/240938\/revisions\/240940"}],"wp:attachment":[{"href":"http:\/\/106.14.7.38\/index.php\/wp-json\/wp\/v2\/media?parent=240938"}],"curies":[{"name":"wp","href":"https:\/\/api.w.org\/{rel}","templated":true}]}}