{"id":241057,"date":"2026-05-04T15:34:25","date_gmt":"2026-05-04T15:34:25","guid":{"rendered":"http:\/\/106.14.7.38\/?page_id=241057"},"modified":"2026-05-04T15:34:25","modified_gmt":"2026-05-04T15:34:25","slug":"mituri-comune-despre-orlistat-demontate","status":"publish","type":"page","link":"http:\/\/106.14.7.38\/index.php\/mituri-comune-despre-orlistat-demontate\/","title":{"rendered":"Mituri comune despre Orlistat demontate"},"content":{"rendered":"<h1>Ajutoare pentru pierderea \u00een greutate pe care le vindem: orlistat, GLP-1, diet\u0103 &amp; sfaturi pentru exerci\u021bii: edi\u021bia de distrugere a miturilor<\/h1>\n<p>Acest ghid cuprinz\u0103tor exploreaz\u0103 complexit\u0103\u021bile ajutoarelor pentru pierderea \u00een greutate, cum ar fi orlistat \u0219i GLP-1, dezmin\u021bind miturile comune \u0219i oferind perspective asupra strategiilor eficiente de diet\u0103 \u0219i exerci\u021bii fizice.<\/p>\n<h2>\u00cen\u021belegerea Orlistat: Cum func\u021bioneaz\u0103<\/h2>\n<p>Orlistat, un medicament popular pentru pierderea \u00een greutate, func\u021bioneaz\u0103 prin inhibarea absorb\u021biei gr\u0103similor alimentare \u00een intestine. Prin blocarea enzimei lipazei, orlistatul reduce cantitatea de gr\u0103sime absorbit\u0103 de organism, sc\u0103z\u00e2nd astfel aportul caloric. De obicei, este prescris persoanelor cu un indice de mas\u0103 corporal\u0103 (IMC) de 30 sau mai mare, sau pentru cei cu un IMC de 27 sau peste care au \u0219i probleme de s\u0103n\u0103tate legate de greutate.<\/p>\n<p>C\u00e2nd este utilizat \u00eempreun\u0103 cu o diet\u0103 cu con\u021binut sc\u0103zut de calorii aprobat\u0103 de medic, orlistatul poate ajuta la pierderea semnificativ\u0103 \u00een greutate. Este important de re\u021binut c\u0103 orlistatul nu arde gr\u0103simile; mai degrab\u0103, \u00eempiedic\u0103 absorb\u021bia acestuia. Aceasta \u00eenseamn\u0103 c\u0103 obiceiurile alimentare joac\u0103 un rol critic \u00een eficacitatea orlistatului. Efectele secundare pot include probleme gastro-intestinale, care adesea dispar pe m\u0103sur\u0103 ce organismul se adapteaz\u0103 la medicamente.<\/p>\n<h2>GLP-1: O nou\u0103 er\u0103 \u00een pierderea \u00een greutate<\/h2>\n<p>Agoni\u015ftii receptorului peptidei asem\u0103n\u0103toare glucagonului-1 (GLP-1) reprezint\u0103 o abordare nou\u0103 \u00een arsenalul de sl\u0103bire. Dezvolta\u021bi ini\u021bial pentru tratamentul diabetului de tip 2, GLP-1 au c\u00e2\u0219tigat recunoa\u0219tere pentru eficacitatea lor \u00een promovarea pierderii \u00een greutate. Acestea func\u021bioneaz\u0103 prin imitarea hormonului GLP-1, care cre\u0219te secre\u021bia de insulin\u0103, inhib\u0103 eliberarea glucagonului \u0219i \u00eencetine\u0219te golirea gastric\u0103, ceea ce duce la reducerea apetitului \u0219i a aportului de alimente.<\/p>\n<p>Studiile au ar\u0103tat c\u0103 GLP-1 poate duce la o pierdere substan\u021bial\u0103 \u00een greutate, f\u0103c\u00e2ndu-le o op\u021biune promi\u021b\u0103toare pentru persoanele care se lupt\u0103 cu obezitate. Cu toate acestea, acestea sunt adesea mai scumpe dec\u00e2t medicamentele tradi\u021bionale de sl\u0103bit, ceea ce poate fi o barier\u0103 pentru unii pacien\u021bi. Cu toate acestea, beneficiile poten\u021biale pentru s\u0103n\u0103tate, inclusiv controlul glicemic \u00eembun\u0103t\u0103\u021bit \u0219i rezultatele cardiovasculare, fac din GLP-1 o alegere conving\u0103toare pentru cei eligibili pentru utilizarea lor.<\/p>\n<h2>Mituri comune despre Orlistat demontate<\/h2>\n<p>Un mit r\u0103sp\u00e2ndit despre orlistat este c\u0103 permite persoanelor s\u0103 m\u0103n\u00e2nce orice doresc, f\u0103r\u0103 a se \u00eengra\u0219a. Aceast\u0103 concep\u021bie gre\u0219it\u0103 poate duce la alegeri alimentare slabe \u0219i, \u00een cele din urm\u0103, poate diminua eficacitatea medicamentului. Orlistat este cel mai eficient atunci c\u00e2nd este combinat cu o diet\u0103 echilibrat\u0103, s\u0103rac\u0103 \u00een gr\u0103simi, deoarece aportul excesiv de gr\u0103simi poate duce la efecte secundare nepl\u0103cute.<\/p>\n<p>O alt\u0103 concep\u021bie gre\u0219it\u0103 este c\u0103 orlistatul func\u021bioneaz\u0103 independent de schimb\u0103rile stilului de via\u021b\u0103. \u00cen timp ce orlistatul ajut\u0103 la reducerea absorb\u021biei gr\u0103similor, nu este un substitut pentru un stil de via\u021b\u0103 s\u0103n\u0103tos. Activitatea fizic\u0103 regulat\u0103 \u0219i o diet\u0103 nutritiv\u0103 r\u0103m\u00e2n componente esen\u021biale ale oric\u0103rui plan de sl\u0103bire, chiar \u0219i atunci c\u00e2nd utiliza\u021bi orlistat.<\/p>\n<h2>GLP-1: Separarea faptelor de fic\u021biune<\/h2>\n<p>Unul dintre cele mai comune mituri despre GLP-1 este c\u0103 sunt o solu\u021bie rapid\u0103 pentru pierderea \u00een greutate. De\u0219i pot fi eficiente, nu sunt o solu\u021bie magic\u0103. Sc\u0103derea \u00een greutate cu GLP-1 necesit\u0103 aderarea la un stil de via\u021b\u0103 s\u0103n\u0103tos, inclusiv diet\u0103 \u0219i exerci\u021bii fizice, pentru a sus\u021bine rezultatele \u0219i a men\u021bine s\u0103n\u0103tatea general\u0103.<\/p>\n<p>O alt\u0103 concep\u021bie gre\u0219it\u0103 este c\u0103 GLP-1 sunt potrivite pentru to\u021bi cei care doresc s\u0103 sl\u0103beasc\u0103. \u00cen realitate, aceste medicamente sunt de obicei prescrise persoanelor cu obezitate sau celor cu afec\u021biuni medicale legate de greutate. Este esen\u021bial s\u0103 consulta\u021bi un furnizor de asisten\u021b\u0103 medical\u0103 pentru a determina dac\u0103 GLP-1 sunt o op\u021biune adecvat\u0103 pe baza nevoilor \u0219i obiectivelor individuale de s\u0103n\u0103tate.<\/p>\n<h2>\u0218tiin\u021ba din spatele dietei \u0219i exerci\u021biilor fizice<\/h2>\n<p>Dieta \u0219i exerci\u021biile fizice sunt pietrele de temelie ale managementului greut\u0103\u021bii, sus\u021binute de un corp solid de dovezi \u0219tiin\u021bifice. Un deficit caloric, ob\u021binut prin consumul de mai pu\u021bine calorii dec\u00e2t cheltuie\u0219te organismul, este fundamental pentru pierderea \u00een greutate. Alimentele bogate \u00een nutrien\u021bi, cum ar fi fructele, legumele, cerealele integrale \u0219i proteinele slabe, contribuie la sa\u021bietate \u0219i ofer\u0103 nutrien\u021bi esen\u021biali.<\/p>\n<p>Exerci\u021biile fizice completeaz\u0103 eforturile alimentare prin <a href=\"https:\/\/ingrijireonline.net\/\">https:\/\/ingrijireonline.net\/<\/a> cre\u0219terea consumului de energie \u0219i p\u0103strarea masei corporale slabe. Activitatea fizic\u0103 regulat\u0103 ofer\u0103, de asemenea, numeroase beneficii pentru s\u0103n\u0103tate, dincolo de pierderea \u00een greutate, inclusiv s\u0103n\u0103tatea cardiovascular\u0103 \u00eembun\u0103t\u0103\u021bit\u0103, starea de spirit \u00eembun\u0103t\u0103\u021bit\u0103 \u0219i riscul redus de boli cronice. O combina\u021bie de exerci\u021bii aerobice \u0219i antrenament de for\u021b\u0103 este adesea recomandat\u0103 pentru rezultate optime.<\/p>\n<h2>Mituri despre dieta: Ce trebuie s\u0103 \u0219ti\u021bi<\/h2>\n<p>Un mit persistent despre diet\u0103 este c\u0103 eliminarea complet\u0103 a anumitor grupuri de alimente este necesar\u0103 pentru pierderea \u00een greutate. \u00cen timp ce reducerea aportului de alimente bogate \u00een calorii \u0219i cu con\u021binut sc\u0103zut de nutrien\u021bi este benefic\u0103, dietele restrictive pot duce la deficien\u021be nutri\u021bionale \u0219i sunt adesea nesustenabile pe termen lung. Echilibrul \u0219i modera\u021bia sunt cheia unei alimenta\u021bii s\u0103n\u0103toase.<\/p>\n<p>O alt\u0103 concep\u021bie gre\u0219it\u0103 este c\u0103 pierderea rapid\u0103 \u00een greutate este ideal\u0103. Pierderea rapid\u0103 \u00een greutate nu este adesea durabil\u0103 \u0219i poate duce la pierderea muscular\u0103, deficien\u021be nutri\u021bionale \u0219i \u00eencetinirea metabolismului. Sc\u0103derea treptat\u0103 \u00een greutate, de obicei 1-2 kilograme pe s\u0103pt\u0103m\u00e2n\u0103, este recomandat\u0103 pentru rezultate de durat\u0103 \u0219i rezultate \u00eembun\u0103t\u0103\u021bite pentru s\u0103n\u0103tate.<\/p>\n<h2>Mituri ale exerci\u021biilor fizice care ar putea \u00eempiedica pierderea \u00een greutate<\/h2>\n<p>Un mit comun este c\u0103 numai antrenamentele de mare intensitate duc la pierderea \u00een greutate. \u00cen timp ce antrenamentul cu intervale de mare intensitate (HIIT) poate fi eficient, toate formele de exerci\u021bii contribuie la consumul de calorii. \u00cencorporarea unei variet\u0103\u021bi de activit\u0103\u021bi, inclusiv mersul pe jos, \u00eenotul sau ciclismul, poate spori pl\u0103cerea \u0219i aderarea la un regim de exerci\u021bii fizice.<\/p>\n<p>Un alt mit este c\u0103 doar exerci\u021biile fizice pot duce la o pierdere semnificativ\u0103 \u00een greutate f\u0103r\u0103 modific\u0103ri ale dietei. \u00cen timp ce exerci\u021biile fizice sunt esen\u021biale pentru s\u0103n\u0103tate \u0219i pot ajuta la gestionarea greut\u0103\u021bii, dieta joac\u0103 un rol mai substan\u021bial \u00een crearea deficitului de calorii necesar pentru pierderea \u00een greutate. O abordare echilibrat\u0103 care combin\u0103 ambele elemente este esen\u021bial\u0103 pentru succes.<\/p>\n<h2>Rolul modific\u0103rilor stilului de via\u021b\u0103 \u00een pierderea \u00een greutate<\/h2>\n<p>Pierderea \u00een greutate pe termen lung depinde \u00een mare m\u0103sur\u0103 de schimb\u0103rile durabile ale stilului de via\u021b\u0103, mai degrab\u0103 dec\u00e2t de diete temporare sau de modurile de exerci\u021bii fizice. Modific\u0103rile comportamentale, cum ar fi alimenta\u021bia atent\u0103, controlul por\u021biilor \u0219i gestionarea stresului, sunt componente esen\u021biale ale unei c\u0103l\u0103torii de succes pentru pierderea \u00een greutate.<\/p>\n<p>Dezvoltarea unui mediu de sus\u021binere, fie prin sprijin social, instrumente tehnologice sau \u00eendrumare profesional\u0103, poate spori motiva\u021bia \u0219i responsabilitatea. Schimb\u0103rile stilului de via\u021b\u0103 ar trebui s\u0103 fie treptate \u0219i adaptate preferin\u021belor \u0219i nevoilor individuale pentru a se asigura c\u0103 sunt gestionabile \u0219i eficiente.<\/p>\n<h2>Compararea Orlistat \u0219i GLP-1: care este potrivit pentru dvs?<\/h2>\n<p>Alegerea \u00eentre orlistat \u0219i GLP-1 depinde de diver\u0219i factori, inclusiv starea de s\u0103n\u0103tate, obiectivele de sc\u0103dere \u00een greutate \u0219i preferin\u021bele personale. Orlistat este \u00een general mai accesibil \u0219i mai rentabil, ceea ce \u00eel face o op\u021biune viabil\u0103 pentru multe persoane. Este potrivit \u00een special pentru cei care se pot angaja la o diet\u0103 cu con\u021binut sc\u0103zut de gr\u0103simi.<\/p>\n<p>GLP-1, pe de alt\u0103 parte, ofer\u0103 beneficii suplimentare pentru s\u0103n\u0103tate, \u00een special pentru persoanele cu diabet zaharat de tip 2 sau prediabet. Ele pot fi preferate pentru cei cu o cantitate semnificativ\u0103 de greutate de pierdut sau pentru cei care nu au v\u0103zut rezultate de la alte metode de sl\u0103bire. Consultarea unui furnizor de servicii medicale este esen\u021bial\u0103 pentru a determina cel mai potrivit tratament.<\/p>\n<h2>Importan\u021ba \u00eendrum\u0103rii profesionale \u00een pierderea \u00een greutate<\/h2>\n<p>\u00cendrumarea profesional\u0103 este de nepre\u021buit \u00een procesul de sl\u0103bire, oferind sfaturi \u0219i suport personalizat. Dieteticienii, nutri\u021bioni\u0219tii \u0219i furnizorii de servicii medicale pot ajuta la crearea unor planuri personalizate care iau \u00een considerare istoricul medical, stilul de via\u021b\u0103 \u0219i obiectivele individuale, facilit\u00e2nd o pierdere \u00een greutate mai sigur\u0103 \u0219i mai eficient\u0103.<\/p>\n<p>\u00cen plus, sprijinul profesional poate ajuta la identificarea poten\u021bialelor efecte secundare ale medicamentelor de sl\u0103bire \u0219i poate oferi strategii pentru a dep\u0103\u0219i provoc\u0103rile. \u00cenregistr\u0103rile regulate \u0219i ajust\u0103rile la planul de sl\u0103bire pot promova aderarea \u0219i succesul pe termen lung.<\/p>\n<h2>Integrarea ajutoarelor pentru pierderea \u00een greutate \u00een rutina dvs<\/h2>\n<p>Integrarea cu succes a ajutoarelor pentru pierderea \u00een greutate \u00eentr-o rutin\u0103 zilnic\u0103 necesit\u0103 planificare \u0219i consecven\u021b\u0103. Stabilirea de obiective realiste \u0219i urm\u0103rirea progresului poate spori motiva\u021bia \u0219i responsabilitatea. De asemenea, este important s\u0103 fii atent la obiceiurile alimentare \u0219i s\u0103 \u00eencorporezi o activitate fizic\u0103 regulat\u0103 pentru a completa efectele ajutoarelor pentru sl\u0103bire.<\/p>\n<p>Stabilirea unei rutine care s\u0103 includ\u0103 administrarea de medicamente la aceea\u0219i or\u0103 \u00een fiecare zi poate ajuta la asigurarea ader\u0103rii. \u00cen plus, con\u0219tientizarea poten\u021bialelor efecte secundare \u0219i a modului de gestionare a acestora poate \u00eembun\u0103t\u0103\u021bi experien\u021ba general\u0103 \u0219i cre\u0219te probabilitatea de a ob\u021bine rezultatele dorite.<\/p>\n<h2>Aspectul psihologic al miturilor de pierdere \u00een greutate<\/h2>\n<p>Miturile pierderii \u00een greutate provin adesea din factori psihologici, cum ar fi presiunile societ\u0103\u021bii \u0219i a\u0219tept\u0103rile nerealiste. Aceste mituri pot crea un sentiment de e\u0219ec \u0219i frustrare, duc\u00e2nd la un ciclu de diet\u0103 \u0219i rec\u0103p\u0103tare \u00een greutate. \u00cen\u021belegerea impactului psihologic al acestor mituri este crucial\u0103 pentru a \u00eentrerupe acest ciclu.<\/p>\n<p>Abordarea problemelor emo\u021bionale \u0219i psihologice subiacente, cum ar fi preocup\u0103rile legate de imaginea corpului sau alimenta\u021bia emo\u021bional\u0103, poate facilita rela\u021bii mai s\u0103n\u0103toase cu alimentele \u0219i greutatea corporal\u0103. C\u0103utarea sprijinului de la profesioni\u0219tii din domeniul s\u0103n\u0103t\u0103\u021bii mintale poate fi benefic\u0103 pentru a dep\u0103\u0219i aceste provoc\u0103ri \u0219i pentru a stimula o mentalitate pozitiv\u0103 fa\u021b\u0103 de pierderea \u00een greutate.<\/p>\n<h2>Strategii de management al greut\u0103\u021bii pe termen lung<\/h2>\n<p>Sus\u021binerea pierderii \u00een greutate necesit\u0103 implementarea unor strategii de management pe termen lung. Dezvoltarea obiceiurilor s\u0103n\u0103toase, cum ar fi planificarea obi\u0219nuit\u0103 a meselor, alimenta\u021bia atent\u0103 \u0219i activitatea fizic\u0103 consecvent\u0103, formeaz\u0103 baza pentru men\u021binerea pierderii \u00een greutate. De asemenea, este esen\u021bial s\u0103 se stabileasc\u0103 obiective realiste \u0219i realizabile pentru a men\u021bine motiva\u021bia \u00een timp.<\/p>\n<p>Monitorizarea regulat\u0103 a greut\u0103\u021bii \u0219i a obiceiurilor de stil de via\u021b\u0103 poate ajuta la identificarea poten\u021bialelor zone de \u00eembun\u0103t\u0103\u021bire \u0219i la prevenirea rec\u0103p\u0103t\u0103rii \u00een greutate. Flexibilitatea \u0219i adaptabilitatea \u00een fa\u021ba circumstan\u021belor \u00een schimbare sunt esen\u021biale pentru a ne asigura c\u0103 strategiile de management al greut\u0103\u021bii r\u0103m\u00e2n eficiente \u0219i durabile.<\/p>\n<h2>Pove\u0219ti de succes din via\u021ba real\u0103: \u00eenl\u0103turarea miturilor legate de pierderea \u00een greutate<\/h2>\n<p>Pove\u0219tile de succes din via\u021ba real\u0103 pot fi instrumente puternice pentru a spulbera miturile privind pierderea \u00een greutate \u0219i pentru a oferi inspira\u021bie. Aceste pove\u0219ti eviden\u021biaz\u0103 adesea importan\u021ba perseveren\u021bei, a angajamentului \u0219i a adopt\u0103rii unor schimb\u0103ri \u00een stilul de via\u021b\u0103 s\u0103n\u0103tos. De asemenea, ei demonstreaz\u0103 c\u0103 pierderea \u00een greutate este o c\u0103l\u0103torie unic\u0103, cu strategii diferite care func\u021bioneaz\u0103 pentru diferi\u021bi indivizi.<\/p>\n<p>A auzi de la cei care au navigat cu succes \u00een pierderea \u00een greutate poate oferi informa\u021bii valoroase \u0219i \u00eei poate motiva pe al\u021bii s\u0103-\u0219i urmeze obiectivele. Aceste pove\u0219ti ne amintesc c\u0103 dep\u0103\u0219irea provoc\u0103rilor legate de pierderea \u00een greutate este posibil\u0103 cu mentalitatea, sprijinul \u0219i abordarea potrivite.<\/p>\n<h2>Tendin\u021be viitoare \u00een ajutoare \u0219i tratamente pentru pierderea \u00een greutate<\/h2>\n<p>Viitorul ajutoarelor \u0219i tratamentelor pentru pierderea \u00een greutate este promi\u021b\u0103tor, cu cercetarea \u0219i dezvoltarea continu\u0103 care duce la solu\u021bii noi \u0219i inovatoare. Progresele \u00een medicina personalizat\u0103, conduse de cercetarea genetic\u0103 \u0219i metabolic\u0103, de\u021bin poten\u021bialul pentru interven\u021bii de sl\u0103bire mai adaptate \u0219i mai eficiente.<\/p>\n<p>Tehnologiile emergente, cum ar fi instrumentele digitale de s\u0103n\u0103tate \u0219i dispozitivele portabile, joac\u0103, de asemenea, un rol \u00een gestionarea greut\u0103\u021bii prin \u00eembun\u0103t\u0103\u021birea automonitoriz\u0103rii \u0219i oferirea de feedback \u00een timp real. Pe m\u0103sur\u0103 ce domeniul continu\u0103 s\u0103 evolueze, o abordare multidisciplinar\u0103 care \u00eencorporeaz\u0103 \u0219tiin\u021be medicale, nutri\u021bionale \u0219i comportamentale va fi esen\u021bial\u0103 \u00een abordarea naturii complexe a obezit\u0103\u021bii \u0219i a gestion\u0103rii greut\u0103\u021bii.<\/p>\n","protected":false},"excerpt":{"rendered":"<p>Ajutoare pentru pierderea \u00een greutate pe care le vindem: orlistat, GLP-1, diet\u0103 &amp; sfaturi pentru exerci\u021bii: edi\u021bia de distrugere a miturilor Acest ghid cuprinz\u0103tor exploreaz\u0103 complexit\u0103\u021bile ajutoarelor pentru pierderea \u00een greutate, cum ar fi orlistat \u0219i GLP-1, dezmin\u021bind miturile comune \u0219i oferind perspective asupra strategiilor eficiente de diet\u0103 \u0219i exerci\u021bii fizice. \u00cen\u021belegerea Orlistat: Cum func\u021bioneaz\u0103 [&hellip;]<\/p>\n","protected":false},"author":1,"featured_media":0,"parent":0,"menu_order":0,"comment_status":"closed","ping_status":"closed","template":"","meta":{"footnotes":""},"class_list":["post-241057","page","type-page","status-publish","hentry"],"_links":{"self":[{"href":"http:\/\/106.14.7.38\/index.php\/wp-json\/wp\/v2\/pages\/241057","targetHints":{"allow":["GET"]}}],"collection":[{"href":"http:\/\/106.14.7.38\/index.php\/wp-json\/wp\/v2\/pages"}],"about":[{"href":"http:\/\/106.14.7.38\/index.php\/wp-json\/wp\/v2\/types\/page"}],"author":[{"embeddable":true,"href":"http:\/\/106.14.7.38\/index.php\/wp-json\/wp\/v2\/users\/1"}],"replies":[{"embeddable":true,"href":"http:\/\/106.14.7.38\/index.php\/wp-json\/wp\/v2\/comments?post=241057"}],"version-history":[{"count":1,"href":"http:\/\/106.14.7.38\/index.php\/wp-json\/wp\/v2\/pages\/241057\/revisions"}],"predecessor-version":[{"id":241058,"href":"http:\/\/106.14.7.38\/index.php\/wp-json\/wp\/v2\/pages\/241057\/revisions\/241058"}],"wp:attachment":[{"href":"http:\/\/106.14.7.38\/index.php\/wp-json\/wp\/v2\/media?parent=241057"}],"curies":[{"name":"wp","href":"https:\/\/api.w.org\/{rel}","templated":true}]}}