{"id":241081,"date":"2026-05-04T15:58:19","date_gmt":"2026-05-04T15:58:19","guid":{"rendered":"http:\/\/106.14.7.38\/?page_id=241081"},"modified":"2026-05-04T15:58:19","modified_gmt":"2026-05-04T15:58:19","slug":"ozbiljne-nuspojave-na-koje-treba-pripaziti","status":"publish","type":"page","link":"http:\/\/106.14.7.38\/index.php\/ozbiljne-nuspojave-na-koje-treba-pripaziti\/","title":{"rendered":"Ozbiljne nuspojave na koje treba pripaziti"},"content":{"rendered":"<h1>Sigurnost i nuspojave Cialisa Professional<\/h1>\n<p>Ovaj \u010dlanak govori o sigurnosnom profilu, nuspojavama i smjernicama za upotrebu Cialisa Professional za one koji ga razmatraju kao lijek za erektilnu disfunkciju.<\/p>\n<h2>Razumijevanje Cialisa Professional: Pregled<\/h2>\n<p>Cialis Professional je napredna formulacija nadaleko poznatog lijeka za erektilnu disfunkciju Cialisa. Osmi\u0161ljen je da ponudi sna\u017eniji u\u010dinak, pru\u017eaju\u0107i pojedincima pobolj\u0161ane rezultate. Kao i njegov prethodnik, Cialis Professional djeluje tako da pove\u0107ava dotok krvi u penis, \u010dime se olak\u0161ava erekcija u prisutnosti seksualne stimulacije. Me\u0111utim, formuliran je da djeluje br\u017ee i s potencijalno dugotrajnijim u\u010dincima.<\/p>\n<p>Razvijen za one koji mo\u017eda nisu adekvatno odgovorili na druge tretmane, Cialis Professional nudi odr\u017eivu alternativu za mnoge. Neophodno je da korisnici razumiju njegove prednosti i potencijalne rizike jer ovaj lijek mo\u017ee imati zna\u010dajne u\u010dinke na zdravlje i na\u010din \u017eivota.<\/p>\n<h2>Uobi\u010dajene nuspojave Cialisa Professional<\/h2>\n<p>Iako mnogi pojedinci koriste Cialis Professional bez zna\u010dajnih problema, neki mogu do\u017eivjeti uobi\u010dajene nuspojave. To obi\u010dno uklju\u010duje glavobolje, crvenilo, za\u010depljenost nosa ili probavne smetnje. Ovi simptomi su obi\u010dno blagi i imaju tendenciju da se smanjuju kako se tijelo prilago\u0111ava na lijekove.<\/p>\n<p>Tako\u0111er je vrijedno napomenuti da neki korisnici izvje\u0161tavaju o bolovima u le\u0111ima i mi\u0161i\u0107ima. Ove nuspojave op\u0107enito se mogu kontrolirati uz pomo\u0107 lijekova za ubla\u017eavanje bolova bez recepta i odmora. Me\u0111utim, ako takvi simptomi potraju, savjetuje se konzultirati zdravstvenog djelatnika za daljnje savjete.<\/p>\n<h2>Ozbiljne nuspojave na koje treba pripaziti<\/h2>\n<p>Iako rijetko, Cialis Professional mo\u017ee izazvati ozbiljne nuspojave koje zahtijevaju hitnu lije\u010dni\u010dku pomo\u0107. To uklju\u010duje iznenadni gubitak vida, \u0161to mo\u017ee biti znak stanja koje se zove nearterijska prednja ishemijska opti\u010dka neuropatija ili NAION. Osim toga, neki mogu do\u017eivjeti iznenadni gubitak sluha ili zujanje u u\u0161ima.<\/p>\n<p>Druga kriti\u010dna nuspojava na koju treba obratiti pozornost je prijapizam, dugotrajna i bolna erekcija koja traje vi\u0161e od \u010detiri sata. Ovo stanje zahtijeva hitnu medicinsku intervenciju kako bi se sprije\u010dilo dugotrajno o\u0161te\u0107enje. Korisnici tako\u0111er trebaju biti svjesni mogu\u0107ih kardiovaskularnih u\u010dinaka, osobito ako ve\u0107 imaju sr\u010dana oboljenja.<\/p>\n<h2>Sigurnosne smjernice za profesionalnu uporabu Cialisa<\/h2>\n<p>Kako bi se osigurala sigurna uporaba Cialis Professionala, klju\u010dno je slijediti propisane smjernice. Korisnici bi se trebali strogo pridr\u017eavati doziranja koje je preporu\u010dio njihov lije\u010dnik. Uzimanje ve\u0107e koli\u010dine od preporu\u010dene mo\u017ee pove\u0107ati rizik od nuspojava bez pove\u0107anja terapeutske koristi.<\/p>\n<p>Osim toga, va\u017eno je biti svjestan vremena uzimanja doze. Cialis Professional treba uzeti prije o\u010dekivane spolne aktivnosti, ali ne vi\u0161e od jednom u 24 sata. To poma\u017ee u optimizaciji njegove u\u010dinkovitosti uz smanjenje mogu\u0107ih rizika.<\/p>\n<h2>Tko bi trebao izbjegavati Cialis Professional?<\/h2>\n<p>Odre\u0111eni pojedinci trebali bi izbjegavati kori\u0161tenje Cialisa Professional zbog mogu\u0107ih zdravstvenih rizika. To uklju\u010duje one s te\u0161kim sr\u010danim oboljenjima, poput nedavnih sr\u010danih udara ili nekontroliranih aritmija. Osim toga, osobe s niskim krvnim tlakom ili one koje koriste nitrate trebaju se suzdr\u017eati od kori\u0161tenja ovog lijeka.<\/p>\n<p>Nadalje, osobe s povije\u0161\u0107u mo\u017edanog udara ili <a href=\"https:\/\/ljekarnaonline.com\/cialis-professional-online-bez-recepta\">https:\/\/ljekarnaonline.com\/cialis-professional-online-bez-recepta<\/a> zna\u010dajnog gubitka vida trebaju se posavjetovati sa svojim lije\u010dnikom prije nego \u0161to razmotre Cialis Professional. Tako\u0111er je kontraindiciran za one koji su alergi\u010dni na tadalafil, aktivni sastojak lijeka.<\/p>\n<h2>Interakcije izme\u0111u Cialisa Professional i drugih lijekova<\/h2>\n<p>Cialis Professional mo\u017ee stupiti u interakciju s razli\u010ditim lijekovima, potencijalno mijenjaju\u0107i njegovu u\u010dinkovitost ili pove\u0107avaju\u0107i rizik od nuspojava. Treba napomenuti da se ne smije uzimati zajedno s nitratima, koji se \u010desto propisuju za bolove u prsima, jer ova kombinacija mo\u017ee dovesti do opasnog pada krvnog tlaka.<\/p>\n<p>Ostali lijekovi koji mogu djelovati s Cialisom Professional uklju\u010duju odre\u0111ene antihipertenzive i alfa-blokatore. Osim toga, korisnici bi trebali otkriti sve dodatke prehrani bez recepta ili biljne proizvode koje uzimaju jer oni tako\u0111er mogu utjecati na u\u010dinkovitost lijeka.<\/p>\n<h2>Dugotrajna uporaba Cialis Professionala: Sigurnosna pitanja<\/h2>\n<p>Dugotrajna uporaba Cialis Professionala op\u0107enito se smatra sigurnom za mnoge pojedince, pod uvjetom da se uzima kako je propisano. Me\u0111utim, preporu\u010duje se kontinuirano pra\u0107enje od strane pru\u017eatelja zdravstvenih usluga kako bi se osiguralo da je lijek i dalje prikladan i u\u010dinkovit.<\/p>\n<p>Potencijalni problemi s produljenom uporabom uklju\u010duju rizik od razvoja tolerancije, \u0161to zna\u010di da bi lijek s vremenom mogao postati manje u\u010dinkovit. Osim toga, korisnici bi trebali biti oprezni zbog novih ili pogor\u0161anja nuspojava i odmah ih prijaviti svom lije\u010dniku.<\/p>\n<h2>Upravljanje nuspojavama Cialisa Professional<\/h2>\n<p>U\u010dinkovito upravljanje nuspojavama mo\u017ee pobolj\u0161ati cjelokupno iskustvo kori\u0161tenja Cialisa Professional. Za manje nuspojave mogu pomo\u0107i prilagodbe na\u010dina \u017eivota kao \u0161to je zadr\u017eavanje vode i izbjegavanje alkohola. Lijekovi za ubla\u017eavanje bolova koji se izdaju bez recepta mogu se koristiti za ubla\u017eavanje bilo koje blage nelagode.<\/p>\n<p>Za dugotrajnije ili te\u017ee nuspojave klju\u010dno je konzultirati se s lije\u010dnikom. Mogu predlo\u017eiti prilagodbu doze ili poku\u0161aj alternativnog lije\u010denja. Odr\u017eavanje otvorene komunikacije s pru\u017eateljima zdravstvenih usluga osigurava da se sve komplikacije rje\u0161avaju brzo i u\u010dinkovito.<\/p>\n<h2>Cialis Professional i alkohol: \u0161to trebate znati<\/h2>\n<p>Dok se umjerena konzumacija alkohola op\u0107enito smatra sigurnom kada se koristi Cialis Professional, prekomjerno pijenje mo\u017ee pove\u0107ati vjerojatnost pojave nuspojava kao \u0161to su vrtoglavica i glavobolja. Alkohol tako\u0111er mo\u017ee oslabiti sposobnost postizanja erekcije, poni\u0161tavaju\u0107i dobrobiti lijeka.<\/p>\n<p>Kako bi smanjili rizike, korisnici bi trebali ograni\u010diti unos alkohola i voditi ra\u010duna o tome kako njihovo tijelo reagira na kombinaciju alkohola i Cialisa Professional. Ovaj pristup poma\u017ee u odr\u017eavanju u\u010dinkovitosti lijeka i smanjuje rizik od nuspojava.<\/p>\n<h2>Alergijske reakcije na Cialis Professional<\/h2>\n<p>Iako neuobi\u010dajene, mogu se pojaviti alergijske reakcije na Cialis Professional. Simptomi mogu uklju\u010divati \u200b\u200bosip, svrbe\u017e, oticanje, jaku vrtoglavicu ili pote\u0161ko\u0107e s disanjem. Ove reakcije zahtijevaju hitnu lije\u010dni\u010dku pomo\u0107 i prekid uzimanja lijeka.<\/p>\n<p>Prije po\u010detka uzimanja Cialisa Professional, pojedinci bi trebali razgovarati o svim poznatim alergijama sa svojim lije\u010dnikom. To uklju\u010duje alergije na tadalafil ili bilo koju drugu komponentu lijeka, osiguravaju\u0107i da je rizik od alergijskih reakcija sveden na minimum.<\/p>\n<h2>Cialis Professional: Doziranje i sigurnost primjene<\/h2>\n<p>Sigurna primjena lijeka Cialis Professional klju\u010dna je za maksimiziranje njegovih koristi i smanjenje rizika. Standardna po\u010detna doza obi\u010dno je 20 mg, uzeta najmanje 30 minuta prije seksualne aktivnosti. Me\u0111utim, to\u010dna doza mo\u017ee varirati ovisno o individualnom zdravstvenom stanju i odgovoru na lijek.<\/p>\n<p>Korisnici ne smiju prilago\u0111avati svoje doze bez savjetovanja s lije\u010dnikom. Uzimanje ve\u0107e doze od preporu\u010dene mo\u017ee pove\u0107ati rizik od te\u0161kih nuspojava, dok premala doza mo\u017ee rezultirati neadekvatnim terapijskim u\u010dincima.<\/p>\n<h2>Pratite svoje zdravlje dok koristite Cialis Professional<\/h2>\n<p>Redovito pra\u0107enje zdravstvenog stanja sastavni je dio sigurne uporabe Cialisa Professional. Rutinski pregledi kod lije\u010dnika mogu pomo\u0107i u pra\u0107enju u\u010dinkovitosti lijeka i mogu\u0107ih nuspojava. Ovi sastanci prilika su za raspravu o svim nedoumicama i potrebne prilagodbe plana lije\u010denja.<\/p>\n<p>Pacijenti bi trebali biti proaktivni u prijavljivanju bilo kakvih neobi\u010dnih simptoma ili promjena u svom zdravstvenom statusu. Ovaj oprez poma\u017ee osigurati da se problemi identificiraju i rije\u0161e prije nego \u0161to postanu ozbiljni problemi.<\/p>\n<h2>Uloga pru\u017eatelja zdravstvenih usluga u profesionalnoj sigurnosti Cialisa<\/h2>\n<p>Pru\u017eatelji zdravstvenih usluga igraju klju\u010dnu ulogu u osiguravanju sigurne upotrebe Cialis Professionala. Oni su odgovorni za procjenu prikladnosti lijeka za svakog pojedinca, uzimaju\u0107i u obzir njihovu povijest bolesti i sve druge lijekove koje mo\u017eda koriste.<\/p>\n<p>Pru\u017eatelji tako\u0111er educiraju pacijente o mogu\u0107im nuspojavama i interakcijama, osiguravaju\u0107i da su dobro informirani o svom lije\u010denju. Odr\u017eavanjem otvorene komunikacije pru\u017eatelji zdravstvenih usluga mogu odmah rije\u0161iti sve probleme koji se pojave tijekom lije\u010denja.<\/p>\n<h2>Svjedo\u010danstva pacijenata o profesionalnoj uporabi Cialisa<\/h2>\n<p>Svjedo\u010danstva pacijenata pru\u017eaju vrijedan uvid u stvarnu upotrebu Cialisa Professional. Mnogi korisnici izvje\u0161\u0107uju o zna\u010dajnim pobolj\u0161anjima u svojoj sposobnosti postizanja i odr\u017eavanja erekcije, \u0161to dovodi do pove\u0107anog seksualnog zadovoljstva i samopouzdanja.<\/p>\n<p>Me\u0111utim, neki su pojedinci izrazili zabrinutost zbog nuspojava kao \u0161to su glavobolja ili vrtoglavica, isti\u010du\u0107i va\u017enost balansiranja koristi i potencijalnih rizika. Ova svjedo\u010danstva nagla\u0161avaju potrebu za personaliziranim medicinskim savjetom i pomnim razmatranjem individualnih potreba i odgovora na lije\u010denje.<\/p>\n<h2>Usporedba Cialisa Professional s drugim lijekovima za erektilnu disfunkciju<\/h2>\n<p>Cialis Professional se \u010desto uspore\u0111uje s drugim lijekovima za erektilnu disfunkciju, kao \u0161to su Viagra i Levitra. Svaki od ovih tretmana ima svoje prednosti i nedostatke, zbog \u010dega je bitno da korisnici odaberu opciju koja najbolje odgovara njihovim potrebama.<\/p>\n<p>Dok Viagra i Levitra djeluju br\u017ee, Cialis Professional je poznat po duljem djelovanju, koje traje do 36 sati. Ovaj pro\u0161ireni prozor mo\u017ee ponuditi ve\u0107u spontanost. Me\u0111utim, individualni odgovori variraju, a neki bi mogli preferirati br\u017ei po\u010detak uzimanja drugih lijekova. U kona\u010dnici, izbor bi trebao biti vo\u0111en osobnim preferencijama, medicinskom povije\u0161\u0107u i savjetima pru\u017eatelja zdravstvenih usluga.<\/p>\n","protected":false},"excerpt":{"rendered":"<p>Sigurnost i nuspojave Cialisa Professional Ovaj \u010dlanak govori o sigurnosnom profilu, nuspojavama i smjernicama za upotrebu Cialisa Professional za one koji ga razmatraju kao lijek za erektilnu disfunkciju. Razumijevanje Cialisa Professional: Pregled Cialis Professional je napredna formulacija nadaleko poznatog lijeka za erektilnu disfunkciju Cialisa. Osmi\u0161ljen je da ponudi sna\u017eniji u\u010dinak, pru\u017eaju\u0107i pojedincima pobolj\u0161ane rezultate. Kao [&hellip;]<\/p>\n","protected":false},"author":1,"featured_media":0,"parent":0,"menu_order":0,"comment_status":"closed","ping_status":"closed","template":"","meta":{"footnotes":""},"class_list":["post-241081","page","type-page","status-publish","hentry"],"_links":{"self":[{"href":"http:\/\/106.14.7.38\/index.php\/wp-json\/wp\/v2\/pages\/241081","targetHints":{"allow":["GET"]}}],"collection":[{"href":"http:\/\/106.14.7.38\/index.php\/wp-json\/wp\/v2\/pages"}],"about":[{"href":"http:\/\/106.14.7.38\/index.php\/wp-json\/wp\/v2\/types\/page"}],"author":[{"embeddable":true,"href":"http:\/\/106.14.7.38\/index.php\/wp-json\/wp\/v2\/users\/1"}],"replies":[{"embeddable":true,"href":"http:\/\/106.14.7.38\/index.php\/wp-json\/wp\/v2\/comments?post=241081"}],"version-history":[{"count":1,"href":"http:\/\/106.14.7.38\/index.php\/wp-json\/wp\/v2\/pages\/241081\/revisions"}],"predecessor-version":[{"id":241082,"href":"http:\/\/106.14.7.38\/index.php\/wp-json\/wp\/v2\/pages\/241081\/revisions\/241082"}],"wp:attachment":[{"href":"http:\/\/106.14.7.38\/index.php\/wp-json\/wp\/v2\/media?parent=241081"}],"curies":[{"name":"wp","href":"https:\/\/api.w.org\/{rel}","templated":true}]}}