{"id":241167,"date":"2026-05-04T17:05:35","date_gmt":"2026-05-04T17:05:35","guid":{"rendered":"http:\/\/106.14.7.38\/?page_id=241167"},"modified":"2026-05-04T17:05:35","modified_gmt":"2026-05-04T17:05:35","slug":"wie-bactrim-generic-im-korper-wirkt","status":"publish","type":"page","link":"http:\/\/106.14.7.38\/index.php\/wie-bactrim-generic-im-korper-wirkt\/","title":{"rendered":"Wie Bactrim Generic im K\u00f6rper wirkt"},"content":{"rendered":"<h1>Vergleich von Bactrim Generic mit anderen Medikamenten<\/h1>\n<p>Erkundung der verschiedenen Aspekte von Bactrim Generic im Vergleich zu anderen Medikamenten, um seine Wirksamkeit, Verwendung und \u00dcberlegungen bei der medizinischen Behandlung zu verstehen.<\/p>\n<h2>\u00dcbersicht \u00fcber Bactrim Generic<\/h2>\n<p>Bactrim Generic, eine Kombination aus Sulfamethoxazol und Trimethoprim, ist ein weit verbreitetes Antibiotikum, das zur Arzneimittelklasse der Sulfonamide geh\u00f6rt. Es wird zur Behandlung verschiedener bakterieller Infektionen eingesetzt, indem es das Wachstum und die Vermehrung von Bakterien hemmt. Im Gegensatz zu Markenmedikamenten bieten generische Versionen wie Bactrim Generic die gleichen therapeutischen Vorteile zu einem g\u00fcnstigeren Preis, wodurch sie einem breiteren Patientenkreis zug\u00e4nglich gemacht werden.<\/p>\n<p>Die Zulassung von Generika durch Aufsichtsbeh\u00f6rden wie die FDA stellt sicher, dass diese Medikamente denselben Qualit\u00e4ts-, Sicherheits- und Wirksamkeitsstandards entsprechen wie ihre Markenpr\u00e4parate. Diese Sicherheit erm\u00f6glicht es Gesundheitsdienstleistern, generische Versionen mit der Gewissheit zu verschreiben, dass sie bei der Behandlung von Erkrankungen, auf die die Markenversionen abzielen, wirksam und zuverl\u00e4ssig sind.<\/p>\n<h2>H\u00e4ufige Verwendungen von Bactrim Generic<\/h2>\n<p>Bactrim Generic wird f\u00fcr zahlreiche bakterielle Infektionen verschrieben, darunter Harnwegsinfektionen (HWI), Atemwegsinfektionen und Magen-Darm-Infektionen. Seine F\u00e4higkeit, ein breites Spektrum an Bakterien zu bek\u00e4mpfen, macht es zu einer vielseitigen Wahl bei der Behandlung von Erkrankungen, die in der Bev\u00f6lkerung h\u00e4ufig und weit verbreitet sind.<\/p>\n<p>Eine weitere bemerkenswerte Anwendung von Bactrim Generic ist seine Rolle bei der Behandlung von Hautinfektionen und bestimmten Arten von Lungenentz\u00fcndung, insbesondere bei Patienten mit geschw\u00e4chtem Immunsystem, wie beispielsweise solchen mit HIV\/AIDS. Sein breites Wirkungsspektrum macht es zu einem wertvollen Mittel zur Bek\u00e4mpfung von Infektionen, die sonst m\u00f6glicherweise schwer zu behandeln w\u00e4ren.<\/p>\n<h2>Wie Bactrim Generic im K\u00f6rper wirkt<\/h2>\n<p>Der Wirkungsmechanismus von Bactrim Generic beinhaltet die Hemmung der bakteriellen Synthese von Dihydrofols\u00e4ure durch Konkurrenz mit para-Aminobenzoes\u00e4ure (PABA). Sulfamethoxazol verhindert die Bildung von Dihydrofols\u00e4ure, w\u00e4hrend Trimethoprim das Enzym Dihydrofolatreduktase hemmt, das f\u00fcr die Umwandlung von Dihydrofols\u00e4ure in Tetrahydrofols\u00e4ure verantwortlich ist.<\/p>\n<p>Diese doppelte Wirkung stoppt effektiv das Bakterienwachstum und macht es bakteriostatisch. Bactrim Generic greift die F\u00e4higkeit der Bakterien an, essentielle Folate zu produzieren, die f\u00fcr die DNA-Synthese ben\u00f6tigt werden, und sorgt so daf\u00fcr, dass die Infektion kontrolliert wird, sodass das k\u00f6rpereigene Immunsystem die geschw\u00e4chten Bakterien effektiver eliminieren kann.<\/p>\n<h2>Generisches Bactrim vs. Markenname Bactrim<\/h2>\n<p>W\u00e4hrend Bactrim Generic und das Markenprodukt Bactrim die gleichen Wirkstoffe enthalten und auf die gleiche Weise wirken, entscheiden sich Patienten aufgrund der geringeren Kosten oft f\u00fcr die generische Version. Das Wirksamkeits- und Sicherheitsprofil beider Versionen ist identisch, wie es die beh\u00f6rdlichen Standards vorschreiben.<\/p>\n<p>Kostenunterschiede ergeben sich aus den Marken-, Marketing- und Forschungskosten, die mit der Entwicklung des Originalarzneimittels verbunden sind. Generika, die nach Ablauf des Patents entwickelt werden, profitieren von geringeren Entwicklungskosten, die an die Verbraucher weitergegeben werden. Daher ist die Wahl von Bactrim Generic oft eine finanziell umsichtige Entscheidung, ohne Kompromisse bei der Behandlungsqualit\u00e4t einzugehen.<\/p>\n<h2>Vergleich von Bactrim Generic mit Amoxicillin<\/h2>\n<p>Beim Vergleich von Bactrim Generic mit Amoxicillin ist es wichtig, deren unterschiedliche Mechanismen und Wirkungsspektrum hervorzuheben. Amoxicillin, ein Antibiotikum vom Penicillin-Typ, wird h\u00e4ufig zur Behandlung von Infektionen wie Ohrenentz\u00fcndungen, Halsentz\u00fcndungen und anderen durch empfindliche Bakterien verursachten Erkrankungen eingesetzt.<\/p>\n<p>Allerdings bietet Bactrim Generic ein breiteres <a href=\"https:\/\/klarapotheke.de\/kaufen-bactrim-generika-online-ohne-rezept\">https:\/\/klarapotheke.de\/kaufen-bactrim-generika-online-ohne-rezept<\/a> Wirkungsspektrum gegen verschiedene Bakterienst\u00e4mme, insbesondere solche, die gegen Penicilline resistent sind. Obwohl beide wirksam sind, h\u00e4ngt die Wahl zwischen ihnen von den spezifischen Bakterien ab, die die Infektion verursachen, und von der Krankengeschichte des Patienten, einschlie\u00dflich bekannter Allergien gegen Penicillin.<\/p>\n<h2>Generisches Bactrim vs. Ciprofloxacin: Wirksamkeit und Verwendung<\/h2>\n<p>Ciprofloxacin, ein Fluorchinolon-Antibiotikum, ist eine weitere Alternative, die oft mit Bactrim Generic verglichen wird. Ciprofloxacin ist wirksam gegen eine Vielzahl bakterieller Infektionen, einschlie\u00dflich solcher, die die Harnwege, die Atemwege und die Haut betreffen.<\/p>\n<p>Obwohl beide Antibiotika wirksam sind, wird Bactrim Generic h\u00e4ufig bei bestimmten Infektionen bevorzugt, beispielsweise bei solchen, die durch Methicillin-resistenten Staphylococcus aureus (MRSA) verursacht werden, bei denen Ciprofloxacin m\u00f6glicherweise nicht so wirksam ist. Die Wahl zwischen diesen Medikamenten h\u00e4ngt typischerweise von der Art der Infektion und den beim Patienten beobachteten bakteriellen Resistenzmustern ab.<\/p>\n<h2>Nebenwirkungen von Bactrim Generika und Alternativen<\/h2>\n<p>Wie viele Antibiotika kann Bactrim Generic Nebenwirkungen haben, wird aber im Allgemeinen gut vertragen. Zu den h\u00e4ufigen Nebenwirkungen z\u00e4hlen \u00dcbelkeit, Erbrechen und Hautausschl\u00e4ge. In seltenen F\u00e4llen k\u00f6nnen schwerwiegendere Nebenwirkungen wie das Stevens-Johnson-Syndrom, eine schwere Hautreaktion, auftreten.<\/p>\n<p>Auch Alternativen wie Amoxicillin und Ciprofloxacin haben ihre Nebenwirkungsprofile. Amoxicillin kann Magen-Darm-St\u00f6rungen und allergische Reaktionen hervorrufen, w\u00e4hrend Ciprofloxacin insbesondere bei \u00e4lteren Erwachsenen zu Sehnenentz\u00fcndungen oder sogar Sehnenrupturen f\u00fchren kann. Patienten und Gesundheitsdienstleister m\u00fcssen diese potenziellen Risiken bei der Auswahl eines Antibiotikums abw\u00e4gen.<\/p>\n<h2>Bactrim-Generika und Arzneimittelwechselwirkungen<\/h2>\n<p>Bactrim Generic kann mit verschiedenen Medikamenten interagieren, was seine Wirksamkeit verst\u00e4rken oder verringern oder das Risiko von Nebenwirkungen erh\u00f6hen kann. Insbesondere kann es mit Antikoagulanzien wie Warfarin interagieren und das Blutungsrisiko erh\u00f6hen. Daher ist es f\u00fcr Gesundheitsdienstleister von entscheidender Bedeutung, die Medikamentenliste eines Patienten zu \u00fcberpr\u00fcfen, bevor er Bactrim Generic verschreibt.<\/p>\n<p>Zu den weiteren Wechselwirkungen geh\u00f6ren solche mit Diuretika, die das Risiko einer Hyperkali\u00e4mie erh\u00f6hen k\u00f6nnen, einer Erkrankung, die durch einen erh\u00f6hten Kaliumspiegel im Blut gekennzeichnet ist. Patienten, die Diuretika einnehmen, sollten bei der Einnahme von Bactrim Generic engmaschig \u00fcberwacht werden, um Komplikationen vorzubeugen.<\/p>\n<h2>Kostenvergleich: Bactrim Generic vs. Andere Antibiotika<\/h2>\n<p>Bei der Wahl eines Antibiotikums sind die Kosten oft ein wichtiger Faktor, insbesondere bei Langzeitbehandlungen oder in L\u00e4ndern, in denen die Kosten f\u00fcr die Gesundheitsversorgung vom Patienten getragen werden. Bactrim Generic ist als Generikum in der Regel g\u00fcnstiger als Markenantibiotika und bietet eine kosteng\u00fcnstige L\u00f6sung zur Behandlung bakterieller Infektionen.<\/p>\n<p>Im Vergleich zu anderen Antibiotika wie Amoxicillin oder Ciprofloxacin erweist sich Bactrim Generic oft als die wirtschaftlichere Wahl, insbesondere in Regionen mit hohen Verschreibungskosten. Diese Erschwinglichkeit macht es einer breiteren Bev\u00f6lkerungsgruppe zug\u00e4nglich und stellt sicher, dass mehr Patienten ihre verschriebenen Kurse absolvieren k\u00f6nnen, wodurch das Risiko einer Antibiotikaresistenz verringert wird.<\/p>\n<h2>Patientenerfahrungen mit Bactrim Generic<\/h2>\n<p>Die Erfahrungen der Patienten mit Bactrim Generic variieren und h\u00e4ngen gr\u00f6\u00dftenteils vom Gesundheitszustand des Einzelnen und der spezifischen zu behandelnden Infektion ab. Viele Patienten berichten von positiven Ergebnissen, insbesondere bei der Behandlung von Harnwegsinfektionen und Hauterkrankungen, aufgrund der Wirksamkeit des Medikaments.<\/p>\n<p>Allerdings kommt es wie bei jedem Medikament bei manchen Patienten zu Nebenwirkungen oder allergischen Reaktionen. Gesundheitsdienstleister mindern diese Risiken oft, indem sie gr\u00fcndliche Untersuchungen der Patientengeschichte durchf\u00fchren und Anleitungen zur fr\u00fchzeitigen Erkennung von Nebenwirkungen geben. Insgesamt ist die Patientenzufriedenheit aufgrund der Wirksamkeit und Erschwinglichkeit des Arzneimittels tendenziell hoch.<\/p>\n<h2>Bactrim-Generikum zur Behandlung von Harnwegsinfektionen<\/h2>\n<p>Bactrim Generic ist oft eine Erstbehandlung bei unkomplizierten Harnwegsinfektionen (HWI), da es die h\u00e4ufigen Bakterien, die f\u00fcr diese Infektionen verantwortlich sind, wie z. B. Escherichia coli, wirksam abt\u00f6tet. Aufgrund seiner F\u00e4higkeit, in das Harngewebe einzudringen und therapeutische Konzentrationen im Urin aufrechtzuerhalten, ist es f\u00fcr diesen Zweck besonders geeignet.<\/p>\n<p>Die Behandlungsschemata sind in der Regel kurz und dauern drei bis sieben Tage, was zur Verbesserung der Patientencompliance beitr\u00e4gt. Trotz seiner Wirksamkeit erfordern steigende Resistenzraten in einigen Regionen sorgf\u00e4ltige \u00dcberlegungen und m\u00f6gliche Empfindlichkeitstests vor der Verschreibung von Bactrim Generic gegen Harnwegsinfekte.<\/p>\n<h2>Bedenken hinsichtlich Generika und Resistenz bei Bactrim<\/h2>\n<p>Antibiotikaresistenzen stellen weltweit ein wachsendes Problem dar, und Bactrim Generic ist vor diesem Problem nicht immun. Der \u00fcberm\u00e4\u00dfige Gebrauch und Missbrauch von Antibiotika hat zu einer erh\u00f6hten Resistenz gef\u00fchrt und die Wirksamkeit des Arzneimittels gegen bestimmte Bakterienst\u00e4mme verringert. Diese Resistenz erfordert eine vorsichtige Verschreibungspraxis und die Einhaltung der Behandlungsrichtlinien, um die Wirksamkeit des Arzneimittels zu erhalten.<\/p>\n<p>Gesundheitsdienstleister werden aufgefordert, bei der Verschreibung von Bactrim Generic lokale Resistenzmuster zu ber\u00fccksichtigen und Patienten \u00fcber die Wichtigkeit des Abschlusses von Behandlungszyklen aufzukl\u00e4ren. Dieser Ansatz tr\u00e4gt dazu bei, die Entwicklung resistenter Bakterienst\u00e4mme zu minimieren und verl\u00e4ngert den Nutzen von Bactrim Generic in der klinischen Praxis.<\/p>\n<h2>\u00dcberlegungen zur Verschreibung von Bactrim Generic<\/h2>\n<p>Bei der Verschreibung von Bactrim Generic m\u00fcssen Gesundheitsdienstleister mehrere Faktoren ber\u00fccksichtigen, darunter die Allergiegeschichte des Patienten, aktuelle Medikamente und die spezifische bakterielle Infektion, die behandelt wird. Es ist auch wichtig, m\u00f6gliche Arzneimittelwechselwirkungen zu beurteilen, die die Wirksamkeit der Behandlung beeintr\u00e4chtigen oder neue Risiken mit sich bringen k\u00f6nnten.<\/p>\n<p>Dar\u00fcber hinaus m\u00fcssen verschreibende \u00c4rzte angesichts der Bedenken hinsichtlich der Antibiotikaresistenz sicherstellen, dass Bactrim Generic tats\u00e4chlich die am besten geeignete Wahl f\u00fcr die jeweilige Infektion ist. Dies kann eine Empfindlichkeitspr\u00fcfung oder die Erw\u00e4gung alternativer Behandlungen umfassen, wenn eine Resistenz vermutet wird.<\/p>\n<h2>Generisches Bactrim vs. Doxycyclin: Verschiedene Anwendungen<\/h2>\n<p>Bactrim Generic und Doxycyclin werden beide zur Behandlung verschiedener Infektionen eingesetzt, ihre Anwendungen k\u00f6nnen sich jedoch erheblich unterscheiden. Doxycyclin, ein Tetracyclin-Antibiotikum, wird h\u00e4ufig bei Erkrankungen wie Akne, Lyme-Borreliose und bestimmten Atemwegsinfektionen eingesetzt.<\/p>\n<p>Im Gegensatz dazu wird Bactrim Generic typischerweise bei Harnwegsinfekten und Hautinfektionen bevorzugt, wo sein Doppelwirkungsmechanismus besonders effektiv ist. Die Wahl zwischen diesen Medikamenten h\u00e4ngt von der spezifischen Infektion, der Krankengeschichte des Patienten und den bakteriellen Resistenzmustern ab, was die Bedeutung personalisierter Behandlungspl\u00e4ne unterstreicht.<\/p>\n<h2>Zuk\u00fcnftige Perspektiven f\u00fcr die Verwendung von Bactrim-Generika<\/h2>\n<p>Die Zukunft von Bactrim Generic liegt in seiner anhaltenden Wirksamkeit und der F\u00e4higkeit der Gesundheitssysteme, Resistenzraten wirksam zu kontrollieren. Mit fortschreitender Forschung ergeben sich m\u00f6glicherweise M\u00f6glichkeiten, die Formulierung des Arzneimittels zu verbessern oder es mit anderen Behandlungen zu kombinieren, um sein Anwendungsspektrum zu erweitern.<\/p>\n<p>Bem\u00fchungen, sowohl Gesundheitsdienstleister als auch Patienten \u00fcber den verantwortungsvollen Einsatz von Antibiotika aufzukl\u00e4ren, werden von entscheidender Bedeutung sein, um den Platz von Bactrim Generic im therapeutischen Arsenal zu behaupten. Die kontinuierliche \u00dcberwachung von Resistenzmustern und Investitionen in neue Antibiotikaforschung werden ebenfalls eine Schl\u00fcsselrolle dabei spielen, sicherzustellen, dass Bactrim Generic auch in den kommenden Jahren eine praktikable Option zur Behandlung bakterieller Infektionen bleibt.<\/p>\n","protected":false},"excerpt":{"rendered":"<p>Vergleich von Bactrim Generic mit anderen Medikamenten Erkundung der verschiedenen Aspekte von Bactrim Generic im Vergleich zu anderen Medikamenten, um seine Wirksamkeit, Verwendung und \u00dcberlegungen bei der medizinischen Behandlung zu verstehen. \u00dcbersicht \u00fcber Bactrim Generic Bactrim Generic, eine Kombination aus Sulfamethoxazol und Trimethoprim, ist ein weit verbreitetes Antibiotikum, das zur Arzneimittelklasse der Sulfonamide geh\u00f6rt. Es [&hellip;]<\/p>\n","protected":false},"author":1,"featured_media":0,"parent":0,"menu_order":0,"comment_status":"closed","ping_status":"closed","template":"","meta":{"footnotes":""},"class_list":["post-241167","page","type-page","status-publish","hentry"],"_links":{"self":[{"href":"http:\/\/106.14.7.38\/index.php\/wp-json\/wp\/v2\/pages\/241167","targetHints":{"allow":["GET"]}}],"collection":[{"href":"http:\/\/106.14.7.38\/index.php\/wp-json\/wp\/v2\/pages"}],"about":[{"href":"http:\/\/106.14.7.38\/index.php\/wp-json\/wp\/v2\/types\/page"}],"author":[{"embeddable":true,"href":"http:\/\/106.14.7.38\/index.php\/wp-json\/wp\/v2\/users\/1"}],"replies":[{"embeddable":true,"href":"http:\/\/106.14.7.38\/index.php\/wp-json\/wp\/v2\/comments?post=241167"}],"version-history":[{"count":1,"href":"http:\/\/106.14.7.38\/index.php\/wp-json\/wp\/v2\/pages\/241167\/revisions"}],"predecessor-version":[{"id":241168,"href":"http:\/\/106.14.7.38\/index.php\/wp-json\/wp\/v2\/pages\/241167\/revisions\/241168"}],"wp:attachment":[{"href":"http:\/\/106.14.7.38\/index.php\/wp-json\/wp\/v2\/media?parent=241167"}],"curies":[{"name":"wp","href":"https:\/\/api.w.org\/{rel}","templated":true}]}}