{"id":90346,"date":"2026-03-22T23:33:58","date_gmt":"2026-03-22T23:33:58","guid":{"rendered":"http:\/\/106.14.7.38\/?page_id=90346"},"modified":"2026-03-22T23:33:58","modified_gmt":"2026-03-22T23:33:58","slug":"att-forsta-tadacip-en-oversikt","status":"publish","type":"page","link":"http:\/\/106.14.7.38\/index.php\/att-forsta-tadacip-en-oversikt\/","title":{"rendered":"Att f\u00f6rst\u00e5 Tadacip: En \u00f6versikt"},"content":{"rendered":"","protected":false},"excerpt":{"rendered":"","protected":false},"author":1,"featured_media":0,"parent":0,"menu_order":0,"comment_status":"closed","ping_status":"closed","template":"","meta":{"footnotes":""},"class_list":["post-90346","page","type-page","status-publish","hentry"],"_links":{"self":[{"href":"http:\/\/106.14.7.38\/index.php\/wp-json\/wp\/v2\/pages\/90346","targetHints":{"allow":["GET"]}}],"collection":[{"href":"http:\/\/106.14.7.38\/index.php\/wp-json\/wp\/v2\/pages"}],"about":[{"href":"http:\/\/106.14.7.38\/index.php\/wp-json\/wp\/v2\/types\/page"}],"author":[{"embeddable":true,"href":"http:\/\/106.14.7.38\/index.php\/wp-json\/wp\/v2\/users\/1"}],"replies":[{"embeddable":true,"href":"http:\/\/106.14.7.38\/index.php\/wp-json\/wp\/v2\/comments?post=90346"}],"version-history":[{"count":1,"href":"http:\/\/106.14.7.38\/index.php\/wp-json\/wp\/v2\/pages\/90346\/revisions"}],"predecessor-version":[{"id":90347,"href":"http:\/\/106.14.7.38\/index.php\/wp-json\/wp\/v2\/pages\/90346\/revisions\/90347"}],"wp:attachment":[{"href":"http:\/\/106.14.7.38\/index.php\/wp-json\/wp\/v2\/media?parent=90346"}],"curies":[{"name":"wp","href":"https:\/\/api.w.org\/{rel}","templated":true}]}}