{"id":92628,"date":"2026-03-23T16:58:43","date_gmt":"2026-03-23T16:58:43","guid":{"rendered":"http:\/\/106.14.7.38\/?page_id=92628"},"modified":"2026-03-23T16:58:43","modified_gmt":"2026-03-23T16:58:43","slug":"postoji-li-dostupna-genericka-verzija-xarelta","status":"publish","type":"page","link":"http:\/\/106.14.7.38\/index.php\/postoji-li-dostupna-genericka-verzija-xarelta\/","title":{"rendered":"Postoji li dostupna generi\u010dka verzija Xarelta?"},"content":{"rendered":"<h1>Xarelto Generic FAQ: 10 naj\u010de\u0161\u0107ih pitanja s odgovorima<\/h1>\n<p>Ovaj se \u010dlanak bavi naj\u010de\u0161\u0107im pitanjima o Xareltu i njegovoj generi\u010dkoj verziji, pru\u017eaju\u0107i detaljan uvid u njegovu upotrebu, u\u010dinke i usporedbe s drugim antikoagulansima.<\/p>\n<h2>\u0160to je Xarelto i njegova generi\u010dka verzija?<\/h2>\n<p>Xarelto je lijek na recept koji se prvenstveno koristi kao antikoagulans koji poma\u017ee u sprje\u010davanju stvaranja opasnih krvnih ugru\u0161aka. Obi\u010dno se propisuje pacijentima s fibrilacijom atrija, dubokom venskom trombozom (DVT) ili onima koji su bili podvrgnuti odre\u0111enim kirur\u0161kim zahvatima koji pove\u0107avaju rizik od zgru\u0161avanja. Aktivni sastojak lijeka Xarelto je rivaroksaban, koji pripada skupini lijekova poznatih kao izravni oralni antikoagulansi (DOAC).<\/p>\n<p>Iako je sam Xarelto robna marka, generi\u010dka verzija se naziva rivaroksaban. Generi\u010dka formulacija ima isti profil u\u010dinkovitosti i sigurnosti kao i robna marka lijeka, budu\u0107i da oba sadr\u017ee identi\u010dan aktivni spoj. Generi\u010dke verzije \u010desto pru\u017eaju isplativiju opciju za pacijente, \u010dime se osigurava \u0161ira dostupnost potrebnog lije\u010denja.<\/p>\n<h2>Kako Xarelto djeluje kao razrje\u0111iva\u010d krvi?<\/h2>\n<p>Xarelto djeluje tako da inhibira faktor Xa, esencijalni protein u procesu zgru\u0161avanja krvi. Usmjeravaju\u0107i ovaj specifi\u010dni protein, Xarelto remeti kaskadu doga\u0111aja potrebnih za stvaranje krvnog ugru\u0161ka. Ovaj mehanizam poma\u017ee smanjiti vjerojatnost mo\u017edanog udara u bolesnika s fibrilacijom atrija, kao i sprije\u010diti ponovnu pojavu DVT-a ili plu\u0107ne embolije.<\/p>\n<p>Djelovanje Xarelta kao razrje\u0111iva\u010da krvi \u010dini ga klju\u010dnim lijekom za one koji su izlo\u017eeni riziku od zgru\u0161avanja. Za razliku od tradicionalnih antikoagulansa kao \u0161to je varfarin, Xarelto ne zahtijeva redovitu kontrolu krvi, nude\u0107i prikladniji re\u017eim lije\u010denja za mnoge pacijente.<\/p>\n<h2>Postoji li dostupna generi\u010dka verzija Xarelta?<\/h2>\n<p>Da, dostupna je generi\u010dka verzija Xarelta, poznata kao rivaroksaban. Dostupnost generi\u010dke opcije omogu\u0107uje zdravstvenim sustavima da u\u010dinkovitije upravljaju tro\u0161kovima, a istovremeno pacijentima osiguravaju pristup potrebnim lijekovima. Generi\u010dku verziju proizvode razli\u010dite farmaceutske tvrtke i podlije\u017ee istim rigoroznim standardima kao i robna marka lijekova.<\/p>\n<p>Uvo\u0111enje generi\u010dke verzije \u010desto rezultira ni\u017eim cijenama zbog pove\u0107ane tr\u017ei\u0161ne konkurencije. Pacijenti koji razmi\u0161ljaju o prelasku na generi\u010dku verziju trebali bi se posavjetovati sa svojim lije\u010dnikom kako bi bili sigurni da je prikladna za njihovo specifi\u010dno stanje i plan lije\u010denja.<\/p>\n<h2>Koje su uobi\u010dajene nuspojave Xarelta?<\/h2>\n<p>Kao i mnogi drugi lijekovi, Xarelto dolazi <a href=\"https:\/\/digitalnaapoteka.org\/xarelto-genericki-trosak-bez-recepta\">Xarelto Generi\u010dki 20mg Online<\/a> s nizom mogu\u0107ih nuspojava. Naj\u010de\u0161\u0107e uklju\u010duju komplikacije krvarenja, kao \u0161to su krvarenje iz nosa, krvarenje desni ili poja\u010dan menstrualni protok. Neki pacijenti tako\u0111er mogu do\u017eivjeti gastrointestinalne probleme, poput mu\u010dnine, proljeva ili bolova u trbuhu. U nekim slu\u010dajevima zabilje\u017eeni su vrtoglavica i umor.<\/p>\n<p>Iako su ozbiljne nuspojave rje\u0111e, mogu uklju\u010divati \u200b\u200bozbiljno krvarenje, alergijske reakcije ili disfunkciju jetre. Neophodno je da pacijenti budu svjesni ovih mogu\u0107nosti i da odmah potra\u017ee lije\u010dni\u010dku pomo\u0107 ako osjete simptome kao \u0161to su neuobi\u010dajeno krvarenje, jaka glavobolja ili \u017eutilo ko\u017ee ili o\u010diju.<\/p>\n<h2>Kako uzimati Xarelto za najbolje rezultate?<\/h2>\n<p>Xarelto se obi\u010dno propisuje kao oralna tableta jednom dnevno, sa ili bez hrane, ovisno o specifi\u010dnom stanju koje se lije\u010di. Bolesnicima s fibrilacijom atrija op\u0107enito se preporu\u010duje uzimanje Xarelta uz ve\u010dernji obrok kako bi se pobolj\u0161ala apsorpcija i osigurale postojane razine u krvi. Pridr\u017eavanje propisanog re\u017eima je klju\u010dno za u\u010dinkovitost lijeka.<\/p>\n<p>Pacijenti bi se trebali strogo pridr\u017eavati uputa svog lije\u010dnika i ne bi trebali mijenjati dozu bez savjetovanja s medicinskim stru\u010dnjakom. Preskakanje doza ili nagli prekid uzimanja lijeka mo\u017ee pove\u0107ati rizik od zgru\u0161avanja. Ako je doza propu\u0161tena, treba je uzeti \u010dim se sjetite, osim ako je skoro vrijeme za sljede\u0107u dozu, u kojem slu\u010daju propu\u0161tenu dozu treba presko\u010diti.<\/p>\n<h2>Mo\u017ee li Xarelto stupiti u interakciju s drugim lijekovima?<\/h2>\n<p>Xarelto mo\u017ee stupiti u interakciju s nizom drugih lijekova, \u0161to mo\u017ee poja\u010dati ili umanjiti njegov antikoagulantni u\u010dinak. Lijekovi koji inhibiraju odre\u0111ene enzime u jetri, poput ketokonazola ili ritonavira, mogu povisiti razine lijeka Xarelto, pove\u0107avaju\u0107i rizik od krvarenja. Nasuprot tome, lijekovi poput rifampina ili fenitoina mogu smanjiti njegovu razinu u krvi, smanjuju\u0107i njegovu u\u010dinkovitost.<\/p>\n<p>Od vitalne je va\u017enosti da pacijenti obavijeste svog lije\u010dnika o svim lijekovima koje uzimaju, uklju\u010duju\u0107i lijekove bez recepta i dodatke prehrani. To osigurava da se potencijalne interakcije identificiraju i upravljaju na odgovaraju\u0107i na\u010din, smanjuju\u0107i rizik od \u0161tetnih u\u010dinaka ili ugro\u017eene u\u010dinkovitosti lije\u010denja.<\/p>\n<h2>Koja su ograni\u010denja u prehrani tijekom uzimanja Xarelta?<\/h2>\n<p>Za razliku od nekih starijih antikoagulansa, Xarelto ne zahtijeva stroga ograni\u010denja u prehrani. Pacijenti op\u0107enito ne moraju izbjegavati odre\u0111enu hranu ili odr\u017eavati dosljedan unos vitamina K, koji mo\u017ee stupiti u interakciju s drugim razrje\u0111iva\u010dima krvi. Ova fleksibilnost \u010dini Xarelto prikladnijim izborom za mnoge pojedince.<\/p>\n<p>Me\u0111utim, pacijenti bi trebali odr\u017eavati uravnote\u017eenu prehranu i izbjegavati pretjeranu konzumaciju alkohola, jer mo\u017ee pove\u0107ati rizik od krvarenja. Odr\u017eavanje hidratacije i prehrana bogata vo\u0107em, povr\u0107em i cjelovitim \u017eitaricama mogu podr\u017eati cjelokupno zdravlje i pomo\u0107i u ubla\u017eavanju nekih potencijalnih nuspojava lijekova.<\/p>\n<h2>Kakav je Xarelto u usporedbi s drugim antikoagulansima?<\/h2>\n<p>Xarelto se \u010desto uspore\u0111uje s drugim antikoagulansima poput varfarina, dabigatrana i apiksabana. Jedna od primarnih prednosti Xarelta u odnosu na varfarin je nedostatak potrebe za redovitim pra\u0107enjem INR-a i manje ograni\u010denja u prehrani. To mo\u017ee pobolj\u0161ati kvalitetu \u017eivota i pridr\u017eavanje lije\u010denja kod mnogih pacijenata.<\/p>\n<p>U usporedbi s drugim DOAC-ima, kao \u0161to su dabigatran ili apixaban, Xarelto nudi sli\u010dne profile u\u010dinkovitosti i sigurnosti. Izbor izme\u0111u ovih lijekova \u010desto ovisi o \u010dimbenicima specifi\u010dnim za pacijenta, kao \u0161to su funkcija bubrega, potencijalne interakcije lijekova i individualne preferencije bolesnika.<\/p>\n<h2>\u0160to trebate u\u010diniti ako propustite dozu Xarelta?<\/h2>\n<p>Ako bolesnik propusti dozu lijeka Xarelto, va\u017eno je uzeti je \u010dim se toga sjeti istog dana. Ako je skoro vrijeme za sljede\u0107u planiranu dozu, propu\u0161tenu dozu treba presko\u010diti i bolesnik treba nastaviti s uobi\u010dajenim rasporedom doziranja. Ne preporu\u010duje se udvostru\u010denje doza kako bi se nadoknadila propu\u0161tena jer to mo\u017ee pove\u0107ati rizik od krvarenja.<\/p>\n<p>Odr\u017eavanje dosljedne rutine i postavljanje podsjetnika mo\u017ee pomo\u0107i pacijentima da se pridr\u017eavaju rasporeda uzimanja lijekova. Pacijenti bi se trebali posavjetovati sa svojim lije\u010dnikom ako \u010desto propu\u0161taju doze, jer to mo\u017ee zahtijevati reviziju njihovog plana lije\u010denja ili dodatne strategije podr\u0161ke.<\/p>\n<h2>Postoje li posebne mjere opreza za korisnike Xarelta?<\/h2>\n<p>Korisnici Xarelta trebali bi poduzeti nekoliko mjera opreza kako bi osigurali sigurno i u\u010dinkovito lije\u010denje. Klju\u010dno je obavijestiti sve pru\u017eatelje zdravstvene skrbi, uklju\u010duju\u0107i stomatologe, o primjeni lijeka Xarelto jer to utje\u010de na kirur\u0161ke zahvate i druge tretmane. Prije podvrgavanja bilo kakvom kirur\u0161kom zahvatu, Xarelto \u0107e mo\u017eda trebati privremeno prekinuti uz lije\u010dni\u010dki nadzor.<\/p>\n<p>Bolesnici trebaju biti oprezni zbog znakova neuobi\u010dajenog krvarenja ili modrica i odmah ih prijaviti svom lije\u010dniku. Redoviti kontrolni pregledi klju\u010dni su za pra\u0107enje u\u010dinkovitosti lije\u010denja i uvo\u0111enje svih potrebnih prilagodbi. Trudnice ili dojilje trebale bi razgovarati o mogu\u0107im rizicima sa svojim lije\u010dnikom jer se Xarelto mo\u017eda ne\u0107e preporu\u010diti.<\/p>\n<h2>Gdje mogu prona\u0107i vi\u0161e informacija o Xareltu?<\/h2>\n<p>Za detaljnije informacije o Xareltu, pacijenti se mogu obratiti svom lije\u010dniku ili ljekarniku, koji mo\u017ee ponuditi uvid i odgovoriti na sva specifi\u010dna pitanja u vezi s lijekom. Uputa s informacijama za pacijenta koja se isporu\u010duje uz lijek tako\u0111er je vrijedan izvor koji opisuje va\u017ene smjernice za sigurnost i uporabu.<\/p>\n<p>Ugledni internetski izvori, poput slu\u017ebene web stranice proizvo\u0111a\u010da lijekova ili zdravstvenih organizacija, mogu pru\u017eiti daljnji uvid u Xarelto. Ti izvori \u010desto uklju\u010duju sveobuhvatne informacije o mehanizmu djelovanja lijeka, nuspojavama i iskustvima pacijenata. Uvijek osigurajte da su informacije dobivene iz vjerodostojnih izvora kako biste izbjegli dezinformacije.<\/p>\n","protected":false},"excerpt":{"rendered":"<p>Xarelto Generic FAQ: 10 naj\u010de\u0161\u0107ih pitanja s odgovorima Ovaj se \u010dlanak bavi naj\u010de\u0161\u0107im pitanjima o Xareltu i njegovoj generi\u010dkoj verziji, pru\u017eaju\u0107i detaljan uvid u njegovu upotrebu, u\u010dinke i usporedbe s drugim antikoagulansima. \u0160to je Xarelto i njegova generi\u010dka verzija? Xarelto je lijek na recept koji se prvenstveno koristi kao antikoagulans koji poma\u017ee u sprje\u010davanju stvaranja [&hellip;]<\/p>\n","protected":false},"author":1,"featured_media":0,"parent":0,"menu_order":0,"comment_status":"closed","ping_status":"closed","template":"","meta":{"footnotes":""},"class_list":["post-92628","page","type-page","status-publish","hentry"],"_links":{"self":[{"href":"http:\/\/106.14.7.38\/index.php\/wp-json\/wp\/v2\/pages\/92628","targetHints":{"allow":["GET"]}}],"collection":[{"href":"http:\/\/106.14.7.38\/index.php\/wp-json\/wp\/v2\/pages"}],"about":[{"href":"http:\/\/106.14.7.38\/index.php\/wp-json\/wp\/v2\/types\/page"}],"author":[{"embeddable":true,"href":"http:\/\/106.14.7.38\/index.php\/wp-json\/wp\/v2\/users\/1"}],"replies":[{"embeddable":true,"href":"http:\/\/106.14.7.38\/index.php\/wp-json\/wp\/v2\/comments?post=92628"}],"version-history":[{"count":1,"href":"http:\/\/106.14.7.38\/index.php\/wp-json\/wp\/v2\/pages\/92628\/revisions"}],"predecessor-version":[{"id":92629,"href":"http:\/\/106.14.7.38\/index.php\/wp-json\/wp\/v2\/pages\/92628\/revisions\/92629"}],"wp:attachment":[{"href":"http:\/\/106.14.7.38\/index.php\/wp-json\/wp\/v2\/media?parent=92628"}],"curies":[{"name":"wp","href":"https:\/\/api.w.org\/{rel}","templated":true}]}}