{"id":92862,"date":"2026-03-23T18:05:35","date_gmt":"2026-03-23T18:05:35","guid":{"rendered":"http:\/\/106.14.7.38\/?page_id=92862"},"modified":"2026-03-23T18:05:35","modified_gmt":"2026-03-23T18:05:35","slug":"forsta-hallbarheten-hos-olumiant-generic-2","status":"publish","type":"page","link":"http:\/\/106.14.7.38\/index.php\/forsta-hallbarheten-hos-olumiant-generic-2\/","title":{"rendered":"F\u00f6rst\u00e5 h\u00e5llbarheten hos Olumiant Generic"},"content":{"rendered":"<h1>Hur man f\u00f6rvarar, reser med och fyller p\u00e5 Olumiant Generic<\/h1>\n<p>Att hantera Olumiant Generic p\u00e5 ett effektivt s\u00e4tt inneb\u00e4r att man f\u00f6rst\u00e5r dess lagrings-, rese-, h\u00e5llbarhets- och p\u00e5fyllningsprocedurer f\u00f6r att s\u00e4kerst\u00e4lla s\u00e4ker och konsekvent anv\u00e4ndning.<\/p>\n<h2>L\u00e4mpliga lagringsf\u00f6rh\u00e5llanden f\u00f6r Olumiant Generic<\/h2>\n<p>Att s\u00e4kerst\u00e4lla att Olumiant Generic f\u00f6rvaras korrekt \u00e4r avg\u00f6rande f\u00f6r att bibeh\u00e5lla dess effektivitet. Det b\u00f6r f\u00f6rvaras p\u00e5 en torr plats, borta fr\u00e5n direkt solljus och fukt, eftersom dessa element kan f\u00f6rs\u00e4mra medicinen. Helst b\u00f6r f\u00f6rvaringsplatsen vara i rumstemperatur, vanligtvis mellan 20\u00b0C och 25\u00b0C. Undvik att placera l\u00e4kemedlet i omr\u00e5den som upplever frekventa temperaturfluktuationer, till exempel n\u00e4ra f\u00f6nster eller i bilar.<\/p>\n<p>Barns\u00e4kerhet \u00e4r ocks\u00e5 en prioritet vid f\u00f6rvaring av Olumiant Generic. F\u00f6rvara den alltid utom syn- och r\u00e4ckh\u00e5ll f\u00f6r barn, helst i ett l\u00e5st sk\u00e5p. Dessutom \u00e4r det tillr\u00e5dligt att f\u00f6rvara l\u00e4kemedlet i originalf\u00f6rpackningen f\u00f6r att f\u00f6rhindra f\u00f6rvirring eller oavsiktligt f\u00f6rt\u00e4ring.<\/p>\n<h2>Resa med Olumiant Generic: Viktiga tips<\/h2>\n<p>Att resa med mediciner som Olumiant Generic kr\u00e4ver noggrann planering f\u00f6r att s\u00e4kerst\u00e4lla att du alltid har tillg\u00e5ng till din behandling. Innan du reser, kontrollera best\u00e4mmelserna f\u00f6r b\u00e5de din avrese- och destinationsort ang\u00e5ende transport av receptbelagda l\u00e4kemedel. Att ha med sig en kopia av ditt recept eller ett brev fr\u00e5n din l\u00e4kare kan vara till hj\u00e4lp om det blir fr\u00e5gat av tullen eller s\u00e4kerhetspersonalen.<\/p>\n<p>F\u00f6r att undvika st\u00f6rningar i din medicinrutin, se till att du packar tillr\u00e4ckligt med Olumiant Generic f\u00f6r hela resan, med extra doser vid f\u00f6rseningar. Det rekommenderas att b\u00e4ra l\u00e4kemedlet i ditt handbagage s\u00e5 att det \u00e4r l\u00e4ttillg\u00e4ngligt och f\u00f6r att f\u00f6rhindra f\u00f6rlust eller skada under transporten.<\/p>\n<h2>F\u00f6rst\u00e5 h\u00e5llbarheten hos Olumiant Generic<\/h2>\n<p>Liksom alla mediciner kommer Olumiant Generic med ett utg\u00e5ngsdatum, vilket anger den period under vilken tillverkaren garanterar dess fulla styrka och s\u00e4kerhet. Det \u00e4r viktigt att h\u00e5lla sig till detta datum, eftersom anv\u00e4ndning av utg\u00e5ngen medicin kan vara ineffektiv eller potentiellt skadlig. Kontrollera regelbundet utg\u00e5ngsdatumet p\u00e5 f\u00f6rpackningen och notera det f\u00f6r att s\u00e4kerst\u00e4lla att du anv\u00e4nder det inom den s\u00e4kra perioden.<\/p>\n<p>I vissa fall kan farmaceuter ge v\u00e4gledning om hur l\u00e4nge ett l\u00e4kemedel f\u00f6rblir effektivt efter utg\u00e5ngsdatumet, \u00e4ven om detta inte rekommenderas officiellt. F\u00f6r att undvika on\u00f6diga risker, str\u00e4va alltid efter att anv\u00e4nda Olumiant Generic inom dess h\u00e5llbarhetstid och kassera alla utg\u00e5ngna doser p\u00e5 ett ansvarsfullt s\u00e4tt, i enlighet med lokala best\u00e4mmelser f\u00f6r kassering av l\u00e4kemedel.<\/p>\n<h2>H\u00e5ller Olumiant Generic s\u00e4kert och s\u00e4kert<\/h2>\n<p>S\u00e4kerhet \u00e4r av st\u00f6rsta vikt vid hantering av mediciner som Olumiant Generic. Ut\u00f6ver att f\u00f6rvara den utom r\u00e4ckh\u00e5ll f\u00f6r barn, \u00f6verv\u00e4g att anv\u00e4nda ett l\u00e4kemedelssk\u00e5p eller l\u00e5sbox om det finns oro f\u00f6r obeh\u00f6rig \u00e5tkomst. Detta \u00e4r s\u00e4rskilt viktigt i delade utrymmen eller n\u00e4r du \u00e4r v\u00e4rd f\u00f6r g\u00e4ster.<\/p>\n<p>Se dessutom till att Olumiant Generic inte \u00e4r tillg\u00e4nglig f\u00f6r husdjur, eftersom intag kan leda till allvarliga h\u00e4lsoproblem f\u00f6r djur. Var alltid uppm\u00e4rksam p\u00e5 var du placerar medicinen efter varje anv\u00e4ndning f\u00f6r att f\u00f6rhindra oavsiktlig exponering.<\/p>\n<h2>Juridiska \u00f6verv\u00e4ganden f\u00f6r att resa med Olumiant Generic<\/h2>\n<p>Det juridiska landskapet kring transport av receptbelagda l\u00e4kemedel varierar avsev\u00e4rt fr\u00e5n land till land. Innan du reser, unders\u00f6k de specifika reglerna f\u00f6r import av l\u00e4kemedel i ditt destinationsland. Vissa l\u00e4nder kan kr\u00e4va dokumentation, till exempel ett l\u00e4karbrev, f\u00f6r att medf\u00f6lja din medicin.<\/p>\n<p>Dessutom kan vissa jurisdiktioner ha <a href=\"https:\/\/lakemedeldirekt.se\/generisk-olumiant-utan-recept\">https:\/\/lakemedeldirekt.se\/generisk-olumiant-utan-recept<\/a> restriktioner f\u00f6r hur mycket medicin du f\u00e5r ta med till landet. Bekanta dig med dessa regler f\u00f6r att undvika juridiska problem vid inresa. Det \u00e4r tillr\u00e5dligt att ha med sig alla relevanta dokument i handbagaget f\u00f6r enkel \u00e5tkomst.<\/p>\n<h2>B\u00e4sta praxis f\u00f6r att fylla p\u00e5 Olumiants generiska recept<\/h2>\n<p>F\u00f6r att s\u00e4kerst\u00e4lla kontinuerlig tillg\u00e5ng till Olumiant Generic, planera dina p\u00e5fyllningar i f\u00f6rv\u00e4g. Sp\u00e5ra ditt doseringsschema och st\u00e4ll in p\u00e5minnelser om att beg\u00e4ra p\u00e5fyllning fr\u00e5n ditt apotek innan du tar slut. Detta \u00e4r s\u00e4rskilt viktigt om du reser, eftersom det kan vara sv\u00e5rt att f\u00e5 medicin i ett fr\u00e4mmande land.<\/p>\n<p>Uppr\u00e4tta en god relation med din farmaceut, som kan hj\u00e4lpa dig med snabba p\u00e5fyllningar och ta itu med eventuella problem du kan ha. Vissa apotek erbjuder automatiska p\u00e5fyllningstj\u00e4nster, vilket kan vara ett bekv\u00e4mt s\u00e4tt att hantera dina medicinbehov utan att beh\u00f6va komma ih\u00e5g att ringa efter p\u00e5fyllning varje g\u00e5ng.<\/p>\n<h2>Hantera den generiska dosen av Olumiant under resan<\/h2>\n<p>Att uppr\u00e4tth\u00e5lla ditt doseringsschema n\u00e4r du reser \u00e4r avg\u00f6rande f\u00f6r att hantera ditt tillst\u00e5nd effektivt. Tidszons\u00e4ndringar kan st\u00f6ra din rutin, s\u00e5 planera ditt medicinschema i f\u00f6rv\u00e4g. \u00d6verv\u00e4g att st\u00e4lla in larm p\u00e5 din telefon f\u00f6r att p\u00e5minna dig n\u00e4r det \u00e4r dags att ta din dos, justerat f\u00f6r den lokala tiden f\u00f6r din destination.<\/p>\n<p>Om du har uppeh\u00e5ll eller l\u00e5nga flygresor, h\u00e5ll reda p\u00e5 tiden som f\u00f6rflutit sedan din senaste dos och planera d\u00e4refter f\u00f6r att undvika att missa n\u00e5gra doser. Det kan ocks\u00e5 vara bra att r\u00e5dg\u00f6ra med din v\u00e5rdgivare innan din resa f\u00f6r personliga r\u00e5d om hur du hanterar ditt medicinschema under resan.<\/p>\n<h2>Hur man packar Olumiant Generic f\u00f6r resor<\/h2>\n<p>N\u00e4r du packar Olumiant Generic f\u00f6r resor, anv\u00e4nd en resev\u00e4nlig pillerf\u00f6rpackning eller en \u00e5terf\u00f6rslutbar plastp\u00e5se f\u00f6r att h\u00e5lla doserna ordnade och s\u00e4kra. Se till att originalf\u00f6rpackningen eller en kopia av receptet f\u00f6ljer med l\u00e4kemedlet f\u00f6r att bevisa dess legitimitet om det ifr\u00e5gas\u00e4tts.<\/p>\n<p>Det \u00e4r ocks\u00e5 klokt att m\u00e4rka din medicin tydligt, s\u00e4rskilt om du har flera recept. Inkludera ditt namn, doseringsinstruktioner och den f\u00f6rskrivande l\u00e4karens uppgifter. Detta kan hj\u00e4lpa till att underl\u00e4tta smidig passage genom tull- och s\u00e4kerhetskontroller.<\/p>\n<h2>Hantering av temperaturk\u00e4nslighet f\u00f6r Olumiant Generic<\/h2>\n<p>Temperaturkontroll \u00e4r avg\u00f6rande f\u00f6r att uppr\u00e4tth\u00e5lla integriteten hos Olumiant Generic. Extrema temperaturer, s\u00e4rskilt v\u00e4rme, kan \u00e4ventyra l\u00e4kemedlets effektivitet. Under resor, undvik att l\u00e4mna medicinen i omr\u00e5den som kan bli varma, till exempel en parkerad bil eller i direkt solljus.<\/p>\n<p>\u00d6verv\u00e4g att anv\u00e4nda en isolerad v\u00e4ska eller en b\u00e4rbar kylare med ett ispaket om du f\u00f6rv\u00e4ntar dig att vara i varma milj\u00f6er under l\u00e4ngre perioder. Var f\u00f6rsiktig s\u00e5 att du inte fryser l\u00e4kemedlet, eftersom det ocks\u00e5 kan skada det. Att hitta r\u00e4tt balans med temperaturen \u00e4r nyckeln f\u00f6r att s\u00e4kerst\u00e4lla att medicinen f\u00f6rblir s\u00e4ker och effektiv.<\/p>\n<h2>Internationella resebest\u00e4mmelser f\u00f6r Olumiant Generic<\/h2>\n<p>Internationella resor med Olumiant Generic kr\u00e4ver ytterligare f\u00f6rberedelser p\u00e5 grund av varierande regler mellan l\u00e4nder. Vissa nationer kan klassificera vissa mediciner annorlunda, vilket p\u00e5verkar hur de kan f\u00f6ras in i landet. Det \u00e4r viktigt att kontrollera de specifika kraven f\u00f6r din destination f\u00f6r att undvika problem i tullen.<\/p>\n<p>Se till att du har ett giltigt recept och ett l\u00e4karbrev som f\u00f6rklarar ditt medicinska behov av medicinen. Dessa dokument kan vara avg\u00f6rande f\u00f6r att l\u00f6sa eventuella missf\u00f6rst\u00e5nd med tulltj\u00e4nstem\u00e4n. Kontakta dessutom ambassaden eller konsulatet i det land du bes\u00f6ker f\u00f6r detaljerad v\u00e4gledning om policyer f\u00f6r import av l\u00e4kemedel.<\/p>\n<h2>Hur man identifierar autentiska Olumiant Generic Refills<\/h2>\n<p>Att s\u00e4kerst\u00e4lla \u00e4ktheten hos Olumiant Generic-p\u00e5fyllningar \u00e4r viktigt f\u00f6r din s\u00e4kerhet. K\u00f6p din medicin fr\u00e5n v\u00e4lrenommerade apotek som du litar p\u00e5. Om du skaffar medicinen online, se till att apoteket \u00e4r ackrediterat och kr\u00e4ver ett giltigt recept innan du delar ut mediciner.<\/p>\n<p>Var uppm\u00e4rksam p\u00e5 f\u00f6rpackningen och l\u00e4kemedlets utseende. Om det finns n\u00e5gra avvikelser, s\u00e5som ovanlig f\u00f6rpackning eller en f\u00f6r\u00e4ndring av l\u00e4kemedlets utseende, kontrollera med din apotekspersonal f\u00f6re anv\u00e4ndning. F\u00f6rfalskade l\u00e4kemedel kan utg\u00f6ra allvarliga h\u00e4lsorisker, s\u00e5 vaksamhet \u00e4r viktigt.<\/p>\n<h2>Att hantera Olumiant generiska brister eller f\u00f6rseningar<\/h2>\n<p>Medicinbrist eller f\u00f6rseningar kan vara oroande, men det finns \u00e5tg\u00e4rder du kan vidta f\u00f6r att hantera s\u00e5dana situationer. H\u00e5ll dig informerad om problem med leveranskedjan genom att uppr\u00e4tth\u00e5lla regelbunden kommunikation med din farmaceut. De kan ge uppdateringar om f\u00f6rv\u00e4ntade \u00e5terupps\u00e4ttningsdatum och alternativa alternativ om det beh\u00f6vs.<\/p>\n<p>Om en brist f\u00f6rv\u00e4ntas, beg\u00e4r p\u00e5fyllning i god tid f\u00f6r att s\u00e4kerst\u00e4lla att du har en buffertf\u00f6rs\u00f6rjning. Diskutera med din v\u00e5rdgivare om potentiella alternativ eller justeringar av din behandlingsplan om l\u00e5ngvarig brist uppst\u00e5r.<\/p>\n<h2>Tips f\u00f6r att kommunicera med din apotekare om Olumiant Generic<\/h2>\n<p>Effektiv kommunikation med din farmaceut kan f\u00f6rb\u00e4ttra din medicinering. Var \u00f6ppen med alla problem eller fr\u00e5gor du har ang\u00e5ende Olumiant Generic. Apotekare \u00e4r v\u00e4l rustade att ge r\u00e5d om dosering, potentiella biverkningar och interaktioner med andra l\u00e4kemedel.<\/p>\n<p>Dela dessutom eventuella resplaner med din apotekspersonal s\u00e5 att de kan hj\u00e4lpa dig att se till att du har tillr\u00e4ckligt med medicin. Ett proaktivt tillv\u00e4gag\u00e5ngss\u00e4tt kan f\u00f6rhindra problem i sista minuten och s\u00e4kerst\u00e4lla en konsekvent behandlingsregim.<\/p>\n<h2>S\u00e4kerst\u00e4ller konsekvent leverans av Olumiant Generic<\/h2>\n<p>Konsekvens i l\u00e4kemedelsf\u00f6rs\u00f6rjningen \u00e4r avg\u00f6rande f\u00f6r att hantera din h\u00e4lsa effektivt. Uppr\u00e4tta en p\u00e5litlig p\u00e5fyllningsrutin och \u00f6verv\u00e4g att anv\u00e4nda apotekstj\u00e4nster som erbjuder hemleverans eller automatisk p\u00e5fyllning f\u00f6r att minimera risken att ta slut.<\/p>\n<p>H\u00e5ll en \u00f6ppen kommunikationslinje med din v\u00e5rdgivare, s\u00e4rskilt om du upplever n\u00e5gra sv\u00e5righeter att f\u00e5 tag p\u00e5 din medicin. De kanske kan ge prover eller f\u00f6resl\u00e5 alternativa l\u00f6sningar f\u00f6r att \u00f6verbrygga eventuella luckor i utbudet.<\/p>\n<h2>F\u00f6rst\u00e5 f\u00f6rs\u00e4kringsskyddet f\u00f6r Olumiant Generic Refills<\/h2>\n<p>F\u00f6rs\u00e4kringsskyddet kan avsev\u00e4rt p\u00e5verka kostnaden och tillg\u00e4ngligheten f\u00f6r Olumiant Generic. Granska din f\u00f6rs\u00e4kring f\u00f6r att f\u00f6rst\u00e5 vad som t\u00e4cks och vad dina copayments kan vara. Vissa f\u00f6rs\u00e4kringsplaner har f\u00f6redragna apotek eller postorderalternativ som kan erbjuda kostnadsbesparingar.<\/p>\n<p>Om du st\u00f6ter p\u00e5 t\u00e4ckningsproblem, kontakta din f\u00f6rs\u00e4kringsgivare f\u00f6r f\u00f6rtydligande. De kan ge v\u00e4gledning om hur du navigerar i systemet och kan f\u00f6resl\u00e5 program eller rabatter som \u00e4r tillg\u00e4ngliga f\u00f6r att hantera kostnaderna. H\u00e5ll alltid din f\u00f6rs\u00e4kringsinformation uppdaterad med ditt apotek f\u00f6r att effektivisera p\u00e5fyllningsprocessen.<\/p>\n","protected":false},"excerpt":{"rendered":"<p>Hur man f\u00f6rvarar, reser med och fyller p\u00e5 Olumiant Generic Att hantera Olumiant Generic p\u00e5 ett effektivt s\u00e4tt inneb\u00e4r att man f\u00f6rst\u00e5r dess lagrings-, rese-, h\u00e5llbarhets- och p\u00e5fyllningsprocedurer f\u00f6r att s\u00e4kerst\u00e4lla s\u00e4ker och konsekvent anv\u00e4ndning. L\u00e4mpliga lagringsf\u00f6rh\u00e5llanden f\u00f6r Olumiant Generic Att s\u00e4kerst\u00e4lla att Olumiant Generic f\u00f6rvaras korrekt \u00e4r avg\u00f6rande f\u00f6r att bibeh\u00e5lla dess effektivitet. Det [&hellip;]<\/p>\n","protected":false},"author":1,"featured_media":0,"parent":0,"menu_order":0,"comment_status":"closed","ping_status":"closed","template":"","meta":{"footnotes":""},"class_list":["post-92862","page","type-page","status-publish","hentry"],"_links":{"self":[{"href":"http:\/\/106.14.7.38\/index.php\/wp-json\/wp\/v2\/pages\/92862","targetHints":{"allow":["GET"]}}],"collection":[{"href":"http:\/\/106.14.7.38\/index.php\/wp-json\/wp\/v2\/pages"}],"about":[{"href":"http:\/\/106.14.7.38\/index.php\/wp-json\/wp\/v2\/types\/page"}],"author":[{"embeddable":true,"href":"http:\/\/106.14.7.38\/index.php\/wp-json\/wp\/v2\/users\/1"}],"replies":[{"embeddable":true,"href":"http:\/\/106.14.7.38\/index.php\/wp-json\/wp\/v2\/comments?post=92862"}],"version-history":[{"count":1,"href":"http:\/\/106.14.7.38\/index.php\/wp-json\/wp\/v2\/pages\/92862\/revisions"}],"predecessor-version":[{"id":92863,"href":"http:\/\/106.14.7.38\/index.php\/wp-json\/wp\/v2\/pages\/92862\/revisions\/92863"}],"wp:attachment":[{"href":"http:\/\/106.14.7.38\/index.php\/wp-json\/wp\/v2\/media?parent=92862"}],"curies":[{"name":"wp","href":"https:\/\/api.w.org\/{rel}","templated":true}]}}