{"id":94487,"date":"2026-03-24T05:30:07","date_gmt":"2026-03-24T05:30:07","guid":{"rendered":"http:\/\/106.14.7.38\/?page_id=94487"},"modified":"2026-03-24T05:50:33","modified_gmt":"2026-03-24T05:50:33","slug":"erektiohairion-ja-sen-syiden-ymmartaminen-2","status":"publish","type":"page","link":"http:\/\/106.14.7.38\/index.php\/erektiohairion-ja-sen-syiden-ymmartaminen-2\/","title":{"rendered":"Erektioh\u00e4iri\u00f6n ja sen syiden ymm\u00e4rt\u00e4minen"},"content":{"rendered":"<h1>ED ja krooniset sairaudet: diabetes, korkea verenpaine, liikalihavuus: vaiheittainen tilaaminen ja toimitus<\/h1>\n<p>T\u00e4ss\u00e4 artikkelissa tarkastellaan erektioh\u00e4iri\u00f6n (ED) ja kroonisten sairauksien, kuten diabeteksen, korkean verenpaineen ja liikalihavuuden, v\u00e4list\u00e4 monimutkaista suhdetta ja samalla annetaan ohjeita hoitovaihtoehtojen tilaamiseen ja toimittamiseen.<\/p>\n<h2>Erektioh\u00e4iri\u00f6n ja sen syiden ymm\u00e4rt\u00e4minen<\/h2>\n<p>Erektioh\u00e4iri\u00f6 (ED) on yleinen sairaus, joka vaikuttaa suureen m\u00e4\u00e4r\u00e4\u00e4n miehi\u00e4 maailmanlaajuisesti ja jolle on ominaista kyvytt\u00f6myys saavuttaa tai yll\u00e4pit\u00e4\u00e4 tyydytt\u00e4v\u00e4\u00e4n seksuaaliseen suorituskykyyn riitt\u00e4v\u00e4\u00e4 erektiota. Vaikka satunnaiset vaikeudet erektion saavuttamisessa eiv\u00e4t ole ep\u00e4tavallisia, jatkuvat ongelmat voivat viitata taustalla olevaan terveysongelmaan, joka vaatii l\u00e4\u00e4k\u00e4rinhoitoa. ED:n syyt ovat monitekij\u00e4isi\u00e4, mukaan lukien psykologiset tekij\u00e4t, kuten stressi, ahdistuneisuus ja masennus, sek\u00e4 fysiologiset tekij\u00e4t, kuten hormonaaliset ep\u00e4tasapainot, hermovauriot ja verenkiertoh\u00e4iri\u00f6t.<\/p>\n<p>Monissa tapauksissa ED on pikemminkin oire kuin itsen\u00e4inen tila, joka usein ilmaisee syvempi\u00e4 terveysongelmia. My\u00f6s el\u00e4m\u00e4ntapatekij\u00f6ill\u00e4, kuten tupakoinnilla, alkoholink\u00e4yt\u00f6ll\u00e4 ja liikunnan puutteella, on ratkaiseva rooli. N\u00e4iden syiden ymm\u00e4rt\u00e4minen on ratkaisevan t\u00e4rke\u00e4\u00e4 sairauden tehokkaan k\u00e4sittelemisen kannalta. Perimm\u00e4isen syyn tunnistaminen ja hoitaminen voi usein lievitt\u00e4\u00e4 ED:n oireita ja parantaa yleist\u00e4 el\u00e4m\u00e4nlaatua.<\/p>\n<h2>Diabeteksen vaikutus erektioh\u00e4iri\u00f6\u00f6n<\/h2>\n<p>Diabetes on krooninen sairaus, jolla on syv\u00e4llinen vaikutus erektiotoimintaan. Sek\u00e4 tyypin 1 ett\u00e4 tyypin 2 diabetes voivat johtaa komplikaatioihin, jotka vaikuttavat verenkiertoon ja hermojen toimintaan, jotka ovat kaksi kriittist\u00e4 tekij\u00e4\u00e4 erektion saavuttamisessa. Korkeat verensokeritasot vahingoittavat ajan my\u00f6t\u00e4 verisuonia ja hermoja koko kehossa, mukaan lukien ne, jotka sy\u00f6tt\u00e4v\u00e4t penist\u00e4. T\u00e4m\u00e4 vaurio voi heikent\u00e4\u00e4 verenkiertoa ja aistia, mik\u00e4 vaikeuttaa erektion saavuttamista tai yll\u00e4pit\u00e4mist\u00e4.<\/p>\n<p>Lis\u00e4ksi diabetes voi my\u00f6s vaikuttaa testosteronitasoihin ja vaikeuttaa entisest\u00e4\u00e4n seksuaalista toimintaa. Tutkimukset viittaavat siihen, ett\u00e4 miehet, joilla on diabetes, ovat jopa kolme kertaa todenn\u00e4k\u00f6isemmin kokeneet ED:n kuin ne, joilla ei ole sairautta. Tehokas verensokeritason hallinta ruokavalion, liikunnan ja l\u00e4\u00e4kkeiden avulla on v\u00e4ltt\u00e4m\u00e4t\u00f6nt\u00e4 n\u00e4iden riskien v\u00e4hent\u00e4miseksi ja erektiokyvyn parantamiseksi.<\/p>\n<h2>Kuinka korkea verenpaine vaikuttaa ED:hen<\/h2>\n<p>Korkea verenpaine tai verenpainetauti on toinen krooninen sairaus, joka edist\u00e4\u00e4 merkitt\u00e4v\u00e4sti ED:n kehittymist\u00e4. Verenpainetauti vahingoittaa verisuonia ja heikent\u00e4\u00e4 niiden kyky\u00e4 toimittaa riitt\u00e4v\u00e4\u00e4 verenkiertoa penikseen. T\u00e4m\u00e4 tila voi my\u00f6s johtaa valtimoiden kovettumiseen, mik\u00e4 rajoittaa edelleen verenkiertoa ja vaikeuttaa erektiota.<\/p>\n<p>Mielenkiintoista on, ett\u00e4 jotkin korkean verenpaineen hoitoon k\u00e4ytetyt l\u00e4\u00e4kkeet voivat my\u00f6s edist\u00e4\u00e4 ED:t\u00e4. Erityisesti beetasalpaajat ja diureetit on yhdistetty erektio-ongelmiin. On t\u00e4rke\u00e4\u00e4, ett\u00e4 potilaat keskustelevat n\u00e4ist\u00e4 sivuvaikutuksista terveydenhuollon tarjoajiensa kanssa l\u00f6yt\u00e4\u00e4kseen tasapainoisen hoitosuunnitelman, joka hallitsee verenpainetta vaarantamatta seksuaaliterveytt\u00e4.<\/p>\n<h2>Liikalihavuus erektioh\u00e4iri\u00f6n riskitekij\u00e4n\u00e4<\/h2>\n<p>Liikalihavuus on merkitt\u00e4v\u00e4 riskitekij\u00e4 monille terveysongelmille, mukaan lukien erektioh\u00e4iri\u00f6t. Ylipaino voi johtaa syd\u00e4n- ja verisuoniongelmiin, jotka liittyv\u00e4t l\u00e4heisesti ED:hen. Liikalihavuus liittyy usein my\u00f6s sairauksiin, kuten diabetekseen ja korkeaan verenpaineeseen, mik\u00e4 lis\u00e4\u00e4 entisest\u00e4\u00e4n erektioongelmien riski\u00e4.<\/p>\n<p>Lis\u00e4ksi liikalihavuus voi johtaa hormonaaliseen ep\u00e4tasapainoon, mukaan lukien alhaisempiin testosteronitasoihin, jotka ovat ratkaisevan t\u00e4rkeit\u00e4 seksuaalitoiminnalle. Painonpudotus ja terveelliset el\u00e4m\u00e4ntavat voivat v\u00e4hent\u00e4\u00e4 merkitt\u00e4v\u00e4sti ED-riski\u00e4. S\u00e4\u00e4nn\u00f6llinen fyysinen aktiivisuus, tasapainoinen ruokavalio ja terveen painon yll\u00e4pit\u00e4minen ovat tehokkaita strategioita erektiotoiminnan ja yleisen terveyden parantamiseksi.<\/p>\n<h2>Yhteys kroonisten sairauksien ja ED:n v\u00e4lill\u00e4<\/h2>\n<p>Krooniset sairaudet, kuten diabetes, korkea verenpaine ja liikalihavuus, vaikuttavat toisiinsa erektioh\u00e4iri\u00f6ihin. N\u00e4m\u00e4 olosuhteet esiintyv\u00e4t usein rinnakkain, mik\u00e4 luo monimutkaisen terveysongelmien verkon, joka pahentaa ED:t\u00e4. Yhteinen lanka n\u00e4iden sairauksien joukossa on niiden vaikutus verenkiertoon ja hermotoimintaan, jotka molemmat ovat t\u00e4rkeit\u00e4 tekij\u00f6it\u00e4 erektion saavuttamisessa.<\/p>\n<p>Lis\u00e4ksi kroonisten sairauksien hallinnan <a href=\"https:\/\/kotilaake.net\/\">Koti L\u00e4\u00e4ke<\/a> psykologinen taakka voi edist\u00e4\u00e4 ED:t\u00e4. Stressi, ahdistus ja masennus ovat yleisi\u00e4 henkil\u00f6ill\u00e4, jotka k\u00e4sittelev\u00e4t jatkuvia terveysongelmia, ja n\u00e4m\u00e4 psykologiset tekij\u00e4t voivat edelleen heikent\u00e4\u00e4 seksuaalista toimintaa. Kokonaisvaltainen l\u00e4hestymistapa, joka k\u00e4sittelee sek\u00e4 fyysist\u00e4 ett\u00e4 henkist\u00e4 terveytt\u00e4, on olennainen ED:n hoidossa kroonisten sairauksien yhteydess\u00e4.<\/p>\n<h2>ED:n diagnoosi potilailla, joilla on kroonisia sairauksia<\/h2>\n<p>Kroonisia sairauksia sairastavien potilaiden ED:n diagnosointi vaatii kokonaisvaltaista l\u00e4hestymistapaa. Terveydenhuollon tarjoajat aloittavat yleens\u00e4 yksityiskohtaisella sairaushistorialla ja fysikaalisella tutkimuksella tunnistaakseen mahdolliset taustalla olevat sairaudet, jotka voivat vaikuttaa erektioh\u00e4iri\u00f6\u00f6n. Verikokeita voidaan tehd\u00e4 diabeteksen, kolesterolitason ja hormonaalisen ep\u00e4tasapainon tarkistamiseksi.<\/p>\n<p>Muita diagnostisia testej\u00e4, kuten ultra\u00e4\u00e4ni tai \u00f6inen peniksen tumescence-testi, voidaan k\u00e4ytt\u00e4\u00e4 verenvirtauksen ja hermotoiminnan arvioimiseen. ED:n perimm\u00e4isen syyn ymm\u00e4rt\u00e4minen on ratkaisevan t\u00e4rke\u00e4\u00e4 tehokkaan hoitosuunnitelman r\u00e4\u00e4t\u00e4l\u00f6imiseksi. Yhteisty\u00f6 asiantuntijoiden, kuten endokrinologien, kardiologien ja urologien, v\u00e4lill\u00e4 voi tarjota integroidumman l\u00e4hestymistavan diagnoosiin ja hoitoon.<\/p>\n<h2>Diabetekseen liittyv\u00e4n ED:n hoitovaihtoehdot<\/h2>\n<p>Diabetespotilaiden ED:n hoitoon kuuluu sek\u00e4 erektioh\u00e4iri\u00f6n ett\u00e4 taustalla olevan diabeteksen hallinta. El\u00e4m\u00e4ntapamuutoksilla, kuten ruokavalion parantamisella ja liikunnan lis\u00e4\u00e4misell\u00e4, voi olla merkitt\u00e4v\u00e4 vaikutus. L\u00e4\u00e4kkeit\u00e4, kuten fosfodiesteraasin tyypin 5 est\u00e4ji\u00e4 (PDE5-est\u00e4ji\u00e4), k\u00e4ytet\u00e4\u00e4n yleisesti ED:n hoitoon, ja niiden on osoitettu olevan tehokkaita diabeetikoilla.<\/p>\n<p>Joissakin tapauksissa voi olla tarpeen vaatia kehittyneempi\u00e4 hoitoja, kuten peniksen injektiot, tyhji\u00f6erektiolaitteet tai jopa kirurgiset vaihtoehdot, kuten penisimplantit. Potilaiden on t\u00e4rke\u00e4\u00e4 ty\u00f6skennell\u00e4 l\u00e4heisess\u00e4 yhteisty\u00f6ss\u00e4 terveydenhuollon tarjoajiensa kanssa sopivimman hoidon m\u00e4\u00e4ritt\u00e4miseksi ottaen huomioon sek\u00e4 ED:n vakavuus ett\u00e4 diabeteksen hoito.<\/p>\n<h2>Korkean verenpaineen hallinta ED:n parantamiseksi<\/h2>\n<p>Korkean verenpaineen tehokas hoito on ratkaisevan t\u00e4rke\u00e4\u00e4 erektiotoiminnan parantamiseksi. El\u00e4m\u00e4ntapamuutokset, kuten suolan saannin v\u00e4hent\u00e4minen, fyysisen aktiivisuuden lis\u00e4\u00e4minen ja syd\u00e4nterveellisen ruokavalion omaksuminen, voivat alentaa verenpainetta merkitt\u00e4v\u00e4sti. L\u00e4\u00e4kkeet voivat my\u00f6s olla tarpeen, mutta on t\u00e4rke\u00e4\u00e4 valita sellaisia, jotka eiv\u00e4t pahenna ED:t\u00e4.<\/p>\n<p>Terveydenhuollon tarjoajien on ehk\u00e4 mukautettava hoitosuunnitelmia tasapainottaakseen verenpaineen hallintaa erektiokyvyn s\u00e4ilytt\u00e4misen kanssa. S\u00e4\u00e4nn\u00f6llinen seuranta ja avoin viestint\u00e4 terveydenhuollon tarjoajien kanssa voivat auttaa potilaita l\u00f6yt\u00e4m\u00e4\u00e4n parhaan strategian molempien sairauksien hoitamiseen samanaikaisesti.<\/p>\n<h2>Painonhallintastrategiat ED:n torjuntaan<\/h2>\n<p>Painonhallinta on kriittinen osa ED:n torjunnassa, erityisesti henkil\u00f6ill\u00e4, jotka ovat ylipainoisia tai lihavia. Painonpudotus voi parantaa syd\u00e4n- ja verisuoniterveytt\u00e4, nostaa testosteronitasoja ja parantaa itsetuntoa, jotka kaikki edist\u00e4v\u00e4t erektiokyky\u00e4.<\/p>\n<p>Tehokkaat painonhallintastrategiat sis\u00e4lt\u00e4v\u00e4t tasapainoisen ruokavalion, joka sis\u00e4lt\u00e4\u00e4 runsaasti hedelmi\u00e4, vihanneksia ja t\u00e4ysjyv\u00e4tuotteita, yhdistettyn\u00e4 s\u00e4\u00e4nn\u00f6lliseen fyysiseen toimintaan. K\u00e4ytt\u00e4ytymisterapia voi my\u00f6s tarjota tukea kest\u00e4vien el\u00e4m\u00e4ntapamuutosten tekemisess\u00e4. Monitieteinen l\u00e4hestymistapa, johon osallistuu ravitsemusterapeutteja, liikuntaasiantuntijoita ja terveydenhuollon tarjoajia, voi tarjota kattavaa tukea painonhallinnassa.  <a href=\"https:\/\/nikkei-bookdirect.com\/\" target=\"_blank\">bigblack907 onlyfans creador<\/a><\/p>\n<h2>Vaiheittainen opas ED-l\u00e4\u00e4kkeiden tilaamiseen<\/h2>\n<p>ED-l\u00e4\u00e4kkeiden tilaaminen sis\u00e4lt\u00e4\u00e4 useita vaiheita turvallisuuden ja tehon varmistamiseksi. Potilaiden tulee ensin neuvotella terveydenhuollon tarjoajan kanssa sopivimman l\u00e4\u00e4kkeen m\u00e4\u00e4ritt\u00e4miseksi. T\u00e4m\u00e4 konsultaatio voi auttaa tunnistamaan kaikki vasta-aiheet tai mahdolliset yhteisvaikutukset muiden l\u00e4\u00e4kkeiden kanssa.<\/p>\n<p>Kun resepti on saatu, potilaat voivat tilata l\u00e4\u00e4kkeit\u00e4 lisensoidusta apteekista tai hyv\u00e4maineisesta verkkol\u00e4hteest\u00e4. On eritt\u00e4in t\u00e4rke\u00e4\u00e4 varmistaa toimittajan laillisuus v\u00e4\u00e4rennettyjen tuotteiden v\u00e4ltt\u00e4miseksi. Arvostelujen lukeminen ja asianmukaisten sertifikaattien tarkistaminen voivat tarjota varmuuden toimittajan uskottavuudesta.<\/p>\n<h2>ED-hoitojen toimitusvaihtoehdot<\/h2>\n<p>Kun ED-l\u00e4\u00e4kkeet on tilattu, on saatavilla useita toimitusvaihtoehtoja erilaisiin tarpeisiin. Perinteiset toimituspalvelut voivat tarjota kotiinkuljetuksen, joka tarjoaa mukavuutta ja yksityisyytt\u00e4. Monet apteekit tarjoavat my\u00f6s nopeutettuja toimitusvaihtoehtoja potilaille, jotka tarvitsevat l\u00e4\u00e4kkeit\u00e4 nopeasti.<\/p>\n<p>Jotkut verkkopalvelut tarjoavat tietyille alueille samana tai seuraavana p\u00e4iv\u00e4n\u00e4 toimituksen, mik\u00e4 varmistaa, ett\u00e4 potilaat saavat hoitonsa ajoissa. Toimitusvaihtoehtoa valitessaan potilaiden tulee harkita sellaisia \u200b\u200btekij\u00f6it\u00e4 kuin hinta, nopeus ja luotettavuus tehd\u00e4kseen tietoisen p\u00e4\u00e4t\u00f6ksen.<\/p>\n<h2>Varmistetaan ED-tuotteiden huomaamaton pakkaus ja toimitus<\/h2>\n<p>Huomaamaton pakkaus ja toimitus ovat t\u00e4rkeit\u00e4 monille ED-hoitoa hakeville henkil\u00f6ille, koska yksityisyys on usein huolenaihe. Useimmat hyv\u00e4maineiset apteekit ja verkkopalvelut tarjoavat huomaamattomia pakkausvaihtoehtoja, jotka eiv\u00e4t paljasta pakkauksen sis\u00e4lt\u00f6\u00e4.<\/p>\n<p>T\u00e4m\u00e4 harkinta koskee toimitustapoja, ja jotkut palvelut mahdollistavat toimituksen vaihtoehtoisiin osoitteisiin tai noutopisteisiin. Luottamuksellisuuden varmistaminen voi auttaa potilaita tuntemaan olonsa mukavammaksi tilaaessaan ja vastaanottaessaan ED-hoitoja, mik\u00e4 kannustaa noudattamaan m\u00e4\u00e4r\u00e4ttyj\u00e4 hoitoja.<\/p>\n<h2>El\u00e4m\u00e4ntyylimuutosten rooli ED:n hallinnassa<\/h2>\n<p>Elintapamuutoksilla on keskeinen rooli ED:n hoidossa, erityisesti potilailla, joilla on kroonisia sairauksia. Terveellisempi el\u00e4m\u00e4ntapa voi parantaa yleist\u00e4 terveytt\u00e4, v\u00e4hent\u00e4\u00e4 komplikaatioiden riski\u00e4 ja parantaa erektiokyky\u00e4. S\u00e4\u00e4nn\u00f6llinen liikunta, tasapainoinen ruokavalio ja tupakoinnin lopettaminen ovat t\u00e4rkeit\u00e4 osia el\u00e4m\u00e4ntapojen parantamissuunnitelmassa.<\/p>\n<p>Lis\u00e4ksi stressin v\u00e4hent\u00e4minen mindfulness-k\u00e4yt\u00e4nt\u00f6jen, joogan tai terapian avulla voi vaikuttaa my\u00f6nteisesti seksuaaliterveyteen. El\u00e4m\u00e4ntapamuutokset eiv\u00e4t ainoastaan \u200b\u200bparanna fyysist\u00e4 terveytt\u00e4, vaan voivat my\u00f6s lis\u00e4t\u00e4 itseluottamusta ja henkist\u00e4 hyvinvointia, mik\u00e4 auttaa entisest\u00e4\u00e4n ED:n hallinnassa.<\/p>\n<h2>Terveydenhuollon tarjoajien konsultointi ED- ja kroonisissa sairauksissa<\/h2>\n<p>Terveydenhuollon tarjoajien konsultointi on v\u00e4ltt\u00e4m\u00e4t\u00f6nt\u00e4 potilaille, jotka k\u00e4sittelev\u00e4t ED- ja kroonisia sairauksia. Monitieteinen l\u00e4hestymistapa, jossa on mukana erilaisia \u200b\u200basiantuntijoita, voi tarjota kokonaisvaltaista hoitoa. S\u00e4\u00e4nn\u00f6lliset konsultaatiot mahdollistavat sek\u00e4 ED:n ett\u00e4 taustalla olevien kroonisten sairauksien seurannan, mik\u00e4 helpottaa hoitosuunnitelmien oikea-aikaista muokkaamista.<\/p>\n<p>Terveydenhuollon tarjoajat voivat my\u00f6s tarjota tukea ja resursseja el\u00e4m\u00e4ntapojen muutoksiin ja mielenterveystukea potilaan terveyden kaikkiin n\u00e4k\u00f6kohtiin. Avoin viestint\u00e4 potilaiden ja palveluntarjoajien v\u00e4lill\u00e4 lis\u00e4\u00e4 luottamusta ja varmistaa, ett\u00e4 hoito on sek\u00e4 tehokasta ett\u00e4 yksil\u00f6llisiin tarpeisiin r\u00e4\u00e4t\u00e4l\u00f6ityj\u00e4.<\/p>\n<h2>Pitk\u00e4aikainen ED-hoito potilailla, joilla on krooninen sairaus<\/h2>\n<p>Pitk\u00e4aikainen ED:n hoito kroonisista sairauksista k\u00e4rsivill\u00e4 potilailla edellytt\u00e4\u00e4 kest\u00e4v\u00e4\u00e4, integroivaa l\u00e4hestymistapaa. Jatkuvat el\u00e4m\u00e4ntapojen muutokset, s\u00e4\u00e4nn\u00f6lliset l\u00e4\u00e4k\u00e4rintarkastukset ja m\u00e4\u00e4r\u00e4ttyjen hoitojen noudattaminen ovat kriittisi\u00e4. Potilaiden tulee pysy\u00e4 valppaina kroonisten sairauksiensa hallinnassa est\u00e4\u00e4kseen komplikaatioita, jotka voivat pahentaa ED:t\u00e4.<\/p>\n<p>Koulutus ja terveydenhuollon tarjoajien tuki antavat potilaille mahdollisuuden osallistua aktiivisesti terveyteens\u00e4. Jatkuvalla yhteisty\u00f6ll\u00e4 terveydenhuoltotiimien kanssa potilaat voivat saavuttaa parempia tuloksia ja parempaa el\u00e4m\u00e4nlaatua ED:n ja kroonisten sairauksien aiheuttamista haasteista huolimatta.<\/p>\n","protected":false},"excerpt":{"rendered":"<p>ED ja krooniset sairaudet: diabetes, korkea verenpaine, liikalihavuus: vaiheittainen tilaaminen ja toimitus T\u00e4ss\u00e4 artikkelissa tarkastellaan erektioh\u00e4iri\u00f6n (ED) ja kroonisten sairauksien, kuten diabeteksen, korkean verenpaineen ja liikalihavuuden, v\u00e4list\u00e4 monimutkaista suhdetta ja samalla annetaan ohjeita hoitovaihtoehtojen tilaamiseen ja toimittamiseen. Erektioh\u00e4iri\u00f6n ja sen syiden ymm\u00e4rt\u00e4minen Erektioh\u00e4iri\u00f6 (ED) on yleinen sairaus, joka vaikuttaa suureen m\u00e4\u00e4r\u00e4\u00e4n miehi\u00e4 maailmanlaajuisesti ja jolle [&hellip;]<\/p>\n","protected":false},"author":1,"featured_media":0,"parent":0,"menu_order":0,"comment_status":"closed","ping_status":"closed","template":"","meta":{"footnotes":""},"class_list":["post-94487","page","type-page","status-publish","hentry"],"_links":{"self":[{"href":"http:\/\/106.14.7.38\/index.php\/wp-json\/wp\/v2\/pages\/94487","targetHints":{"allow":["GET"]}}],"collection":[{"href":"http:\/\/106.14.7.38\/index.php\/wp-json\/wp\/v2\/pages"}],"about":[{"href":"http:\/\/106.14.7.38\/index.php\/wp-json\/wp\/v2\/types\/page"}],"author":[{"embeddable":true,"href":"http:\/\/106.14.7.38\/index.php\/wp-json\/wp\/v2\/users\/1"}],"replies":[{"embeddable":true,"href":"http:\/\/106.14.7.38\/index.php\/wp-json\/wp\/v2\/comments?post=94487"}],"version-history":[{"count":0,"href":"http:\/\/106.14.7.38\/index.php\/wp-json\/wp\/v2\/pages\/94487\/revisions"}],"wp:attachment":[{"href":"http:\/\/106.14.7.38\/index.php\/wp-json\/wp\/v2\/media?parent=94487"}],"curies":[{"name":"wp","href":"https:\/\/api.w.org\/{rel}","templated":true}]}}