{"id":94834,"date":"2026-03-24T07:03:31","date_gmt":"2026-03-24T07:03:31","guid":{"rendered":"http:\/\/106.14.7.38\/?page_id=94834"},"modified":"2026-03-29T00:03:45","modified_gmt":"2026-03-29T00:03:45","slug":"ustrezni-pogoji-shranjevanja-zdravila-cipro-generic-2","status":"publish","type":"page","link":"http:\/\/106.14.7.38\/index.php\/ustrezni-pogoji-shranjevanja-zdravila-cipro-generic-2\/","title":{"rendered":"Ustrezni pogoji shranjevanja zdravila Cipro Generic"},"content":{"rendered":"<h1>Kako shraniti, potovati in polniti Cipro Generic<\/h1>\n<p>Ta \u010dlanek vsebuje iz\u010drpne smernice o pravilnem shranjevanju, ravnanju med potovanjem in postopkih ponovnega polnjenja za Cipro Generic, kar zagotavlja njegovo u\u010dinkovitost in varnost.<\/p>\n<h2>Ustrezni pogoji shranjevanja zdravila Cipro Generic<\/h2>\n<p>Cipro Generic, tako kot \u0161tevilna druga zdravila, zahteva posebne pogoje shranjevanja, da ohrani svojo u\u010dinkovitost. Idealno bi bilo, da ga hranite na hladnem in suhem mestu, stran od neposredne son\u010dne svetlobe. Ve\u010dino zdravil je najbolje hraniti pri sobni temperaturi, ki se obi\u010dajno giblje med 15 \u00b0C in 25 \u00b0C. \u010ce ga shranite v omari za zdravila, ki ni niti prevro\u010da niti prehladna, lahko pomaga ohraniti njegove u\u010dinkovine.<\/p>\n<p>Izogibajte se shranjevanju zdravila Cipro Generic v kopalnicah, saj lahko raven vla\u017enosti dramati\u010dno niha, kar lahko poslab\u0161a u\u010dinkovitost zdravila. Namesto tega izberite vedno hladno in suho okolje, kot je omara ali namenski predal za zdravila v spalnici.<\/p>\n<h2>Premisleki glede temperature za Cipro Generic<\/h2>\n<p>Temperatura igra klju\u010dno vlogo pri ohranjanju u\u010dinkovitosti zdravila Cipro Generic. Ekstremne temperature, bodisi vro\u010de ali nizke, lahko povzro\u010dijo razgradnjo zdravila. \u010ce je shranjeno pri temperaturah, ki so bistveno nad ali pod sobno temperaturo, je lahko u\u010dinkovitost zdravila ogro\u017eena.<\/p>\n<p>Za tiste, ki \u017eivijo v okoljih, kjer je nadzor temperature izziv, je uporaba \u0161katle za shranjevanje z nadzorovano temperaturo lahko koristna. Te \u0161katle zagotavljajo stabilno klimo in zagotavljajo, da zdravilo ostane znotraj priporo\u010denega temperaturnega obmo\u010dja.<\/p>\n<h2>Za\u0161\u010dita Cipro Generic pred vlago in svetlobo<\/h2>\n<p>Vlaga in svetloba lahko negativno vplivata na zdravilo Cipro Generic, kar lahko povzro\u010di zmanj\u0161ano u\u010dinkovitost. Zaradi za\u0161\u010dite je treba zdravilo hraniti v originalni embala\u017ei, ki je zasnovana tako, da ga \u0161\u010diti pred svetlobo in vlago. \u010ce je embala\u017ea po\u0161kodovana, razmislite o uporabi vre\u010dke ali posode, ki jo je mogo\u010de ponovno zapreti, da zagotovite dodatno plast za\u0161\u010dite.<\/p>\n<p>Poleg tega se izogibajte postavljanju zdravila blizu oken, kjer bi lahko bilo izpostavljeno neposredni son\u010dni svetlobi. Temen, suh prostor za shranjevanje je idealen za prepre\u010ditev kakr\u0161nih koli poslab\u0161anj zaradi svetlobe.<\/p>\n<h2>Potovanje s Cipro Generic: Bistveni nasveti<\/h2>\n<p>Ko potujete z zdravilom Cipro Generic, je bistveno, da zdravilo hranite v originalni embala\u017ei, da zagotovite, da ostane prepoznavno in za\u0161\u010diteno. To pomaga tudi v nujnih primerih, ko je morda potreben hiter dostop do zdravstvenih informacij.<\/p>\n<p>Razmislite o no\u0161enju majhne, \u200b\u200bizolirane torbe, da za\u0161\u010ditite zdravilo pred temperaturnimi nihanji med potovanjem. To je \u0161e posebej pomembno, \u010de potujete na obmo\u010dja z ekstremnimi temperaturami ali \u010de potovanje vklju\u010duje dolga obdobja brez klimatske naprave.<\/p>\n<h2>Predpisi letalskih dru\u017eb za prevoz zdravila Cipro Generic<\/h2>\n<p>Predpisi letalskih prevoznikov navadno potnikom dovoljujejo prena\u0161anje zdravil v ro\u010dni prtljagi. Vendar je priporo\u010dljivo, da se obrnete na svojo letalsko dru\u017ebo, da razumete njihovo politiko. \u0160tevilne letalske dru\u017ebe zahtevajo, da so zdravila jasno ozna\u010dena z imenom potnika in podatki o receptu.<\/p>\n<p>Preudarno je tudi, da <a href=\"https:\/\/lekarnaslovenije.com\/kupi-cipro-genericna-online-brez-recepta\" rel=\"nofollow\">https:\/\/lekarnaslovenije.com\/kupi-cipro-genericna-online-brez-recepta<\/a> imate s seboj kopijo svojega recepta ali pismo svojega zdravstvenega delavca, da se izognete morebitnim te\u017eavam pri varnostnih pregledih. Ta dokumentacija lahko pomaga preveriti zakonitost zdravila in va\u0161e potrebe po njem med potovanjem.<\/p>\n<h2>Pakiranje Cipro Generic za dolga potovanja<\/h2>\n<p>Za dalj\u0161a potovanja je klju\u010dnega pomena zagotoviti ustrezno zalogo zdravila Cipro Generic. Razmislite o pakiranju dodatnih odmerkov v primeru zamud ali nepri\u010dakovanih sprememb v potovalnih na\u010drtih. Zdravilo vedno zapakirajte v ro\u010dno prtljago, da prepre\u010dite tveganje izgube ali izpostavljenosti ekstremnim temperaturam v oddani prtljagi.<\/p>\n<p>Poleg tega razmislite o uporabi organizatorjev tablet ali potovalnih kov\u010dkov, ki vam lahko pomagajo, da so va\u0161a zdravila organizirana in dostopna med potovanjem. Ta orodja lahko olaj\u0161ajo upravljanje urnika jemanja zdravil, ko ste na poti.<\/p>\n<h2>Ponovno polnjenje Cipro Generic Prescription: vodnik po korakih<\/h2>\n<p>Ponovno polnjenje recepta za zdravilo Cipro Generic obi\u010dajno vklju\u010duje stik z va\u0161o lekarno, preden zmanjka trenutne zaloge. Priporo\u010dljivo je, da spremljate preostale odmerke in ustrezno na\u010drtujete ponovno polnjenje. \u0160tevilne lekarne ponujajo storitve samodejnega polnjenja, kar je lahko priro\u010dna mo\u017enost.<\/p>\n<p>\u010ce morate med potovanjem ponovno napolniti recept, se vnaprej obrnite na svojo lekarno, da se pogovorite o svojih mo\u017enostih. Nekatere lekarne morda ponujajo po\u0161tne storitve ali pa boste morda lahko uporabili partnersko lekarno na svojem cilju.<\/p>\n<h2>Spletni vs. Polnila v trgovini za Cipro Generic<\/h2>\n<p>Spletna polnjenja ponujajo udobje dostave na dom in pogosto zagotavljajo konkuren\u010dne cene. \u0160tevilne spletne lekarne imajo vzpostavljene sisteme, ki zagotavljajo natan\u010dno in u\u010dinkovito izpolnjevanje receptov. Vendar pa je klju\u010dnega pomena, da uporabljate le ugledne spletne lekarne, da se izognete ponarejenim zdravilom.<\/p>\n<p>Polnjenje v trgovini omogo\u010da osebno interakcijo s farmacevti, ki lahko takoj svetujejo in odgovorijo na vpra\u0161anja. Ta mo\u017enost je morda bolj\u0161a za tiste, ki imajo zapletene re\u017eime zdravljenja ali imajo raje osebno interakcijo.<\/p>\n<h2>Upravljanje generi\u010dnih zalog Cipro med potovanjem<\/h2>\n<p>Upravljanje va\u0161e zaloge zdravila Cipro Generic med potovanjem vklju\u010duje skrbno na\u010drtovanje. Spremljajte svoje odmerke in poskrbite, da boste imeli dovolj zdravil za \u010das potovanja. \u010ce nastavite opomnike v telefonu ali uporabite aplikacijo za zdravila, lahko ohranite svoj re\u017eim.<\/p>\n<p>\u010ce potujete v tujino, razi\u0161\u010dite mo\u017enosti lekarne na svojem cilju, \u010de potrebujete nujno ponovno polnjenje. Prav tako je pametno poznati lokalna imena in razpolo\u017eljivost va\u0161ih zdravil v tujini.<\/p>\n<h2>Varno ravnanje s pote\u010denim generikom Cipro<\/h2>\n<p>Cipro Generic s prete\u010denim rokom uporabe se ne sme uporabljati, ker ni mogo\u010de zagotoviti njegove u\u010dinkovitosti in varnosti. Varno odstranjevanje zdravil s pote\u010denim rokom uporabe je pomembno, da prepre\u010dite nenamerno zau\u017eitje. \u0160tevilne lekarne ponujajo programe vra\u010dila, kjer lahko vrnete neuporabljena zdravila ali zdravila, ki jim je potekel rok uporabe, za ustrezno odstranitev.<\/p>\n<p>\u010ce ni na voljo nobenega programa za vra\u010dilo, se posvetujte z lokalnimi organi za ravnanje z odpadki za navodila, kako varno odstraniti zdravila, pri \u010demer zagotovite, da ne onesna\u017eijo zalog vode ali \u0161kodijo okolju.<\/p>\n<h2>Svetovanje ponudnikom zdravstvenih storitev o Cipro Generic<\/h2>\n<p>Redno posvetovanje z zdravniki o zdravilu Cipro Generic je bistvenega pomena za zagotovitev, da ostaja ustrezno zdravilo za va\u0161e stanje. Va\u0161 ponudnik lahko po potrebi svetuje glede prilagoditve odmerka ali alternativnega zdravljenja.<\/p>\n<p>\u010ce med potovanjem opazite kakr\u0161ne koli ne\u017eelene u\u010dinke ali ste pomisleki glede zdravil, nemudoma poi\u0161\u010dite zdravni\u0161ko pomo\u010d. Seznam zdravstvenih ustanov na va\u0161i destinaciji je v tak\u0161nih situacijah lahko neprecenljiv.<\/p>\n<h2>Pravni vidiki potovanja s Cipro Generic<\/h2>\n<p>Pravni razlogi za potovanje s Cipro Generic se razlikujejo glede na dr\u017eavo. Nekatere dr\u017eave imajo stroge predpise glede uvoza zdravil. Priporo\u010dljivo je, da dobro razi\u0161\u010dete zakonske zahteve va\u0161e destinacije pred potovanjem.<\/p>\n<p>No\u0161enje dokumentacije, kot je zdravni\u0161ko pismo ali kopija recepta, lahko pomaga ubla\u017eiti morebitne pravne te\u017eave. Ta dokumentacija lahko zagotovi dokaze o nujnosti zdravila in va\u0161i zakoniti uporabi.<\/p>\n<h2>Uporaba Cipro Generic v razli\u010dnih podnebjih<\/h2>\n<p>Razli\u010dna podnebja lahko vplivajo na shranjevanje in uporabo zdravila Cipro Generic. V vro\u010dem podnebju je klju\u010dnega pomena, da je zdravilo hladno, da se prepre\u010di razgradnja. Nasprotno pa je v hladnih podnebjih klju\u010dnega pomena zagotoviti, da zdravilo ne zmrzne.<\/p>\n<p>Prilagajanje na\u010dinov shranjevanja podnebju lahko pomaga ohraniti u\u010dinkovitost zdravila. Na primer, uporaba izoliranih posod v vro\u010dih podnebjih ali dr\u017eanje zdravila blizu telesa v hladnih okoljih lahko pomaga uravnavati izpostavljenost temperaturi.<\/p>\n<h2>Ohranjanje u\u010dinkovitosti Cipro Generic med potovanjem<\/h2>\n<p>Ohranjanje u\u010dinkovitosti zdravila Cipro Generic med potovanjem zahteva previdnost pri shranjevanju in rokovanju. Vedno preverite videz in vonj zdravila za morebitne spremembe, ki bi lahko kazale na razgradnjo. \u010ce ste v dvomih, se pred uporabo posvetujte s farmacevtom.<\/p>\n<p>Poleg tega je pomembno, da se dr\u017eite predpisanega urnika in odmerkov. Potovanje lahko zmoti rutino, zato je lahko nastavitev alarmov ali uporaba potovalnega dnevnika za spremljanje vnosa zdravil koristna.  <a href=\"https:\/\/sydneysweeneyonlyfans.blog\/\" target=\"_blank\">Sydney Sweeney sexy<\/a><\/p>\n<h2>Pogoste napake pri shranjevanju in ponovnem polnjenju Cipro Generic<\/h2>\n<p>Pogoste napake vklju\u010dujejo nepravilno shranjevanje, kot je pu\u0161\u010danje zdravila v vozilih, kjer temperature mo\u010dno nihajo. Druga pogosta napaka je, da recepta ne izpolnite pravo\u010dasno, kar vodi do vrzeli v zdravljenju.<\/p>\n<p>Da bi se izognili tem pastem, bodite pozorni na pogoje shranjevanja in vnaprej na\u010drtujte ponovno polnjenje. Vodenje kontrolnega seznama ali koledarskega opomnika vam lahko pomaga zagotoviti, da upo\u0161tevate najbolj\u0161e prakse pri upravljanju svoje zaloge Cipro Generic.<\/p>\n","protected":false},"excerpt":{"rendered":"<p>Kako shraniti, potovati in polniti Cipro Generic Ta \u010dlanek vsebuje iz\u010drpne smernice o pravilnem shranjevanju, ravnanju med potovanjem in postopkih ponovnega polnjenja za Cipro Generic, kar zagotavlja njegovo u\u010dinkovitost in varnost. Ustrezni pogoji shranjevanja zdravila Cipro Generic Cipro Generic, tako kot \u0161tevilna druga zdravila, zahteva posebne pogoje shranjevanja, da ohrani svojo u\u010dinkovitost. Idealno bi bilo, [&hellip;]<\/p>\n","protected":false},"author":1,"featured_media":0,"parent":0,"menu_order":0,"comment_status":"closed","ping_status":"closed","template":"","meta":{"footnotes":""},"class_list":["post-94834","page","type-page","status-publish","hentry"],"_links":{"self":[{"href":"http:\/\/106.14.7.38\/index.php\/wp-json\/wp\/v2\/pages\/94834","targetHints":{"allow":["GET"]}}],"collection":[{"href":"http:\/\/106.14.7.38\/index.php\/wp-json\/wp\/v2\/pages"}],"about":[{"href":"http:\/\/106.14.7.38\/index.php\/wp-json\/wp\/v2\/types\/page"}],"author":[{"embeddable":true,"href":"http:\/\/106.14.7.38\/index.php\/wp-json\/wp\/v2\/users\/1"}],"replies":[{"embeddable":true,"href":"http:\/\/106.14.7.38\/index.php\/wp-json\/wp\/v2\/comments?post=94834"}],"version-history":[{"count":0,"href":"http:\/\/106.14.7.38\/index.php\/wp-json\/wp\/v2\/pages\/94834\/revisions"}],"wp:attachment":[{"href":"http:\/\/106.14.7.38\/index.php\/wp-json\/wp\/v2\/media?parent=94834"}],"curies":[{"name":"wp","href":"https:\/\/api.w.org\/{rel}","templated":true}]}}