{"id":94836,"date":"2026-03-24T07:06:11","date_gmt":"2026-03-24T07:06:11","guid":{"rendered":"http:\/\/106.14.7.38\/?page_id=94836"},"modified":"2026-03-24T07:06:11","modified_gmt":"2026-03-24T07:06:11","slug":"mi-az-amoxicillin-es-hogyan-mukodik-2","status":"publish","type":"page","link":"http:\/\/106.14.7.38\/index.php\/mi-az-amoxicillin-es-hogyan-mukodik-2\/","title":{"rendered":"Mi az amoxicillin \u00e9s hogyan m\u0171k\u00f6dik?"},"content":{"rendered":"<h1>Minden, amit tudnia kell az Amoxicillin v\u00e1s\u00e1rl\u00e1sa el\u0151tt<\/h1>\n<p>Az amoxicillin cs\u00ednj\u00e1t-b\u00ednj\u00e1t ismerve hozz\u00e1j\u00e1rulhat a biztons\u00e1gos \u00e9s hat\u00e9kony kezel\u00e9s biztos\u00edt\u00e1s\u00e1hoz, a hat\u00e1smechanizmus\u00e1t\u00f3l a lehets\u00e9ges mell\u00e9khat\u00e1sokig \u00e9s a t\u00e1rol\u00e1si tippekig.<\/p>\n<h2>Mi az amoxicillin \u00e9s hogyan m\u0171k\u00f6dik?<\/h2>\n<p>Az amoxicillin egy sz\u00e9les k\u00f6rben haszn\u00e1lt antibiotikum, amely a penicillin gy\u00f3gyszerek csoportj\u00e1ba tartozik. Kifejezetten a bakteri\u00e1lis fert\u0151z\u00e9sek lek\u00fczd\u00e9s\u00e9re tervezt\u00e9k a bakt\u00e9riumok n\u00f6veked\u00e9s\u00e9nek g\u00e1tl\u00e1s\u00e1val. Ezt \u00fagy \u00e9rik el, hogy megakad\u00e1lyozz\u00e1k a bakt\u00e9riumok v\u00e9d\u0151sejtfalaik kialakul\u00e1s\u00e1t, ami v\u00e9gs\u0151 soron a pusztul\u00e1sukhoz vezet. Az amoxicillin k\u00fcl\u00f6n\u00f6sen hat\u00e9kony a gram-pozit\u00edv bakt\u00e9riumok ellen, de bizonyos Gram-negat\u00edv t\u00f6rzsek ellen is hat\u00e1sos.<\/p>\n<p>Az amoxicillin hat\u00e1smechanizmusa a bakteri\u00e1lis sejtfalon bel\u00fcli specifikus feh\u00e9rj\u00e9khez val\u00f3 k\u00f6t\u0151d\u00e9s. Ez a k\u00f6t\u0151d\u00e9s megzavarja a sejtfal szint\u00e9zis\u00e9nek folyamat\u00e1t, ami a bakt\u00e9riumok elpusztul\u00e1s\u00e1t okozza. Emiatt az amoxicillin baktericid hat\u00e1s\u00fa antibiotikum, ami azt jelenti, hogy elpuszt\u00edtja a bakt\u00e9riumokat, nem pedig puszt\u00e1n g\u00e1tolja n\u00f6veked\u00e9s\u00fcket. Hat\u00e9konys\u00e1ga sz\u00e1mos fert\u0151z\u00e9s kezel\u00e9s\u00e9ben vil\u00e1gszerte az orvosi rendelv\u00e9nyek alapvet\u0151 r\u00e9sz\u00e9v\u00e9 tette.<\/p>\n<h2>Az amoxicillin gyakori alkalmaz\u00e1sai<\/h2>\n<p>Az amoxicillint sz\u00e9les k\u00f6rben \u00edrj\u00e1k fel k\u00fcl\u00f6nf\u00e9le bakteri\u00e1lis fert\u0151z\u00e9sekre. Az egyik leggyakoribb felhaszn\u00e1l\u00e1si ter\u00fclet a f\u00fcl-, orr- \u00e9s torokfert\u0151z\u00e9sek, p\u00e9ld\u00e1ul a k\u00f6z\u00e9pf\u00fclgyullad\u00e1s \u00e9s a sinusitis kezel\u00e9se. Gyakran haszn\u00e1lj\u00e1k l\u00e9g\u00fati fert\u0151z\u00e9sek kezel\u00e9s\u00e9re is, bele\u00e9rtve a bronchitist \u00e9s a t\u00fcd\u0151gyullad\u00e1st. Ezenk\u00edv\u00fcl az amoxicillin bizonyos b\u0151rfert\u0151z\u00e9sek \u00e9s h\u00fagy\u00fati fert\u0151z\u00e9sek ellen is hat\u00e1sos.<\/p>\n<p>Ezeken a gyakori betegs\u00e9geken t\u00fal az amoxicillint gyakran m\u00e1s gy\u00f3gyszerekkel kombin\u00e1lva alkalmazz\u00e1k \u00f6sszetettebb \u00e1llapotok kezel\u00e9s\u00e9re. P\u00e9ld\u00e1ul klaritromicinnel \u00e9s protonpumpa-g\u00e1tl\u00f3val egy\u00fctt haszn\u00e1lhat\u00f3 a Helicobacter pylori, a gyomorfek\u00e9ly\u00e9rt felel\u0151s bakt\u00e9rium felsz\u00e1mol\u00e1s\u00e1ra. Ez a rugalmas haszn\u00e1lat kiemeli az amoxicillin szerep\u00e9t a bakteri\u00e1lis fert\u0151z\u00e9sekkel foglalkoz\u00f3 orvosok sz\u00e1m\u00e1ra.<\/p>\n<h2>Az amoxicillin adagol\u00e1si javaslatai<\/h2>\n<p>Az amoxicillin adagol\u00e1sa a fert\u0151z\u00e9s t\u00edpus\u00e1t\u00f3l \u00e9s s\u00falyoss\u00e1g\u00e1t\u00f3l, valamint a beteg \u00e9letkor\u00e1t\u00f3l \u00e9s s\u00faly\u00e1t\u00f3l f\u00fcgg\u0151en v\u00e1ltozik. Feln\u0151ttek eset\u00e9ben a tipikus adag nyolc\u00f3r\u00e1nk\u00e9nt 250-500 mg, vagy 12 \u00f3r\u00e1nk\u00e9nt 500-875 mg. Gyermekekn\u00e9l az adagot gyakran a testt\u00f6meg alapj\u00e1n sz\u00e1m\u00edtj\u00e1k ki, jellemz\u0151en k\u00f6r\u00fclbel\u00fcl 20-40 mg testt\u00f6meg-kilogrammonk\u00e9nt naponta, h\u00e1rom adagra osztva.<\/p>\n<p>Kulcsfontoss\u00e1g\u00fa, hogy a betegek betarts\u00e1k az el\u0151\u00edrt adagot \u00e9s befejezz\u00e9k a teljes k\u00far\u00e1t, m\u00e9g akkor is, ha a t\u00fcnetek enyh\u00fclnek. A gy\u00f3gyszer id\u0151 el\u0151tti le\u00e1ll\u00edt\u00e1sa a fert\u0151z\u00e9s \u00fajb\u00f3li ki\u00fajul\u00e1s\u00e1hoz vezethet, \u00e9s potenci\u00e1lisan antibiotikum-rezisztenci\u00e1hoz vezethet. A betegeknek gondosan be kell tartaniuk eg\u00e9szs\u00e9g\u00fcgyi szolg\u00e1ltat\u00f3juk utas\u00edt\u00e1sait az optim\u00e1lis eredm\u00e9ny \u00e9rdek\u00e9ben.<\/p>\n<h2>Az amoxicillin lehets\u00e9ges mell\u00e9khat\u00e1sai<\/h2>\n<p>Noha az amoxicillin \u00e1ltal\u00e1ban j\u00f3l toler\u00e1lhat\u00f3, egyes egy\u00e9nekn\u00e9l mell\u00e9khat\u00e1sokat okozhat. A gyakori mell\u00e9khat\u00e1sok k\u00f6z\u00e9 tartozik a h\u00e1nyinger, h\u00e1ny\u00e1s, hasmen\u00e9s \u00e9s b\u0151rki\u00fct\u00e9s. Ezek a t\u00fcnetek \u00e1ltal\u00e1ban enyh\u00e9k, \u00e9s \u00e1ltal\u00e1ban magukt\u00f3l megsz\u0171nnek. Ha azonban tov\u00e1bbra is fenn\u00e1llnak vagy s\u00falyosbodnak, fontos, hogy konzult\u00e1ljon eg\u00e9szs\u00e9g\u00fcgyi szakemberrel.<\/p>\n<p>Ritka esetekben az amoxicillin s\u00falyosabb mell\u00e9khat\u00e1sokhoz vezethet. Ezek lehetnek s\u00falyos allergi\u00e1s reakci\u00f3k, amelyeket l\u00e9gz\u00e9si neh\u00e9zs\u00e9g, az arc vagy a torok duzzanata \u00e9s s\u00falyos b\u0151rreakci\u00f3k jellemeznek. Ezenk\u00edv\u00fcl a hosszan tart\u00f3 haszn\u00e1lat m\u00e1sodlagos fert\u0151z\u00e9seket, p\u00e9ld\u00e1ul sz\u00e1jpen\u00e9szt vagy h\u00fcvelyi gomb\u00e1s fert\u0151z\u00e9st okozhat. A betegeknek azonnali orvoshoz kell fordulniuk, ha b\u00e1rmilyen s\u00falyos vagy szokatlan t\u00fcnetet \u00e9szlelnek.<\/p>\n<h2>Az amoxicillin k\u00f6lcs\u00f6nhat\u00e1sok m\u00e1s gy\u00f3gyszerekkel<\/h2>\n<p>Az amoxicillin k\u00f6lcs\u00f6nhat\u00e1sba l\u00e9phet m\u00e1s gy\u00f3gyszerekkel, potenci\u00e1lisan megv\u00e1ltoztatva azok hat\u00e9konys\u00e1g\u00e1t vagy n\u00f6velve a mell\u00e9khat\u00e1sok kock\u00e1zat\u00e1t. Az egyik figyelemre m\u00e9lt\u00f3 k\u00f6lcs\u00f6nhat\u00e1s az or\u00e1lis fogamz\u00e1sg\u00e1tl\u00f3kkal van, ahol az amoxicillin cs\u00f6kkentheti azok hat\u00e9konys\u00e1g\u00e1t, n\u00f6velve a nem k\u00edv\u00e1nt terhess\u00e9g kock\u00e1zat\u00e1t. A fogamz\u00e1sg\u00e1tl\u00e1st haszn\u00e1l\u00f3 betegeknek meg kell besz\u00e9lni\u00fck orvosukkal az alternat\u00edv fogamz\u00e1sg\u00e1tl\u00e1si m\u00f3dszereket.<\/p>\n<p>Ezenk\u00edv\u00fcl az amoxicillin k\u00f6lcs\u00f6nhat\u00e1sba l\u00e9phet <a href=\"https:\/\/web-patika.com\/amoxicillin-ar-veny-nelkul\">https:\/\/web-patika.com\/amoxicillin-ar-veny-nelkul<\/a> olyan antikoagul\u00e1nsokkal, mint a warfarin, potenci\u00e1lisan fokozva azok hat\u00e1s\u00e1t \u00e9s n\u00f6velve a v\u00e9rz\u00e9s kock\u00e1zat\u00e1t. Kulcsfontoss\u00e1g\u00fa, hogy a k\u00e1ros k\u00f6lcs\u00f6nhat\u00e1sok elker\u00fcl\u00e9se \u00e9rdek\u00e9ben a betegek t\u00e1j\u00e9koztass\u00e1k eg\u00e9szs\u00e9g\u00fcgyi szolg\u00e1ltat\u00f3jukat az \u00f6sszes jelenleg szedett gy\u00f3gyszerr\u0151l, bele\u00e9rtve a v\u00e9ny n\u00e9lk\u00fcl kaphat\u00f3 gy\u00f3gyszereket \u00e9s kieg\u00e9sz\u00edt\u0151ket is.<\/p>\n<h2>Hogyan kell az amoxicillint megfelel\u0151en t\u00e1rolni<\/h2>\n<p>Az amoxicillin megfelel\u0151 t\u00e1rol\u00e1sa elengedhetetlen a hat\u00e9konys\u00e1g fenntart\u00e1s\u00e1hoz. A gy\u00f3gyszert h\u0171v\u00f6s, sz\u00e1raz helyen kell tartani, t\u00e1vol a k\u00f6zvetlen napf\u00e9nyt\u0151l \u00e9s nedvess\u00e9gt\u0151l. Az amoxicillin foly\u00e9kony form\u00e1it, p\u00e9ld\u00e1ul a szuszpenzi\u00f3kat, \u00e1ltal\u00e1ban h\u0171teni kell, \u00e9s 14 nap eltelt\u00e9vel el kell dobni, hogy megakad\u00e1lyozz\u00e1k a leboml\u00e1st.<\/p>\n<p>Haszn\u00e1lat el\u0151tt a betegeknek mindig ellen\u0151rizni\u00fck kell a lej\u00e1rati id\u0151t, mert el\u0151fordulhat, hogy a lej\u00e1rt amoxicillin nem biztos\u00edtja a k\u00edv\u00e1nt ter\u00e1pi\u00e1s hat\u00e1st. Ugyanilyen fontos, hogy minden gy\u00f3gyszert gyermekekt\u0151l \u00e9s h\u00e1zi\u00e1llatokt\u00f3l elz\u00e1rva tartson a v\u00e9letlen lenyel\u00e9s elker\u00fcl\u00e9se \u00e9rdek\u00e9ben.<\/p>\n<h2>Az amoxicillin \u00e9s m\u00e1s antibiotikumok k\u00f6z\u00f6tti k\u00fcl\u00f6nbs\u00e9gek<\/h2>\n<p>Az amoxicillint gyakran hasonl\u00edtj\u00e1k m\u00e1s antibiotikumokhoz, p\u00e9ld\u00e1ul a penicillinhez \u00e9s az ampicillinhez hasonl\u00f3 hat\u00e1smechanizmusuk miatt. Az amoxicillin azonban hat\u00e9konyabb a bakt\u00e9riumok sz\u00e9lesebb k\u00f6re ellen, \u00e9s jobban felsz\u00edv\u00f3dik a gyomor-b\u00e9lrendszerben, \u00edgy sz\u00e1mos fert\u0151z\u00e9s eset\u00e9n el\u0151ny\u00f6s v\u00e1laszt\u00e1s.<\/p>\n<p>Az amoxicillint a t\u00f6bbi antibiotikum-csoporthoz, p\u00e9ld\u00e1ul a tetraciklinekhez vagy a fluorokinolonokhoz k\u00e9pest biztons\u00e1gosabbnak tekintik, kevesebb mell\u00e9khat\u00e1ssal, k\u00fcl\u00f6n\u00f6sen vesek\u00e1rosod\u00e1sban szenved\u0151 betegekn\u00e9l. Alkalmaz\u00e1sa azonban a penicillin-sz\u00e1rmaz\u00e9kokra \u00e9rz\u00e9keny bakteri\u00e1lis fert\u0151z\u00e9sekre korl\u00e1toz\u00f3dik, m\u00edg m\u00e1s antibiotikumok megfelel\u0151bbek lehetnek rezisztens t\u00f6rzsek vagy atipikus bakt\u00e9riumok eset\u00e9n.<\/p>\n<h2>Az amoxicillin gyermekekn\u00e9l t\u00f6rt\u00e9n\u0151 alkalmaz\u00e1s\u00e1ra vonatkoz\u00f3 szempontok<\/h2>\n<p>Az amoxicillint gyakran gyermekgy\u00f3gy\u00e1szati \u200b\u200bbetegeknek \u00edrj\u00e1k fel biztons\u00e1goss\u00e1ga \u00e9s hat\u00e9konys\u00e1ga miatt. Ha gyermekekn\u00e9l alkalmazz\u00e1k, az adag gondos m\u00e9rlegel\u00e9se kulcsfontoss\u00e1g\u00fa, mivel az \u00e1ltal\u00e1ban a gyermek s\u00faly\u00e1n alapul. A foly\u00e9kony k\u00e9sz\u00edtm\u00e9nyeket \u00e1ltal\u00e1ban a k\u00f6nnyebb bead\u00e1s \u00e9rdek\u00e9ben haszn\u00e1lj\u00e1k, \u00e9s gyakran \u00edzes\u00edtik, hogy jav\u00edts\u00e1k a fiatal betegek \u00edz\u00e9t.<\/p>\n<p>A sz\u00fcl\u0151knek gondoskodniuk kell arr\u00f3l, hogy gyermek\u00fck befejezze a teljes amoxicillin-k\u00far\u00e1t, hogy megakad\u00e1lyozz\u00e1k a fert\u0151z\u00e9s ki\u00fajul\u00e1s\u00e1t \u00e9s a rezisztencia kialakul\u00e1s\u00e1t. Az esetleges mell\u00e9khat\u00e1sok, p\u00e9ld\u00e1ul a gyomor-b\u00e9lrendszeri zavarok vagy allergi\u00e1s reakci\u00f3k monitoroz\u00e1sa szint\u00e9n fontos, \u00e9s minden agg\u00e1lyt azonnal orvoshoz kell fordulni.<\/p>\n<h2>Amoxicillin \u00e9s allergi\u00e1s reakci\u00f3k<\/h2>\n<p>Allergi\u00e1s reakci\u00f3k l\u00e9phetnek fel az amoxicillinre, k\u00fcl\u00f6n\u00f6sen azokn\u00e1l az egy\u00e9nekn\u00e9l, akik ismerten allergi\u00e1sak a penicillinre. A t\u00fcnetek az enyhe ki\u00fct\u00e9sekt\u0151l a s\u00falyos anafilaxi\u00e1s reakci\u00f3kig terjedhetnek, amelyek azonnali orvosi beavatkoz\u00e1st ig\u00e9nyelnek. Azoknak a betegeknek, akiknek k\u00f3rt\u00f6rt\u00e9net\u00e9ben penicillinallergia szerepel, ker\u00fclnie kell az amoxicillint, kiv\u00e9ve, ha az eg\u00e9szs\u00e9g\u00fcgyi szolg\u00e1ltat\u00f3 kifejezetten ezt tan\u00e1csolja.<\/p>\n<p>Bizonytalan allergi\u00e1s st\u00e1tusz\u00faak sz\u00e1m\u00e1ra allergiavizsg\u00e1lat javasolt az amoxicillin alkalmaz\u00e1s\u00e1ra val\u00f3 alkalmass\u00e1g meg\u00e1llap\u00edt\u00e1s\u00e1ra. L\u00e9tfontoss\u00e1g\u00fa, hogy a betegek az Amoxicillin-kezel\u00e9s megkezd\u00e9se el\u0151tt t\u00e1j\u00e9koztass\u00e1k eg\u00e9szs\u00e9g\u00fcgyi szolg\u00e1ltat\u00f3jukat minden ismert gy\u00f3gyszerallergi\u00e1r\u00f3l.<\/p>\n<h2>Amoxicillin online v\u00e1s\u00e1rl\u00e1sa: mire kell vigy\u00e1zni<\/h2>\n<p>B\u00e1r a gy\u00f3gyszerek online v\u00e1s\u00e1rl\u00e1sa k\u00e9nyelmes lehet, kock\u00e1zatokkal j\u00e1r, k\u00fcl\u00f6n\u00f6sen a hiteless\u00e9g \u00e9s a biztons\u00e1g tekintet\u00e9ben. Alapvet\u0151 fontoss\u00e1g\u00fa, hogy az Amoxicillint olyan neves gy\u00f3gyszert\u00e1rakban v\u00e1s\u00e1rolja meg, ahol receptre van sz\u00fcks\u00e9g, mivel ez biztos\u00edtja a gy\u00f3gyszer jogszer\u0171s\u00e9g\u00e9t \u00e9s helyes adagol\u00e1s\u00e1t.<\/p>\n<p>A betegeknek \u00f3vakodniuk kell azokt\u00f3l az online forr\u00e1sokt\u00f3l, amelyek amoxicillint v\u00e9ny n\u00e9lk\u00fcl k\u00edn\u00e1lnak, mivel ezek gyakran nem szab\u00e1lyozottak, \u00e9s hamis vagy nem megfelel\u0151 term\u00e9keket k\u00edn\u00e1lnak. A gy\u00f3gyszert\u00e1r hiteles\u00edt\u0151 adatainak ellen\u0151rz\u00e9se \u00e9s a hat\u00f3s\u00e1gi enged\u00e9lyek ellen\u0151rz\u00e9se seg\u00edthet cs\u00f6kkenteni ezeket a kock\u00e1zatokat.<\/p>\n<h2>\u00c1ltal\u00e1nos vs. Amoxicillin m\u00e1rkan\u00e9v: melyiket v\u00e1lasszuk?<\/h2>\n<p>Az amoxicillin \u00e1ltal\u00e1nos \u00e9s m\u00e1rkanev\u0171 v\u00e1ltozatai is ugyanazt a hat\u00f3anyagot tartalmazz\u00e1k, \u00e9s szab\u00e1lyoz\u00e1suk biztos\u00edtja, hogy ugyanazon min\u0151s\u00e9gi el\u0151\u00edr\u00e1soknak megfeleljenek. Az els\u0151dleges k\u00fcl\u00f6nbs\u00e9g a k\u00f6lts\u00e9gekben rejlik, mivel a generikus gy\u00f3gyszerek \u00e1ltal\u00e1ban megfizethet\u0151bbek, mint a m\u00e1rkanev\u0171 t\u00e1rsaik.<\/p>\n<p>A betegek magabiztosan v\u00e1laszthatj\u00e1k a generikus amoxicillint k\u00f6lts\u00e9ghat\u00e9kony alternat\u00edvak\u00e9nt an\u00e9lk\u00fcl, hogy a min\u0151s\u00e9get vagy a hat\u00e9konys\u00e1got vesz\u00e9lyeztetn\u00e9k. Mindazon\u00e1ltal mindig tan\u00e1csos megbesz\u00e9lni egy eg\u00e9szs\u00e9g\u00fcgyi szolg\u00e1ltat\u00f3val, ha b\u00e1rmilyen konkr\u00e9t agg\u00e1lya vagy preferenci\u00e1ja van a gy\u00f3gyszerv\u00e1laszt\u00e1ssal kapcsolatban.<\/p>\n<h2>Amoxicillin rezisztencia: okok \u00e9s megel\u0151z\u00e9s<\/h2>\n<p>Az antibiotikum-rezisztencia, bele\u00e9rtve az amoxicillinnel szembeni rezisztenci\u00e1t is, egyre nagyobb gondot okoz az orvosi k\u00f6z\u00f6ss\u00e9gben. Akkor fordul el\u0151, amikor a bakt\u00e9riumok olyan mechanizmusokat fejlesztenek ki, amelyek ellen\u00e1llnak az antibiotikumok hat\u00e1s\u00e1nak, ami a kezel\u00e9sek hat\u00e9konys\u00e1g\u00e1t cs\u00f6kkenti. Az antibiotikumok t\u00falzott \u00e9s helytelen haszn\u00e1lata jelent\u0151sen hozz\u00e1j\u00e1rul ehhez a probl\u00e9m\u00e1hoz.<\/p>\n<p>A rezisztencia megel\u0151z\u00e9se mag\u00e1ban foglalja a megfelel\u0151 fel\u00edr\u00e1si gyakorlatot, az el\u0151\u00edrt adagok betart\u00e1s\u00e1t \u00e9s az antibiotikumok v\u00edrusfert\u0151z\u00e9sek eset\u00e9n t\u00f6rt\u00e9n\u0151 alkalmaz\u00e1s\u00e1nak elker\u00fcl\u00e9s\u00e9t. Az \u00faj antibiotikumok \u00e9s alternat\u00edv ter\u00e1pi\u00e1k folyamatos kutat\u00e1sa \u00e9s fejleszt\u00e9se szint\u00e9n kulcsfontoss\u00e1g\u00fa a rezisztencia elleni k\u00fczdelemben.<\/p>\n<h2>Amoxicillin h\u00e1zi\u00e1llatok sz\u00e1m\u00e1ra: biztons\u00e1gos??<\/h2>\n<p>Az amoxicillint n\u00e9ha h\u00e1zi\u00e1llatok, k\u00fcl\u00f6n\u00f6sen kuty\u00e1k \u00e9s macsk\u00e1k sz\u00e1m\u00e1ra \u00edrj\u00e1k fel bakteri\u00e1lis fert\u0151z\u00e9sek kezel\u00e9s\u00e9re. Az adagol\u00e1s \u00e9s a k\u00e9sz\u00edtm\u00e9ny azonban elt\u00e9rhet az emberekn\u00e9l alkalmazottakt\u00f3l. L\u00e9tfontoss\u00e1g\u00fa, hogy konzult\u00e1ljon egy \u00e1llatorvossal, miel\u0151tt az Amoxicillint beadn\u00e1 egy kis\u00e1llatnak a helyes adagol\u00e1s biztos\u00edt\u00e1sa \u00e9s a lehets\u00e9ges k\u00e1ros hat\u00e1sok elker\u00fcl\u00e9se \u00e9rdek\u00e9ben.<\/p>\n<p>A tulajdonosok soha ne adjanak h\u00e1zi\u00e1llatoknak emberi felhaszn\u00e1l\u00e1sra sz\u00e1nt amoxicillint \u00e1llatorvosi \u00fatmutat\u00e1s n\u00e9lk\u00fcl, mivel ez helytelen adagol\u00e1shoz vezethet, \u00e9s k\u00e1ros\u00edthatja az \u00e1llatot. Az \u00e1llatorvosi fel\u00fcgyelet biztos\u00edtja, hogy a kezel\u00e9s biztons\u00e1gos \u00e9s hat\u00e9kony legyen az adott h\u00e1zi\u00e1llat \u00e9s fert\u0151z\u00e9s eset\u00e9n.<\/p>\n<h2>Az amoxicillin alkalmaz\u00e1sa el\u0151tt konzult\u00e1ljon eg\u00e9szs\u00e9g\u00fcgyi szakemberrel<\/h2>\n<p>B\u00e1rmilyen antibiotikum, bele\u00e9rtve az amoxicillint is, megkezd\u00e9se el\u0151tt elengedhetetlen az eg\u00e9szs\u00e9g\u00fcgyi szakemberrel val\u00f3 konzult\u00e1ci\u00f3. Az eg\u00e9szs\u00e9g\u00fcgyi szolg\u00e1ltat\u00f3 felm\u00e9rheti az antibiotikum kezel\u00e9s sz\u00fcks\u00e9gess\u00e9g\u00e9t, meger\u0151s\u00edtheti a bakteri\u00e1lis fert\u0151z\u00e9s diagn\u00f3zis\u00e1t, \u00e9s meghat\u00e1rozhatja a legmegfelel\u0151bb gy\u00f3gyszert \u00e9s adagol\u00e1st.<\/p>\n<p>A konzult\u00e1ci\u00f3 sor\u00e1n fontos megbesz\u00e9lni az esetleges allergi\u00e1kat, a jelenlegi gy\u00f3gyszereket \u00e9s a k\u00f3rt\u00f6rt\u00e9netet, hogy elker\u00fclj\u00fck a lehets\u00e9ges k\u00f6lcs\u00f6nhat\u00e1sokat \u00e9s mell\u00e9khat\u00e1sokat. Ez a szakmai \u00fatmutat\u00f3 seg\u00edt az Amoxicillin biztons\u00e1gos \u00e9s hat\u00e9kony haszn\u00e1lat\u00e1nak biztos\u00edt\u00e1s\u00e1ban.<\/p>\n<h2>Az amoxicillin k\u00f6lts\u00e9ge \u00e9s a biztos\u00edt\u00e1si lehet\u0151s\u00e9gek<\/h2>\n<p>Az amoxicillin \u00e1ra az olyan t\u00e9nyez\u0151kt\u0151l f\u00fcgg\u0151en v\u00e1ltozhat, mint p\u00e9ld\u00e1ul az adagol\u00e1si forma, a mennyis\u00e9g, \u00e9s hogy a beteg \u00e1ltal\u00e1nos vagy m\u00e1rkanev\u0171 v\u00e1ltozatot v\u00e1laszt-e. A generikus amoxicillin \u00e1ltal\u00e1ban megfizethet\u0151bb, \u00edgy sok beteg sz\u00e1m\u00e1ra el\u00e9rhet\u0151 biztos\u00edt\u00e1s n\u00e9lk\u00fcl.<\/p>\n<p>A biztos\u00edt\u00e1ssal rendelkez\u0151k sz\u00e1m\u00e1ra az amoxicillin fedezete a biztos\u00edt\u00e1si terv saj\u00e1toss\u00e1gait\u00f3l f\u00fcgg. Sok terv fedezi a generikus antibiotikumokat, de b\u00f6lcs dolog, ha egyeztet a biztos\u00edt\u00f3val, hogy meg\u00e9rtse a fedezet m\u00e9rt\u00e9k\u00e9t \u00e9s a felmer\u00fcl\u0151 k\u00f6lts\u00e9geket. A biztos\u00edt\u00e1ssal nem rendelkez\u0151 betegek kedvezm\u00e9nyes programokat vagy gy\u00f3gyszert\u00e1ri kuponokat vehetnek ig\u00e9nybe a k\u00f6lts\u00e9gek cs\u00f6kkent\u00e9se \u00e9rdek\u00e9ben.<\/p>\n","protected":false},"excerpt":{"rendered":"<p>Minden, amit tudnia kell az Amoxicillin v\u00e1s\u00e1rl\u00e1sa el\u0151tt Az amoxicillin cs\u00ednj\u00e1t-b\u00ednj\u00e1t ismerve hozz\u00e1j\u00e1rulhat a biztons\u00e1gos \u00e9s hat\u00e9kony kezel\u00e9s biztos\u00edt\u00e1s\u00e1hoz, a hat\u00e1smechanizmus\u00e1t\u00f3l a lehets\u00e9ges mell\u00e9khat\u00e1sokig \u00e9s a t\u00e1rol\u00e1si tippekig. Mi az amoxicillin \u00e9s hogyan m\u0171k\u00f6dik? Az amoxicillin egy sz\u00e9les k\u00f6rben haszn\u00e1lt antibiotikum, amely a penicillin gy\u00f3gyszerek csoportj\u00e1ba tartozik. Kifejezetten a bakteri\u00e1lis fert\u0151z\u00e9sek lek\u00fczd\u00e9s\u00e9re tervezt\u00e9k a bakt\u00e9riumok [&hellip;]<\/p>\n","protected":false},"author":1,"featured_media":0,"parent":0,"menu_order":0,"comment_status":"closed","ping_status":"closed","template":"","meta":{"footnotes":""},"class_list":["post-94836","page","type-page","status-publish","hentry"],"_links":{"self":[{"href":"http:\/\/106.14.7.38\/index.php\/wp-json\/wp\/v2\/pages\/94836","targetHints":{"allow":["GET"]}}],"collection":[{"href":"http:\/\/106.14.7.38\/index.php\/wp-json\/wp\/v2\/pages"}],"about":[{"href":"http:\/\/106.14.7.38\/index.php\/wp-json\/wp\/v2\/types\/page"}],"author":[{"embeddable":true,"href":"http:\/\/106.14.7.38\/index.php\/wp-json\/wp\/v2\/users\/1"}],"replies":[{"embeddable":true,"href":"http:\/\/106.14.7.38\/index.php\/wp-json\/wp\/v2\/comments?post=94836"}],"version-history":[{"count":1,"href":"http:\/\/106.14.7.38\/index.php\/wp-json\/wp\/v2\/pages\/94836\/revisions"}],"predecessor-version":[{"id":94837,"href":"http:\/\/106.14.7.38\/index.php\/wp-json\/wp\/v2\/pages\/94836\/revisions\/94837"}],"wp:attachment":[{"href":"http:\/\/106.14.7.38\/index.php\/wp-json\/wp\/v2\/media?parent=94836"}],"curies":[{"name":"wp","href":"https:\/\/api.w.org\/{rel}","templated":true}]}}