{"id":95118,"date":"2026-03-24T09:37:02","date_gmt":"2026-03-24T09:37:02","guid":{"rendered":"http:\/\/106.14.7.38\/?page_id=95118"},"modified":"2026-03-24T09:37:02","modified_gmt":"2026-03-24T09:37:02","slug":"zrozumienie-zaburzen-erekcji-i-ich-przyczyn","status":"publish","type":"page","link":"http:\/\/106.14.7.38\/index.php\/zrozumienie-zaburzen-erekcji-i-ich-przyczyn\/","title":{"rendered":"Zrozumienie zaburze\u0144 erekcji i ich przyczyn"},"content":{"rendered":"<h1>Zmiany stylu \u017cycia wspieraj\u0105ce leczenie zaburze\u0144 erekcji (Wielka Brytania): co warto wiedzie\u0107 przed z\u0142o\u017ceniem zam\u00f3wienia online<\/h1>\n<p>Zrozumienie i uwzgl\u0119dnienie czynnik\u00f3w zwi\u0105zanych ze stylem \u017cycia mo\u017ce znacznie zwi\u0119kszy\u0107 skuteczno\u015b\u0107 leczenia zaburze\u0144 erekcji, zw\u0142aszcza je\u015bli rozwa\u017ca si\u0119 opcje online.<\/p>\n<h2>Zrozumienie zaburze\u0144 erekcji i ich przyczyn<\/h2>\n<p>Zaburzenia erekcji (ED) to cz\u0119sta przypad\u0142o\u015b\u0107, kt\u00f3ra dotyka znaczn\u0105 cz\u0119\u015b\u0107 m\u0119skiej populacji, szczeg\u00f3lnie tych w wieku powy\u017cej 40 lat. Charakteryzuje si\u0119 niemo\u017cno\u015bci\u0105 osi\u0105gni\u0119cia lub utrzymania erekcji wystarczaj\u0105cej do satysfakcjonuj\u0105cego odbycia stosunku p\u0142ciowego. Chocia\u017c zaburzenia erekcji mog\u0105 by\u0107 \u017ar\u00f3d\u0142em znacznego stresu, zrozumienie ich przyczyn ma kluczowe znaczenie dla skutecznego leczenia.<\/p>\n<p>Przyczyny zaburze\u0144 erekcji s\u0105 wieloaspektowe i cz\u0119sto obejmuj\u0105 kombinacj\u0119 czynnik\u00f3w fizycznych i psychologicznych. Do cz\u0119stych przyczyn fizycznych nale\u017c\u0105 choroby uk\u0142adu kr\u0105\u017cenia, cukrzyca, zaburzenia r\u00f3wnowagi hormonalnej i zaburzenia neurologiczne. Czynniki psychologiczne, takie jak stres, l\u0119k i depresja, r\u00f3wnie\u017c mog\u0105 odgrywa\u0107 znacz\u0105c\u0105 rol\u0119. Ponadto styl \u017cycia, taki jak palenie, spo\u017cywanie alkoholu i brak aktywno\u015bci fizycznej, mo\u017ce zaostrzy\u0107 stan.<\/p>\n<h2>Rola diety we wspieraniu leczenia zaburze\u0144 erekcji<\/h2>\n<p>Dieta odgrywa kluczow\u0105 rol\u0119 w leczeniu zaburze\u0144 erekcji. Spo\u017cywanie zbilansowanej diety bogatej w owoce, warzywa, produkty pe\u0142noziarniste i chude bia\u0142ka mo\u017ce poprawi\u0107 zdrowie uk\u0142adu kr\u0105\u017cenia, kt\u00f3re jest \u015bci\u015ble powi\u0105zane z funkcj\u0105 erekcji. Pokarmy bogate w przeciwutleniacze i kwasy t\u0142uszczowe omega-3, takie jak jagody i ryby, mog\u0105 poprawi\u0107 przep\u0142yw krwi i zmniejszy\u0107 stan zapalny.<\/p>\n<p>I odwrotnie, diety bogate w przetworzon\u0105 \u017cywno\u015b\u0107, cukry i t\u0142uszcze nasycone mog\u0105 przyczynia\u0107 si\u0119 do oty\u0142o\u015bci, nadci\u015bnienia i cukrzycy, a wszystkie te czynniki s\u0105 czynnikami ryzyka zaburze\u0144 erekcji. Dokonuj\u0105c \u015bwiadomych wybor\u00f3w \u017cywieniowych, ludzie mog\u0105 wspiera\u0107 sw\u00f3j og\u00f3lny stan zdrowia i potencjalnie poprawi\u0107 swoj\u0105 erekcj\u0119.<\/p>\n<h2>\u0106wiczenia i aktywno\u015b\u0107 fizyczna w leczeniu zaburze\u0144 erekcji<\/h2>\n<p>Regularna aktywno\u015b\u0107 fizyczna korzystnie wp\u0142ywa na popraw\u0119 erekcji i og\u00f3lnego zdrowia seksualnego. \u0106wiczenia poprawiaj\u0105 zdrowie uk\u0142adu kr\u0105\u017cenia, zwi\u0119kszaj\u0105 przep\u0142yw krwi i mog\u0105 pom\u00f3c zmniejszy\u0107 czynniki ryzyka zwi\u0105zane z zaburzeniami erekcji, takie jak oty\u0142o\u015b\u0107 i wysokie ci\u015bnienie krwi. Anga\u017cowanie si\u0119 w zaj\u0119cia aerobowe, takie jak spacery, jazda na rowerze lub p\u0142ywanie, przez co najmniej 30 minut dziennie, mo\u017ce znacznie z\u0142agodzi\u0107 objawy.<\/p>\n<p>\u0106wiczenia si\u0142owe mog\u0105 by\u0107 r\u00f3wnie\u017c korzystne, zwi\u0119kszaj\u0105c poziom testosteronu, co mo\u017ce pozytywnie wp\u0142ywa\u0107 na libido i erekcj\u0119. Ponadto regularne \u0107wiczenia mog\u0105 poprawi\u0107 zdrowie psychiczne poprzez zmniejszenie stresu i l\u0119ku, dodatkowo wspieraj\u0105c leczenie zaburze\u0144 erekcji.<\/p>\n<h2>Wp\u0142yw redukcji stresu na erekcj\u0119<\/h2>\n<p>Stres jest istotnym czynnikiem powoduj\u0105cym zaburzenia erekcji. Powoduje wydzielanie adrenaliny, kt\u00f3ra mo\u017ce zw\u0119\u017ca\u0107 naczynia krwiono\u015bne i utrudnia\u0107 przep\u0142yw krwi do pr\u0105cia. Przewlek\u0142y stres mo\u017ce r\u00f3wnie\u017c prowadzi\u0107 do l\u0119ku i depresji, co dodatkowo zaostrza objawy zaburze\u0144 erekcji.<\/p>\n<p>Wdro\u017cenie technik redukcji stresu, takich jak medytacja uwa\u017cno\u015bci, \u0107wiczenia g\u0142\u0119bokiego oddychania i joga, mo\u017ce pom\u00f3c z\u0142agodzi\u0107 wp\u0142yw stresu na erekcj\u0119. Wspieraj\u0105c relaksacj\u0119 i zmniejszaj\u0105c niepok\u00f3j, praktyki te mog\u0105 poprawi\u0107 og\u00f3lne samopoczucie psychiczne i przyczyni\u0107 si\u0119 do poprawy zdrowia seksualnego.<\/p>\n<h2>Wzorce snu i ich wp\u0142yw na zaburzenia erekcji<\/h2>\n<p>Jako\u015b\u0107 snu jest niezb\u0119dna do utrzymania zdrowej erekcji. Zaburzenia snu, takie jak bezsenno\u015b\u0107 i bezdech senny, powi\u0105zano ze zwi\u0119kszonym ryzykiem zaburze\u0144 erekcji. Z\u0142y sen mo\u017ce prowadzi\u0107 do zaburze\u0144 r\u00f3wnowagi hormonalnej, szczeg\u00f3lnie wp\u0142ywaj\u0105cych na poziom testosteronu, kt\u00f3ry ma kluczowe znaczenie dla funkcji seksualnych.<\/p>\n<p>Ustalenie regularnej rutyny snu, zapewnienie <a href=\"https:\/\/apteka-online-24.pl\/\">Apteka Online<\/a> komfortowego \u015brodowiska snu i zaj\u0119cie si\u0119 wszelkimi podstawowymi zaburzeniami snu mo\u017ce pom\u00f3c poprawi\u0107 jako\u015b\u0107 snu. Odpowiedni sen mo\u017ce poprawi\u0107 nastr\u00f3j, zwi\u0119kszy\u0107 poziom energii i przyczyni\u0107 si\u0119 do lepszego og\u00f3lnego stanu zdrowia, wspieraj\u0105c w ten spos\u00f3b erekcj\u0119.<\/p>\n<h2>Korzy\u015bci z rzucenia palenia w przypadku zaburze\u0144 erekcji<\/h2>\n<p>Palenie jest dobrze znanym czynnikiem ryzyka zaburze\u0144 erekcji. Substancje chemiczne zawarte w papierosach mog\u0105 uszkadza\u0107 naczynia krwiono\u015bne i ogranicza\u0107 przep\u0142yw krwi, co jest kluczowe dla osi\u0105gni\u0119cia i utrzymania erekcji. Rzucenie palenia mo\u017ce poprawi\u0107 zdrowie uk\u0142adu kr\u0105\u017cenia i poprawi\u0107 erekcj\u0119.<\/p>\n<p>Badania sugeruj\u0105, \u017ce korzy\u015bci z rzucenia palenia mo\u017cna dostrzec stosunkowo szybko, a poprawa erekcji cz\u0119sto nast\u0119puje w ci\u0105gu kilku miesi\u0119cy. Wsparcie ze strony pracownik\u00f3w s\u0142u\u017cby zdrowia, nikotynowe terapie zast\u0119pcze i strategie behawioralne mog\u0105 pom\u00f3c osobom w skutecznym rzuceniu palenia.<\/p>\n<h2>Konsumpcja alkoholu: znalezienie r\u00f3wnowagi<\/h2>\n<p>Chocia\u017c umiarkowane spo\u017cycie alkoholu mo\u017ce nie wp\u0142ywa\u0107 znacz\u0105co na erekcj\u0119, nadmierne picie mo\u017ce prowadzi\u0107 do zaburze\u0144 erekcji. Alkohol dzia\u0142a uspokajaj\u0105co, co mo\u017ce zak\u0142\u00f3ca\u0107 podniecenie seksualne i wydajno\u015b\u0107. Z biegiem czasu intensywne picie mo\u017ce powodowa\u0107 brak r\u00f3wnowagi hormonalnej i uszkodzenie nerw\u00f3w, co dodatkowo przyczynia si\u0119 do zaburze\u0144 erekcji.<\/p>\n<p>Znalezienie r\u00f3wnowagi poprzez ograniczenie spo\u017cycia alkoholu do umiarkowanego poziomu mo\u017ce pom\u00f3c w utrzymaniu zar\u00f3wno og\u00f3lnego stanu zdrowia, jak i funkcji seksualnych. Zgodnie z wytycznymi zdrowotnymi oznacza to zazwyczaj do dw\u00f3ch drink\u00f3w dziennie w przypadku m\u0119\u017cczyzn. \u015awiadomo\u015b\u0107 spo\u017cycia alkoholu mo\u017ce zapobiec d\u0142ugotrwa\u0142ym problemom zdrowotnym i wspiera\u0107 zdrowie erekcji.<\/p>\n<h2>Znaczenie zdrowia psychicznego w leczeniu zaburze\u0144 erekcji<\/h2>\n<p>Zdrowie psychiczne jest kluczowym elementem w leczeniu zaburze\u0144 erekcji. Czynniki psychologiczne, takie jak depresja, l\u0119k i niska samoocena, mog\u0105 znacz\u0105co wp\u0142ywa\u0107 na funkcje seksualne. Rozwi\u0105zanie tych problem\u00f3w poprzez terapi\u0119 lub poradnictwo mo\u017ce stanowi\u0107 integraln\u0105 cz\u0119\u015b\u0107 leczenia zaburze\u0144 erekcji.<\/p>\n<p>Terapia poznawczo-behawioralna (CBT) i inne podej\u015bcia terapeutyczne mog\u0105 pom\u00f3c jednostkom upora\u0107 si\u0119 z negatywnymi wzorcami my\u015blenia oraz poprawi\u0107 samoocen\u0119 i pewno\u015b\u0107 siebie. Stawiaj\u0105c na pierwszym miejscu zdrowie psychiczne, jednostki mog\u0105 poprawi\u0107 og\u00f3ln\u0105 jako\u015b\u0107 \u017cycia i poprawi\u0107 swoje zdrowie seksualne.<\/p>\n<h2>Jak kontrola wagi mo\u017ce poprawi\u0107 funkcj\u0119 erekcji<\/h2>\n<p>Utrzymanie prawid\u0142owej wagi jest niezb\u0119dne w zapobieganiu i leczeniu zaburze\u0144 erekcji. Oty\u0142o\u015b\u0107 wi\u0105\u017ce si\u0119 z kilkoma problemami zdrowotnymi, takimi jak cukrzyca i choroby uk\u0142adu kr\u0105\u017cenia, kt\u00f3re s\u0105 g\u0142\u00f3wnymi czynnikami ryzyka zaburze\u0144 erekcji. Utrata nadwagi mo\u017ce poprawi\u0107 wra\u017cliwo\u015b\u0107 na insulin\u0119, zmniejszy\u0107 stan zapalny i poprawi\u0107 przep\u0142yw krwi.<\/p>\n<p>Przyj\u0119cie zdrowego stylu \u017cycia obejmuj\u0105cego zbilansowan\u0105 diet\u0119 i regularn\u0105 aktywno\u015b\u0107 fizyczn\u0105 mo\u017ce pom\u00f3c w kontrolowaniu masy cia\u0142a. Nawet niewielka utrata masy cia\u0142a mo\u017ce prowadzi\u0107 do znacznej poprawy erekcji i og\u00f3lnego stanu zdrowia.<\/p>\n<h2>Naturalne suplementy i ich skuteczno\u015b\u0107 w leczeniu zaburze\u0144 erekcji<\/h2>\n<p>Wiele os\u00f3b poszukuje naturalnych suplement\u00f3w wspomagaj\u0105cych leczenie zaburze\u0144 erekcji. Suplementy takie jak L-arginina, \u017ce\u0144-sze\u0144 i johimbina s\u0105 cz\u0119sto reklamowane ze wzgl\u0119du na ich potencjalne korzy\u015bci w zakresie poprawy erekcji poprzez popraw\u0119 przep\u0142ywu krwi i zwi\u0119kszenie poziomu tlenku azotu.<\/p>\n<p>Jednak skuteczno\u015b\u0107 i bezpiecze\u0144stwo tych suplement\u00f3w mo\u017ce si\u0119 r\u00f3\u017cni\u0107 i mog\u0105 wchodzi\u0107 w interakcje z innymi lekami. Przed w\u0142\u0105czeniem jakichkolwiek suplement\u00f3w do schematu leczenia nale\u017cy koniecznie skonsultowa\u0107 si\u0119 z pracownikami s\u0142u\u017cby zdrowia, aby upewni\u0107 si\u0119, \u017ce s\u0105 one odpowiednie i bezpieczne.<\/p>\n<h2>Rola dynamiki relacji w zdrowiu seksualnym<\/h2>\n<p>Zdrowa dynamika relacji mo\u017ce znacz\u0105co wp\u0142yn\u0105\u0107 na zdrowie seksualne i erekcj\u0119. Komunikacja i wzajemne zrozumienie mi\u0119dzy partnerami mog\u0105 z\u0142agodzi\u0107 niepok\u00f3j i stres, kt\u00f3re s\u0105 cz\u0119stymi przyczynami zaburze\u0144 erekcji.<\/p>\n<p>Terapia par lub poradnictwo dotycz\u0105ce relacji mog\u0105 pom\u00f3c partnerom rozwi\u0105za\u0107 podstawowe problemy, poprawi\u0107 intymno\u015b\u0107 i wzmocni\u0107 ich wi\u0119\u017a emocjonaln\u0105. Wspieraj\u0105cy i otwarty zwi\u0105zek mo\u017ce zwi\u0119kszy\u0107 satysfakcj\u0119 seksualn\u0105 i przyczyni\u0107 si\u0119 do lepszej erekcji.<\/p>\n<h2>Obawy dotycz\u0105ce bezpiecze\u0144stwa podczas zamawiania zabieg\u00f3w ED przez Internet<\/h2>\n<p>Zamawianie lek\u00f3w na zaburzenia erekcji online mo\u017ce zapewni\u0107 wygod\u0119 i prywatno\u015b\u0107. Jednak\u017ce stwarza to r\u00f3wnie\u017c powa\u017cne obawy dotycz\u0105ce bezpiecze\u0144stwa. Internet jest pe\u0142en podrabianych lek\u00f3w, kt\u00f3re mog\u0105 by\u0107 nieskuteczne lub szkodliwe.<\/p>\n<p>Aby si\u0119 zabezpieczy\u0107, nale\u017cy zachowa\u0107 ostro\u017cno\u015b\u0107 i unika\u0107 zakup\u00f3w z niezweryfikowanych \u017ar\u00f3de\u0142. Zapewnienie autentyczno\u015bci i bezpiecze\u0144stwa terapii zaburze\u0144 erekcji ma kluczowe znaczenie dla unikni\u0119cia dzia\u0142a\u0144 niepo\u017c\u0105danych i zapewnienia skutecznego leczenia choroby.<\/p>\n<h2>Rozpoznawanie legalnych aptek internetowych<\/h2>\n<p>Identyfikacja legalnych aptek internetowych jest niezb\u0119dna do bezpiecznego i skutecznego leczenia zaburze\u0144 erekcji. Autentyczne apteki powinny posiada\u0107 licencj\u0119, wymaga\u0107 recepty i zapewnia\u0107 dost\u0119p do farmaceut\u00f3w w celu konsultacji.<\/p>\n<p>W Wielkiej Brytanii sprawdzenie rejestracji w General Pharmaceutical Council (GPhC) mo\u017ce pom\u00f3c w zweryfikowaniu legalno\u015bci apteki internetowej. Rozpoznanie tych wska\u017anik\u00f3w mo\u017ce zapewni\u0107, \u017ce dana osoba otrzyma oryginalne i bezpieczne leki na sw\u00f3j stan.<\/p>\n<h2>Konsultacje z pracownikami s\u0142u\u017cby zdrowia przed dokonaniem zakup\u00f3w online<\/h2>\n<p>Konsultacja z pracownikami s\u0142u\u017cby zdrowia to kluczowy krok przed zakupem lek\u00f3w na zaburzenia erekcji w Internecie. Dok\u0142adna ocena mo\u017ce pom\u00f3c w ustaleniu przyczyn zaburze\u0144 erekcji i okre\u015bleniu najodpowiedniejszych opcji leczenia.<\/p>\n<p>Pracownicy s\u0142u\u017cby zdrowia mog\u0105 udzieli\u0107 wskaz\u00f3wek dotycz\u0105cych bezpiecznych i skutecznych metod leczenia, w tym wszelkich potencjalnych interakcji z istniej\u0105cymi lekami. Dzi\u0119ki temu poszczeg\u00f3lne osoby podejmuj\u0105 \u015bwiadome decyzje i otrzymuj\u0105 opiek\u0119 dostosowan\u0105 do ich stanu zdrowia.<\/p>\n<h2>Integracja zmian stylu \u017cycia z leczeniem zaburze\u0144 erekcji<\/h2>\n<p>Po\u0142\u0105czenie zmian stylu \u017cycia z leczeniem mo\u017ce zwi\u0119kszy\u0107 skuteczno\u015b\u0107 leczenia zaburze\u0144 erekcji. Chocia\u017c leki takie jak inhibitory PDE5 s\u0105 powszechnie przepisywane, mog\u0105 dzia\u0142a\u0107 najlepiej, gdy zostan\u0105 uzupe\u0142nione o zdrowy styl \u017cycia.<\/p>\n<p>Przyj\u0119cie holistycznego podej\u015bcia obejmuj\u0105cego diet\u0119, \u0107wiczenia, radzenie sobie ze stresem i opiek\u0119 psychiatryczn\u0105 mo\u017ce poprawi\u0107 og\u00f3lny stan zdrowia i samopoczucie. Uwzgl\u0119dniaj\u0105c zar\u00f3wno styl \u017cycia, jak i aspekty medyczne, jednostki mog\u0105 osi\u0105gn\u0105\u0107 lepsze wyniki i poprawi\u0107 jako\u015b\u0107 swojego \u017cycia.<\/p>\n","protected":false},"excerpt":{"rendered":"<p>Zmiany stylu \u017cycia wspieraj\u0105ce leczenie zaburze\u0144 erekcji (Wielka Brytania): co warto wiedzie\u0107 przed z\u0142o\u017ceniem zam\u00f3wienia online Zrozumienie i uwzgl\u0119dnienie czynnik\u00f3w zwi\u0105zanych ze stylem \u017cycia mo\u017ce znacznie zwi\u0119kszy\u0107 skuteczno\u015b\u0107 leczenia zaburze\u0144 erekcji, zw\u0142aszcza je\u015bli rozwa\u017ca si\u0119 opcje online. Zrozumienie zaburze\u0144 erekcji i ich przyczyn Zaburzenia erekcji (ED) to cz\u0119sta przypad\u0142o\u015b\u0107, kt\u00f3ra dotyka znaczn\u0105 cz\u0119\u015b\u0107 m\u0119skiej populacji, [&hellip;]<\/p>\n","protected":false},"author":1,"featured_media":0,"parent":0,"menu_order":0,"comment_status":"closed","ping_status":"closed","template":"","meta":{"footnotes":""},"class_list":["post-95118","page","type-page","status-publish","hentry"],"_links":{"self":[{"href":"http:\/\/106.14.7.38\/index.php\/wp-json\/wp\/v2\/pages\/95118","targetHints":{"allow":["GET"]}}],"collection":[{"href":"http:\/\/106.14.7.38\/index.php\/wp-json\/wp\/v2\/pages"}],"about":[{"href":"http:\/\/106.14.7.38\/index.php\/wp-json\/wp\/v2\/types\/page"}],"author":[{"embeddable":true,"href":"http:\/\/106.14.7.38\/index.php\/wp-json\/wp\/v2\/users\/1"}],"replies":[{"embeddable":true,"href":"http:\/\/106.14.7.38\/index.php\/wp-json\/wp\/v2\/comments?post=95118"}],"version-history":[{"count":1,"href":"http:\/\/106.14.7.38\/index.php\/wp-json\/wp\/v2\/pages\/95118\/revisions"}],"predecessor-version":[{"id":95119,"href":"http:\/\/106.14.7.38\/index.php\/wp-json\/wp\/v2\/pages\/95118\/revisions\/95119"}],"wp:attachment":[{"href":"http:\/\/106.14.7.38\/index.php\/wp-json\/wp\/v2\/media?parent=95118"}],"curies":[{"name":"wp","href":"https:\/\/api.w.org\/{rel}","templated":true}]}}